{"id":78,"date":"2024-08-29T15:31:24","date_gmt":"2024-08-29T12:31:24","guid":{"rendered":"https:\/\/iddef.eu\/?page_id=78"},"modified":"2025-04-09T11:59:38","modified_gmt":"2025-04-09T08:59:38","slug":"spendemoeglichkeit","status":"publish","type":"page","link":"https:\/\/iddef.eu\/tr\/spendemoeglichkeit\/","title":{"rendered":"\u00d6deme se\u00e7enekleri"},"content":{"rendered":"<div class=\"wp-block-columns is-layout-flex wp-container-core-columns-is-layout-9d6595d7 wp-block-columns-is-layout-flex\">\n<div class=\"wp-block-column is-layout-flow wp-block-column-is-layout-flow\" style=\"flex-basis:66.66%\">\n<p>Ba\u011f\u0131\u015f\u0131n\u0131z\u0131n d\u00fczg\u00fcn bir \u015fekilde kay\u0131t alt\u0131na al\u0131nabilmesi i\u00e7in l\u00fctfen ad\u0131n\u0131z\u0131, telefon numaran\u0131z\u0131 ve ba\u011f\u0131\u015f t\u00fcr\u00fcn\u00fcz\u00fc a\u00e7\u0131klama alan\u0131la ekleyin.<\/p>\n\n\n\n<p>\u00d6rnek: <br>Ahmet Y\u0131lmaz, 017212345678, Su kuyu<br>Mehmet Y\u0131lmaz, 017212345678, acil kurban<\/p>\n\n\n\n<p><strong>Hesap ayr\u0131nt\u0131lar\u0131:<\/strong><br>Al\u0131c\u0131: Iddef Europe gUG<br>IBAN: <br>Swift: <\/p>\n\n\n\n<p><strong>Paypal: <\/strong><br><\/p>\n\n\n\n<p>PayPal ile ba\u011f\u0131\u015f:<br>Ba\u011f\u0131\u015flar\u0131 PayPal arac\u0131l\u0131\u011f\u0131yla kabul ediyoruz ancak ilgili maliyetleri\u00b9 belirtmek isteriz; bunlar \u00fczerinde hi\u00e7bir etkimiz yoktur: Bir yard\u0131m kurulu\u015fu olarak ayr\u0131cal\u0131kl\u0131 ko\u015fullar\u0131m\u0131za ra\u011fmen, PayPal h\u00e2l\u00e2 her ba\u011f\u0131\u015ftan 0,35 Euro art\u0131 ba\u011f\u0131\u015f tutar\u0131n\u0131n %2,49'unu kesmektedir. PayPal sayfam\u0131za gitmek i\u00e7in buraya t\u0131klay\u0131n: https:\/\/www.paypal.me\/??????<\/p>\n\n\n\n<p>\u00b9 \u00d6rnek hesaplama: PayPal arac\u0131l\u0131\u011f\u0131yla yap\u0131lan 100 euroluk ba\u011f\u0131\u015ftan h\u00e2l\u00e2 97,16 euro al\u0131yoruz. 20 avroluk ba\u011f\u0131\u015ftan h\u00e2l\u00e2 19,15 avro al\u0131yoruz; PayPal 2 avroluk ba\u011f\u0131\u015f\u0131n neredeyse 40 sentini al\u0131yor.<\/p>\n\n\n\n<p><strong>Kredi kart\u0131:<\/strong><\/p>\n\n\n\n<p>Kurban: Iddef'e kurban\u0131m\u0131 kesme yetkisi veriyorum<\/p>\n<\/div>\n\n\n\n<div class=\"wp-block-column is-vertically-aligned-top is-layout-flow wp-block-column-is-layout-flow\" style=\"flex-basis:70%\">\n<figure class=\"wp-block-table aligncenter\"><table><tbody><tr><td><strong>Nazik<\/strong><\/td><td class=\"has-text-align-center\" data-align=\"center\"><strong>Orta<\/strong><\/td><td class=\"has-text-align-right\" data-align=\"right\"><strong>Miktar<\/strong><\/td><\/tr><tr><td>G\u00fcncel eylem<\/td><td class=\"has-text-align-center\" data-align=\"center\">Payla\u015f<\/td><td class=\"has-text-align-right\" data-align=\"right\">20 \u20ac<\/td><\/tr><tr><td>Acil yard\u0131m fonu<\/td><td class=\"has-text-align-center\" data-align=\"center\">Payla\u015f<\/td><td class=\"has-text-align-right\" data-align=\"right\">20 \u20ac<\/td><\/tr><tr><td>Acil \u00e7ad\u0131r fonu<\/td><td class=\"has-text-align-center\" data-align=\"center\">Par\u00e7a<\/td><td class=\"has-text-align-right\" data-align=\"right\">??? \u20ac<\/td><\/tr><tr><td>Acil Kurban <\/td><td class=\"has-text-align-center\" data-align=\"center\">Koyun\/ke\u00e7i<\/td><td class=\"has-text-align-right\" data-align=\"right\">120 \u20ac<\/td><\/tr><tr><td>kurban<br>Adak<br>Sadaka<br>Akika<br>\u015e\u00fck\u00fcr<br>Ruhuna  <\/td><td class=\"has-text-align-center\" data-align=\"center\">Koyun\/ke\u00e7i<\/td><td class=\"has-text-align-right\" data-align=\"right\">100 \u20ac<\/td><\/tr><tr><td>kurban<br>Adak<br>Sadaka<br>Akika<br>\u015e\u00fck\u00fcr<br>Ruhuna  <\/td><td class=\"has-text-align-center\" data-align=\"center\">Bir ine\u011fin 1\/7 hissesi<\/td><td class=\"has-text-align-right\" data-align=\"right\">90 \u20ac<\/td><\/tr><tr><td>Zekat<\/td><td class=\"has-text-align-center\" data-align=\"center\">Hesap Makinesi<\/td><td class=\"has-text-align-right\" data-align=\"right\">l\u00fctfen bas\u0131n<\/td><\/tr><tr><td>\u0130ftar<\/td><td class=\"has-text-align-center\" data-align=\"center\">Ki\u015fi<\/td><td class=\"has-text-align-right\" data-align=\"right\">10 \u20ac<\/td><\/tr><tr><td>Fitre<\/td><td class=\"has-text-align-center\" data-align=\"center\">Ki\u015fi<\/td><td class=\"has-text-align-right\" data-align=\"right\">10 \u20ac<\/td><\/tr><tr><td>Fidye fidyesi<\/td><td class=\"has-text-align-center\" data-align=\"center\">G\u00fcn<\/td><td class=\"has-text-align-right\" data-align=\"right\">10 \u20ac<\/td><\/tr><tr><td>Bayram hediyesi<\/td><td class=\"has-text-align-center\" data-align=\"center\"><\/td><td class=\"has-text-align-right\" data-align=\"right\">15 \u20ac<\/td><\/tr><tr><td>Su \u00e7e\u015fmesi<\/td><td class=\"has-text-align-center\" data-align=\"center\">Fiyat<\/td><td class=\"has-text-align-right\" data-align=\"right\">l\u00fctfen bas\u0131n<\/td><\/tr><tr><td>Yetim sponsorlu\u011fu<\/td><td class=\"has-text-align-center\" data-align=\"center\">Y\u0131l<\/td><td class=\"has-text-align-right\" data-align=\"right\">280 \u20ac<\/td><\/tr><tr><td>\u00d6\u011frenci sponsorlu\u011fu<\/td><td class=\"has-text-align-center\" data-align=\"center\">Y\u0131l<\/td><td class=\"has-text-align-right\" data-align=\"right\">250 \u20ac<\/td><\/tr><tr><td>\u00d6\u011fretmen sponsorlu\u011fu<\/td><td class=\"has-text-align-center\" data-align=\"center\">Y\u0131l<\/td><td class=\"has-text-align-right\" data-align=\"right\">350 \u20ac<\/td><\/tr><tr><td>\u00d6\u011fretim materyali<\/td><td class=\"has-text-align-center\" data-align=\"center\">\u00d6\u011frenciler<\/td><td class=\"has-text-align-right\" data-align=\"right\">10 \u20ac<\/td><\/tr><tr><td>E\u011fitim yard\u0131m\u0131<\/td><td class=\"has-text-align-center\" data-align=\"center\">\u00d6\u011frenciler<\/td><td class=\"has-text-align-right\" data-align=\"right\">5 \u20ac<\/td><\/tr><tr><td>Kuran-\u0131 Kerim hediyesi<\/td><td class=\"has-text-align-center\" data-align=\"center\">Par\u00e7a<\/td><td class=\"has-text-align-right\" data-align=\"right\">5 \u20ac<\/td><\/tr><tr><td>Ge\u00e7im \u00f6dene\u011fi<\/td><td class=\"has-text-align-center\" data-align=\"center\">Ke\u00e7i<\/td><td class=\"has-text-align-right\" data-align=\"right\">120 \u20ac<\/td><\/tr><tr><td>A\u011fa\u00e7 fidesi<\/td><td class=\"has-text-align-center\" data-align=\"center\">Par\u00e7a<\/td><td class=\"has-text-align-right\" data-align=\"right\">5 \u20ac<\/td><\/tr><tr><td>S\u00fcnnet<\/td><td class=\"has-text-align-center\" data-align=\"center\">M\u00fcsl\u00fcman<\/td><td class=\"has-text-align-right\" data-align=\"right\">10  \u20ac<\/td><\/tr><tr><td>Cami in\u015faat\u0131<\/td><td class=\"has-text-align-center\" data-align=\"center\">Ba\u011f\u0131\u015f havuzu<\/td><td class=\"has-text-align-right\" data-align=\"right\"><\/td><\/tr><tr><td>Bas\u0131n in\u015faat\u0131<\/td><td class=\"has-text-align-center\" data-align=\"center\"><br>Ba\u011f\u0131\u015f havuzu<\/td><td class=\"has-text-align-right\" data-align=\"right\"><\/td><\/tr><tr><td>Yetimhane<\/td><td class=\"has-text-align-center\" data-align=\"center\">Ba\u011f\u0131\u015f havuzu<\/td><td class=\"has-text-align-right\" data-align=\"right\"><\/td><\/tr><tr><td>WC<\/td><td class=\"has-text-align-center\" data-align=\"center\">St<\/td><td class=\"has-text-align-right\" data-align=\"right\">??? \u20ac<\/td><\/tr><tr><td>Abdest\/Wuduplatz<\/td><td class=\"has-text-align-center\" data-align=\"center\">St<\/td><td class=\"has-text-align-right\" data-align=\"right\">??? \u20ac<\/td><\/tr><tr><td>Briket evi<\/td><td class=\"has-text-align-center\" data-align=\"center\">St<\/td><td class=\"has-text-align-right\" data-align=\"right\">???\u20ac<\/td><\/tr><tr><td><\/td><td class=\"has-text-align-center\" data-align=\"center\"><\/td><td class=\"has-text-align-right\" data-align=\"right\"><\/td><\/tr><tr><td><\/td><td class=\"has-text-align-center\" data-align=\"center\"><\/td><td class=\"has-text-align-right\" data-align=\"right\"><\/td><\/tr><tr><td><\/td><td class=\"has-text-align-center\" data-align=\"center\"><\/td><td class=\"has-text-align-right\" data-align=\"right\"><\/td><\/tr><tr><td><\/td><td class=\"has-text-align-center\" data-align=\"center\"><\/td><td class=\"has-text-align-right\" data-align=\"right\"><\/td><\/tr><\/tbody><\/table><\/figure>\n<\/div>\n<\/div>\n\n\n\n<p><\/p>\n\n\n\n<style>\n.wp-block-table td, .wp-block-table th {\nborder: 6px solid #e9e9e9\n}\n<\/style>\n\n\n\n<p><\/p>","protected":false},"excerpt":{"rendered":"<p>Bitte geben Sie in jedem Fall im Verwendungszweck Ihre Namen, Telefonnummer und die Art Ihrer Spende an, damit Ihre Zuwendung ordnungsgem\u00e4\u00df verbuchen k\u00f6nnen. Beispiel: Ahmet Y\u0131lmaz, 017212345678, WasserbrunnenMehmet Y\u0131lmaz, 017212345678, Sofortopfer Bankverbindung:Empf\u00e4nger: Iddef Europa gUGIBAN: Swift: Paypal: Mit PayPal spenden!Auf vielfachen Wunsch nehmen wir inzwischen auch Spenden via PayPal entgegen, [&hellip;]<\/p>\n","protected":false},"author":2,"featured_media":0,"parent":0,"menu_order":0,"comment_status":"closed","ping_status":"closed","template":"page-templates\/template-fullwidth.php","meta":{"footnotes":""},"class_list":["post-78","page","type-page","status-publish","hentry"],"_links":{"self":[{"href":"https:\/\/iddef.eu\/tr\/wp-json\/wp\/v2\/pages\/78","targetHints":{"allow":["GET"]}}],"collection":[{"href":"https:\/\/iddef.eu\/tr\/wp-json\/wp\/v2\/pages"}],"about":[{"href":"https:\/\/iddef.eu\/tr\/wp-json\/wp\/v2\/types\/page"}],"author":[{"embeddable":true,"href":"https:\/\/iddef.eu\/tr\/wp-json\/wp\/v2\/users\/2"}],"replies":[{"embeddable":true,"href":"https:\/\/iddef.eu\/tr\/wp-json\/wp\/v2\/comments?post=78"}],"version-history":[{"count":31,"href":"https:\/\/iddef.eu\/tr\/wp-json\/wp\/v2\/pages\/78\/revisions"}],"predecessor-version":[{"id":1519,"href":"https:\/\/iddef.eu\/tr\/wp-json\/wp\/v2\/pages\/78\/revisions\/1519"}],"wp:attachment":[{"href":"https:\/\/iddef.eu\/tr\/wp-json\/wp\/v2\/media?parent=78"}],"curies":[{"name":"wp","href":"https:\/\/api.w.org\/{rel}","templated":true}]}}