{"id":594,"date":"2024-10-08T11:53:06","date_gmt":"2024-10-08T08:53:06","guid":{"rendered":"https:\/\/iddef.eu\/?page_id=594"},"modified":"2025-02-04T17:33:34","modified_gmt":"2025-02-04T14:33:34","slug":"briketthaus-leichtbauhaus","status":"publish","type":"page","link":"https:\/\/iddef.eu\/tr\/briketthaus-leichtbauhaus\/","title":{"rendered":"Briket evi"},"content":{"rendered":"<p>\u0130nsanlar\u0131n bir kriz veya felaket sonras\u0131nda h\u0131zla s\u0131cak bir yuvaya kavu\u015fabilmeleri i\u00e7in 3.000'den fazla briket ev in\u015fa ettik. \u201c\u0130dlib 100.000 briket ev\u201d hedefiyle ba\u015flat\u0131lan projeye destek vererek 2.390 briket ev in\u015fa etmeye devam ediyoruz. Gerekirse ba\u015fka b\u00f6lgelerde de bu briket evleri yap\u0131yoruz.<\/p>\n\n\n\n<p><code><div id=\"envira-gallery-wrap-1112\" class=\"envira-gallery-wrap envira-gallery-theme-base envira-lightbox-theme-base\" itemscope itemtype=\"https:\/\/schema.org\/ImageGallery\"><div data-row-height=\"150\" data-gallery-theme=\"normal\" id=\"envira-gallery-1112\" class=\"envira-gallery-public envira-gallery-justified-public envira-gallery-0-columns envira-clear enviratope envira-gallery-css-animations\" data-envira-columns=\"0\"><div id=\"envira-gallery-item-1138\" class=\"envira-gallery-item enviratope-item envira-gallery-item-1 envira-lazy-load\" style=\"padding-left: 5px; padding-bottom: 10px; padding-right: 5px;\"  itemscope itemtype=\"https:\/\/schema.org\/ImageObject\"><div class=\"envira-gallery-item-inner\"><div class=\"envira-gallery-position-overlay  envira-gallery-top-left\"><\/div><div class=\"envira-gallery-position-overlay  envira-gallery-top-right\"><\/div><div class=\"envira-gallery-position-overlay  envira-gallery-bottom-left\"><\/div><div class=\"envira-gallery-position-overlay  envira-gallery-bottom-right\"><\/div><a href=\"https:\/\/mlwq2qtlvxee.i.optimole.com\/w:auto\/h:auto\/q:mauto\/ig:avif\/https:\/\/iddef.eu\/wp-content\/uploads\/2024\/12\/2022_06_02_11_59_04_MoYcAePX0QmlR3G.jpg\" class=\"envira-gallery-1112 envira-gallery-link\" rel=\"enviragallery1112\" title=\"2022_06_02_11_59_04_MoYcAePX0QmlR3G\" data-envira-caption=\"2022_06_02_11_59_04_MoYcAePX0QmlR3G\" data-envira-retina=\"\" data-thumbnail=\"\"  itemprop=\"contentUrl\"><img data-opt-id=1748358406  fetchpriority=\"high\" decoding=\"async\" id=\"envira-gallery-image-1138\" class=\"envira-gallery-image envira-gallery-image-1 envira-normal envira-lazy\" data-envira-index=\"1\" src=\"https:\/\/mlwq2qtlvxee.i.optimole.com\/w:1024\/h:576\/q:mauto\/ig:avif\/https:\/\/iddef.eu\/wp-content\/uploads\/2024\/12\/2022_06_02_11_59_04_MoYcAePX0QmlR3G.jpg\" data-envira-src=\"https:\/\/mlwq2qtlvxee.i.optimole.com\/w:1024\/h:576\/q:mauto\/ig:avif\/https:\/\/iddef.eu\/wp-content\/uploads\/2024\/12\/2022_06_02_11_59_04_MoYcAePX0QmlR3G.jpg\" data-envira-gallery-id=\"1112\" data-envira-item-id=\"1138\" data-envira-caption=\"2022_06_02_11_59_04_MoYcAePX0QmlR3G\" alt=\"\" title=\"2022_06_02_11_59_04_MoYcAePX0QmlR3G\"  itemprop=\"thumbnailUrl\" data-envira-srcset=\"https:\/\/mlwq2qtlvxee.i.optimole.com\/w:1024\/h:576\/q:mauto\/ig:avif\/https:\/\/iddef.eu\/wp-content\/uploads\/2024\/12\/2022_06_02_11_59_04_MoYcAePX0QmlR3G.jpg 400w,https:\/\/mlwq2qtlvxee.i.optimole.com\/w:1024\/h:576\/q:mauto\/ig:avif\/https:\/\/iddef.eu\/wp-content\/uploads\/2024\/12\/2022_06_02_11_59_04_MoYcAePX0QmlR3G.jpg 2x\" data-envira-width=\"300\" data-envira-height=\"169\" srcset=\"data:image\/gif;base64,R0lGODlhAQABAIAAAP\/\/\/\/\/\/\/yH5BAEKAAEALAAAAAABAAEAAAICTAEAOw==\" data-safe-src=\"data:image\/gif;base64,R0lGODlhAQABAIAAAP\/\/\/\/\/\/\/yH5BAEKAAEALAAAAAABAAEAAAICTAEAOw==\" \/><\/a><\/div><\/div><div id=\"envira-gallery-item-1139\" class=\"envira-gallery-item enviratope-item envira-gallery-item-2 envira-lazy-load\" style=\"padding-left: 5px; padding-bottom: 10px; padding-right: 5px;\"  itemscope itemtype=\"https:\/\/schema.org\/ImageObject\"><div class=\"envira-gallery-item-inner\"><div class=\"envira-gallery-position-overlay  envira-gallery-top-left\"><\/div><div class=\"envira-gallery-position-overlay  envira-gallery-top-right\"><\/div><div class=\"envira-gallery-position-overlay  envira-gallery-bottom-left\"><\/div><div class=\"envira-gallery-position-overlay  envira-gallery-bottom-right\"><\/div><a href=\"https:\/\/mlwq2qtlvxee.i.optimole.com\/w:auto\/h:auto\/q:mauto\/ig:avif\/https:\/\/iddef.eu\/wp-content\/uploads\/2024\/12\/2021_04_13_14_57_16_zaJ6EoOcvT1PVBQ.jpg\" class=\"envira-gallery-1112 envira-gallery-link\" rel=\"enviragallery1112\" title=\"2021_04_13_14_57_16_zaJ6EoOcvT1PVBQ\" data-envira-caption=\"2021_04_13_14_57_16_zaJ6EoOcvT1PVBQ\" data-envira-retina=\"\" data-thumbnail=\"\"  itemprop=\"contentUrl\"><img data-opt-id=295380942  fetchpriority=\"high\" decoding=\"async\" id=\"envira-gallery-image-1139\" class=\"envira-gallery-image envira-gallery-image-2 envira-normal envira-lazy\" data-envira-index=\"2\" src=\"https:\/\/mlwq2qtlvxee.i.optimole.com\/w:auto\/h:auto\/q:mauto\/ig:avif\/https:\/\/iddef.eu\/wp-content\/uploads\/2024\/12\/2021_04_13_14_57_16_zaJ6EoOcvT1PVBQ.jpg\" data-envira-src=\"https:\/\/mlwq2qtlvxee.i.optimole.com\/w:auto\/h:auto\/q:mauto\/ig:avif\/https:\/\/iddef.eu\/wp-content\/uploads\/2024\/12\/2021_04_13_14_57_16_zaJ6EoOcvT1PVBQ.jpg\" data-envira-gallery-id=\"1112\" data-envira-item-id=\"1139\" data-envira-caption=\"2021_04_13_14_57_16_zaJ6EoOcvT1PVBQ\" alt=\"\" title=\"2021_04_13_14_57_16_zaJ6EoOcvT1PVBQ\"  itemprop=\"thumbnailUrl\" data-envira-srcset=\"https:\/\/mlwq2qtlvxee.i.optimole.com\/w:auto\/h:auto\/q:mauto\/ig:avif\/https:\/\/iddef.eu\/wp-content\/uploads\/2024\/12\/2021_04_13_14_57_16_zaJ6EoOcvT1PVBQ.jpg 400w,https:\/\/mlwq2qtlvxee.i.optimole.com\/w:auto\/h:auto\/q:mauto\/ig:avif\/https:\/\/iddef.eu\/wp-content\/uploads\/2024\/12\/2021_04_13_14_57_16_zaJ6EoOcvT1PVBQ.jpg 2x\" data-envira-width=\"300\" data-envira-height=\"200\" srcset=\"data:image\/gif;base64,R0lGODlhAQABAIAAAP\/\/\/\/\/\/\/yH5BAEKAAEALAAAAAABAAEAAAICTAEAOw==\" data-safe-src=\"data:image\/gif;base64,R0lGODlhAQABAIAAAP\/\/\/\/\/\/\/yH5BAEKAAEALAAAAAABAAEAAAICTAEAOw==\" \/><\/a><\/div><\/div><div id=\"envira-gallery-item-1140\" class=\"envira-gallery-item enviratope-item envira-gallery-item-3 envira-lazy-load\" style=\"padding-left: 5px; padding-bottom: 10px; padding-right: 5px;\"  itemscope itemtype=\"https:\/\/schema.org\/ImageObject\"><div class=\"envira-gallery-item-inner\"><div class=\"envira-gallery-position-overlay  envira-gallery-top-left\"><\/div><div class=\"envira-gallery-position-overlay  envira-gallery-top-right\"><\/div><div class=\"envira-gallery-position-overlay  envira-gallery-bottom-left\"><\/div><div class=\"envira-gallery-position-overlay  envira-gallery-bottom-right\"><\/div><a href=\"https:\/\/mlwq2qtlvxee.i.optimole.com\/w:auto\/h:auto\/q:mauto\/ig:avif\/https:\/\/iddef.eu\/wp-content\/uploads\/2024\/12\/2022_06_02_11_03_27_5Vk3uO2qB4jx4mu.jpg\" class=\"envira-gallery-1112 envira-gallery-link\" rel=\"enviragallery1112\" title=\"2022_06_02_11_03_27_5Vk3uO2qB4jx4mu\" data-envira-caption=\"2022_06_02_11_03_27_5Vk3uO2qB4jx4mu\" data-envira-retina=\"\" data-thumbnail=\"\"  itemprop=\"contentUrl\"><img data-opt-id=2031519713  decoding=\"async\" id=\"envira-gallery-image-1140\" class=\"envira-gallery-image envira-gallery-image-3 envira-normal envira-lazy\" data-envira-index=\"3\" src=\"https:\/\/mlwq2qtlvxee.i.optimole.com\/w:1024\/h:576\/q:mauto\/ig:avif\/https:\/\/iddef.eu\/wp-content\/uploads\/2024\/12\/2022_06_02_11_03_27_5Vk3uO2qB4jx4mu.jpg\" data-envira-src=\"https:\/\/mlwq2qtlvxee.i.optimole.com\/w:1024\/h:576\/q:mauto\/ig:avif\/https:\/\/iddef.eu\/wp-content\/uploads\/2024\/12\/2022_06_02_11_03_27_5Vk3uO2qB4jx4mu.jpg\" data-envira-gallery-id=\"1112\" data-envira-item-id=\"1140\" data-envira-caption=\"2022_06_02_11_03_27_5Vk3uO2qB4jx4mu\" alt=\"\" title=\"2022_06_02_11_03_27_5Vk3uO2qB4jx4mu\"  itemprop=\"thumbnailUrl\" data-envira-srcset=\"https:\/\/mlwq2qtlvxee.i.optimole.com\/w:1024\/h:576\/q:mauto\/ig:avif\/https:\/\/iddef.eu\/wp-content\/uploads\/2024\/12\/2022_06_02_11_03_27_5Vk3uO2qB4jx4mu.jpg 400w,https:\/\/mlwq2qtlvxee.i.optimole.com\/w:1024\/h:576\/q:mauto\/ig:avif\/https:\/\/iddef.eu\/wp-content\/uploads\/2024\/12\/2022_06_02_11_03_27_5Vk3uO2qB4jx4mu.jpg 2x\" data-envira-width=\"300\" data-envira-height=\"169\" srcset=\"data:image\/gif;base64,R0lGODlhAQABAIAAAP\/\/\/\/\/\/\/yH5BAEKAAEALAAAAAABAAEAAAICTAEAOw==\" data-safe-src=\"data:image\/gif;base64,R0lGODlhAQABAIAAAP\/\/\/\/\/\/\/yH5BAEKAAEALAAAAAABAAEAAAICTAEAOw==\" \/><\/a><\/div><\/div><div id=\"envira-gallery-item-1141\" class=\"envira-gallery-item enviratope-item envira-gallery-item-4 envira-lazy-load\" style=\"padding-left: 5px; padding-bottom: 10px; padding-right: 5px;\"  itemscope itemtype=\"https:\/\/schema.org\/ImageObject\"><div class=\"envira-gallery-item-inner\"><div class=\"envira-gallery-position-overlay  envira-gallery-top-left\"><\/div><div class=\"envira-gallery-position-overlay  envira-gallery-top-right\"><\/div><div class=\"envira-gallery-position-overlay  envira-gallery-bottom-left\"><\/div><div class=\"envira-gallery-position-overlay  envira-gallery-bottom-right\"><\/div><a href=\"https:\/\/mlwq2qtlvxee.i.optimole.com\/w:auto\/h:auto\/q:mauto\/ig:avif\/https:\/\/iddef.eu\/wp-content\/uploads\/2024\/12\/2022_06_02_11_54_27_YrqUvdu5jE2I7rR.jpg\" class=\"envira-gallery-1112 envira-gallery-link\" rel=\"enviragallery1112\" title=\"2022_06_02_11_54_27_YrqUvdu5jE2I7rR\" data-envira-caption=\"2022_06_02_11_54_27_YrqUvdu5jE2I7rR\" data-envira-retina=\"\" data-thumbnail=\"\"  itemprop=\"contentUrl\"><img data-opt-id=1998730800  decoding=\"async\" id=\"envira-gallery-image-1141\" class=\"envira-gallery-image envira-gallery-image-4 envira-normal envira-lazy\" data-envira-index=\"4\" src=\"https:\/\/mlwq2qtlvxee.i.optimole.com\/w:1024\/h:576\/q:mauto\/ig:avif\/https:\/\/iddef.eu\/wp-content\/uploads\/2024\/12\/2022_06_02_11_54_27_YrqUvdu5jE2I7rR.jpg\" data-envira-src=\"https:\/\/mlwq2qtlvxee.i.optimole.com\/w:1024\/h:576\/q:mauto\/ig:avif\/https:\/\/iddef.eu\/wp-content\/uploads\/2024\/12\/2022_06_02_11_54_27_YrqUvdu5jE2I7rR.jpg\" data-envira-gallery-id=\"1112\" data-envira-item-id=\"1141\" data-envira-caption=\"2022_06_02_11_54_27_YrqUvdu5jE2I7rR\" alt=\"\" title=\"2022_06_02_11_54_27_YrqUvdu5jE2I7rR\"  itemprop=\"thumbnailUrl\" data-envira-srcset=\"https:\/\/mlwq2qtlvxee.i.optimole.com\/w:1024\/h:576\/q:mauto\/ig:avif\/https:\/\/iddef.eu\/wp-content\/uploads\/2024\/12\/2022_06_02_11_54_27_YrqUvdu5jE2I7rR.jpg 400w,https:\/\/mlwq2qtlvxee.i.optimole.com\/w:1024\/h:576\/q:mauto\/ig:avif\/https:\/\/iddef.eu\/wp-content\/uploads\/2024\/12\/2022_06_02_11_54_27_YrqUvdu5jE2I7rR.jpg 2x\" data-envira-width=\"300\" data-envira-height=\"169\" srcset=\"data:image\/gif;base64,R0lGODlhAQABAIAAAP\/\/\/\/\/\/\/yH5BAEKAAEALAAAAAABAAEAAAICTAEAOw==\" data-safe-src=\"data:image\/gif;base64,R0lGODlhAQABAIAAAP\/\/\/\/\/\/\/yH5BAEKAAEALAAAAAABAAEAAAICTAEAOw==\" \/><\/a><\/div><\/div><\/div><\/div><noscript><img data-opt-id=1524319502  decoding=\"async\" src=\"https:\/\/mlwq2qtlvxee.i.optimole.com\/w:auto\/h:auto\/q:mauto\/ig:avif\/https:\/\/iddef.eu\/wp-content\/uploads\/2024\/12\/2022_06_02_11_59_04_MoYcAePX0QmlR3G.jpg\" alt=\"\" \/><img data-opt-id=295380942  decoding=\"async\" src=\"https:\/\/mlwq2qtlvxee.i.optimole.com\/w:auto\/h:auto\/q:mauto\/ig:avif\/https:\/\/iddef.eu\/wp-content\/uploads\/2024\/12\/2021_04_13_14_57_16_zaJ6EoOcvT1PVBQ.jpg\" alt=\"\" \/><img data-opt-id=961072814  decoding=\"async\" src=\"https:\/\/mlwq2qtlvxee.i.optimole.com\/w:auto\/h:auto\/q:mauto\/ig:avif\/https:\/\/iddef.eu\/wp-content\/uploads\/2024\/12\/2022_06_02_11_03_27_5Vk3uO2qB4jx4mu.jpg\" alt=\"\" \/><img data-opt-id=1504431203  decoding=\"async\" src=\"https:\/\/mlwq2qtlvxee.i.optimole.com\/w:auto\/h:auto\/q:mauto\/ig:avif\/https:\/\/iddef.eu\/wp-content\/uploads\/2024\/12\/2022_06_02_11_54_27_YrqUvdu5jE2I7rR.jpg\" alt=\"\" \/><\/noscript><\/code><\/p>","protected":false},"excerpt":{"rendered":"<p>Damit Menschen nach einem Krisen- und Katastrophenereignis ein schnell ein warmes Zuhause erhalten k\u00f6nnen, haben wir \u00fcber 3000 Briketth\u00e4user gebaut. Wir bauen weiterhin 2.390 Briketth\u00e4user, indem wir das Projekt unterst\u00fctzen, das mit dem Ziel \u201eIdlib 100.000 Briketth\u00e4user\u201c initiiert wurde. Diese Briketth\u00e4user bauen wir auch in anderen Regionen, wenn es n\u00f6tig [&hellip;]<\/p>\n","protected":false},"author":2,"featured_media":0,"parent":0,"menu_order":0,"comment_status":"closed","ping_status":"closed","template":"","meta":{"footnotes":""},"class_list":["post-594","page","type-page","status-publish","hentry"],"_links":{"self":[{"href":"https:\/\/iddef.eu\/tr\/wp-json\/wp\/v2\/pages\/594","targetHints":{"allow":["GET"]}}],"collection":[{"href":"https:\/\/iddef.eu\/tr\/wp-json\/wp\/v2\/pages"}],"about":[{"href":"https:\/\/iddef.eu\/tr\/wp-json\/wp\/v2\/types\/page"}],"author":[{"embeddable":true,"href":"https:\/\/iddef.eu\/tr\/wp-json\/wp\/v2\/users\/2"}],"replies":[{"embeddable":true,"href":"https:\/\/iddef.eu\/tr\/wp-json\/wp\/v2\/comments?post=594"}],"version-history":[{"count":4,"href":"https:\/\/iddef.eu\/tr\/wp-json\/wp\/v2\/pages\/594\/revisions"}],"predecessor-version":[{"id":1462,"href":"https:\/\/iddef.eu\/tr\/wp-json\/wp\/v2\/pages\/594\/revisions\/1462"}],"wp:attachment":[{"href":"https:\/\/iddef.eu\/tr\/wp-json\/wp\/v2\/media?parent=594"}],"curies":[{"name":"wp","href":"https:\/\/api.w.org\/{rel}","templated":true}]}}