{"id":257,"date":"2024-09-24T15:15:18","date_gmt":"2024-09-24T12:15:18","guid":{"rendered":"https:\/\/iddef.eu\/?page_id=257"},"modified":"2025-02-04T17:31:22","modified_gmt":"2025-02-04T14:31:22","slug":"bausetzling-in-afrika","status":"publish","type":"page","link":"https:\/\/iddef.eu\/ja\/bausetzling-in-afrika\/","title":{"rendered":"Baumsetzling in Afrika"},"content":{"rendered":"<p>Jedes Jahr pflanzt Iddef \u00fcber 100 000 neue B\u00e4ume in Afrika.<\/p>\n\n\n\n<p>Wie aus kleinen Setzlingen eine gro\u00dfe Erfolgsgeschichte erwachsen kann, haben wir mit unserem Baumpflanzprojekt bewiesen. Unterst\u00fctzt von vielen Spendern k\u00f6nnen wir jedes Jahr \u00fcber 100.000 neue B\u00e4ume in Afrika pflanzen. Damit wird der Erosion des Bodens mit all seinen negativen Folgen Einhalt geboten und zudem ein wichtiger Rohstoff f\u00fcr die Zukunft des Landes produziert. <\/p>\n\n\n\n<p>Die von Iddef im Rahmen &#8222;Africa Seedling Project&#8220; gepflanzten Setzlinge haben sich in B\u00e4ume verwandelt und beginn Fr\u00fcchte zu tragen. Die Medrese Sch\u00fcler k\u00f6nnen jetzt frische Mangos, Bananen und Zitronen essen. Einige Fr\u00fcchte werden auch auf dem \u00f6rtlichen Markt verkauft und die Einnahmen f\u00fcr die Sch\u00fcler benutzt.<\/p>\n\n\n\n<p><code><div id=\"envira-gallery-wrap-1123\" class=\"envira-gallery-wrap envira-gallery-theme-base envira-lightbox-theme-base\" itemscope itemtype=\"https:\/\/schema.org\/ImageGallery\"><div data-row-height=\"150\" data-gallery-theme=\"normal\" id=\"envira-gallery-1123\" class=\"envira-gallery-public envira-gallery-justified-public envira-gallery-0-columns envira-clear enviratope envira-gallery-css-animations\" data-envira-columns=\"0\"><div id=\"envira-gallery-item-1178\" class=\"envira-gallery-item enviratope-item envira-gallery-item-1 envira-lazy-load\" style=\"padding-left: 5px; padding-bottom: 10px; padding-right: 5px;\"  itemscope itemtype=\"https:\/\/schema.org\/ImageObject\"><div class=\"envira-gallery-item-inner\"><div class=\"envira-gallery-position-overlay  envira-gallery-top-left\"><\/div><div class=\"envira-gallery-position-overlay  envira-gallery-top-right\"><\/div><div class=\"envira-gallery-position-overlay  envira-gallery-bottom-left\"><\/div><div class=\"envira-gallery-position-overlay  envira-gallery-bottom-right\"><\/div><a href=\"https:\/\/mlwq2qtlvxee.i.optimole.com\/w:auto\/h:auto\/q:mauto\/ig:avif\/https:\/\/iddef.eu\/wp-content\/uploads\/2024\/12\/2020_06_09_22_44_23_o3EtV39MwSvEZgu.jpg\" class=\"envira-gallery-1123 envira-gallery-link\" rel=\"enviragallery1123\" title=\"2020_06_09_22_44_23_o3EtV39MwSvEZgu\" data-envira-caption=\"2020_06_09_22_44_23_o3EtV39MwSvEZgu\" data-envira-retina=\"\" data-thumbnail=\"\"  itemprop=\"contentUrl\"><img data-opt-id=433588499  fetchpriority=\"high\" decoding=\"async\" id=\"envira-gallery-image-1178\" class=\"envira-gallery-image envira-gallery-image-1 envira-normal envira-lazy\" data-envira-index=\"1\" src=\"https:\/\/mlwq2qtlvxee.i.optimole.com\/w:auto\/h:auto\/q:mauto\/ig:avif\/https:\/\/iddef.eu\/wp-content\/uploads\/2024\/12\/2020_06_09_22_44_23_o3EtV39MwSvEZgu.jpg\" data-envira-src=\"https:\/\/mlwq2qtlvxee.i.optimole.com\/w:auto\/h:auto\/q:mauto\/ig:avif\/https:\/\/iddef.eu\/wp-content\/uploads\/2024\/12\/2020_06_09_22_44_23_o3EtV39MwSvEZgu.jpg\" data-envira-gallery-id=\"1123\" data-envira-item-id=\"1178\" data-envira-caption=\"2020_06_09_22_44_23_o3EtV39MwSvEZgu\" alt=\"\" title=\"2020_06_09_22_44_23_o3EtV39MwSvEZgu\"  itemprop=\"thumbnailUrl\" data-envira-srcset=\"https:\/\/mlwq2qtlvxee.i.optimole.com\/w:auto\/h:auto\/q:mauto\/ig:avif\/https:\/\/iddef.eu\/wp-content\/uploads\/2024\/12\/2020_06_09_22_44_23_o3EtV39MwSvEZgu.jpg 400w,https:\/\/mlwq2qtlvxee.i.optimole.com\/w:auto\/h:auto\/q:mauto\/ig:avif\/https:\/\/iddef.eu\/wp-content\/uploads\/2024\/12\/2020_06_09_22_44_23_o3EtV39MwSvEZgu.jpg 2x\" data-envira-width=\"300\" data-envira-height=\"200\" srcset=\"data:image\/gif;base64,R0lGODlhAQABAIAAAP\/\/\/\/\/\/\/yH5BAEKAAEALAAAAAABAAEAAAICTAEAOw==\" data-safe-src=\"data:image\/gif;base64,R0lGODlhAQABAIAAAP\/\/\/\/\/\/\/yH5BAEKAAEALAAAAAABAAEAAAICTAEAOw==\" \/><\/a><\/div><\/div><div id=\"envira-gallery-item-1179\" class=\"envira-gallery-item enviratope-item envira-gallery-item-2 envira-lazy-load\" style=\"padding-left: 5px; padding-bottom: 10px; padding-right: 5px;\"  itemscope itemtype=\"https:\/\/schema.org\/ImageObject\"><div class=\"envira-gallery-item-inner\"><div class=\"envira-gallery-position-overlay  envira-gallery-top-left\"><\/div><div class=\"envira-gallery-position-overlay  envira-gallery-top-right\"><\/div><div class=\"envira-gallery-position-overlay  envira-gallery-bottom-left\"><\/div><div class=\"envira-gallery-position-overlay  envira-gallery-bottom-right\"><\/div><a href=\"https:\/\/mlwq2qtlvxee.i.optimole.com\/w:auto\/h:auto\/q:mauto\/ig:avif\/https:\/\/iddef.eu\/wp-content\/uploads\/2024\/12\/2020_06_09_22_41_50_W83SuFFg85ki6sl.jpg\" class=\"envira-gallery-1123 envira-gallery-link\" rel=\"enviragallery1123\" title=\"2020_06_09_22_41_50_W83SuFFg85ki6sl\" data-envira-caption=\"2020_06_09_22_41_50_W83SuFFg85ki6sl\" data-envira-retina=\"\" data-thumbnail=\"\"  itemprop=\"contentUrl\"><img data-opt-id=262807501  fetchpriority=\"high\" decoding=\"async\" id=\"envira-gallery-image-1179\" class=\"envira-gallery-image envira-gallery-image-2 envira-normal envira-lazy\" data-envira-index=\"2\" src=\"https:\/\/mlwq2qtlvxee.i.optimole.com\/w:auto\/h:auto\/q:mauto\/ig:avif\/https:\/\/iddef.eu\/wp-content\/uploads\/2024\/12\/2020_06_09_22_41_50_W83SuFFg85ki6sl.jpg\" data-envira-src=\"https:\/\/mlwq2qtlvxee.i.optimole.com\/w:auto\/h:auto\/q:mauto\/ig:avif\/https:\/\/iddef.eu\/wp-content\/uploads\/2024\/12\/2020_06_09_22_41_50_W83SuFFg85ki6sl.jpg\" data-envira-gallery-id=\"1123\" data-envira-item-id=\"1179\" data-envira-caption=\"2020_06_09_22_41_50_W83SuFFg85ki6sl\" alt=\"\" title=\"2020_06_09_22_41_50_W83SuFFg85ki6sl\"  itemprop=\"thumbnailUrl\" data-envira-srcset=\"https:\/\/mlwq2qtlvxee.i.optimole.com\/w:auto\/h:auto\/q:mauto\/ig:avif\/https:\/\/iddef.eu\/wp-content\/uploads\/2024\/12\/2020_06_09_22_41_50_W83SuFFg85ki6sl.jpg 400w,https:\/\/mlwq2qtlvxee.i.optimole.com\/w:auto\/h:auto\/q:mauto\/ig:avif\/https:\/\/iddef.eu\/wp-content\/uploads\/2024\/12\/2020_06_09_22_41_50_W83SuFFg85ki6sl.jpg 2x\" data-envira-width=\"300\" data-envira-height=\"200\" srcset=\"data:image\/gif;base64,R0lGODlhAQABAIAAAP\/\/\/\/\/\/\/yH5BAEKAAEALAAAAAABAAEAAAICTAEAOw==\" data-safe-src=\"data:image\/gif;base64,R0lGODlhAQABAIAAAP\/\/\/\/\/\/\/yH5BAEKAAEALAAAAAABAAEAAAICTAEAOw==\" \/><\/a><\/div><\/div><div id=\"envira-gallery-item-1180\" class=\"envira-gallery-item enviratope-item envira-gallery-item-3 envira-lazy-load\" style=\"padding-left: 5px; padding-bottom: 10px; padding-right: 5px;\"  itemscope itemtype=\"https:\/\/schema.org\/ImageObject\"><div class=\"envira-gallery-item-inner\"><div class=\"envira-gallery-position-overlay  envira-gallery-top-left\"><\/div><div class=\"envira-gallery-position-overlay  envira-gallery-top-right\"><\/div><div class=\"envira-gallery-position-overlay  envira-gallery-bottom-left\"><\/div><div class=\"envira-gallery-position-overlay  envira-gallery-bottom-right\"><\/div><a href=\"https:\/\/mlwq2qtlvxee.i.optimole.com\/w:auto\/h:auto\/q:mauto\/ig:avif\/https:\/\/iddef.eu\/wp-content\/uploads\/2024\/12\/2020_06_09_22_40_45_gz6U8xowVkXQMZU.jpg\" class=\"envira-gallery-1123 envira-gallery-link\" rel=\"enviragallery1123\" title=\"2020_06_09_22_40_45_gz6U8xowVkXQMZU\" data-envira-caption=\"2020_06_09_22_40_45_gz6U8xowVkXQMZU\" data-envira-retina=\"\" data-thumbnail=\"\"  itemprop=\"contentUrl\"><img data-opt-id=1503235570  decoding=\"async\" id=\"envira-gallery-image-1180\" class=\"envira-gallery-image envira-gallery-image-3 envira-normal envira-lazy\" data-envira-index=\"3\" src=\"https:\/\/mlwq2qtlvxee.i.optimole.com\/w:auto\/h:auto\/q:mauto\/ig:avif\/https:\/\/iddef.eu\/wp-content\/uploads\/2024\/12\/2020_06_09_22_40_45_gz6U8xowVkXQMZU.jpg\" data-envira-src=\"https:\/\/mlwq2qtlvxee.i.optimole.com\/w:auto\/h:auto\/q:mauto\/ig:avif\/https:\/\/iddef.eu\/wp-content\/uploads\/2024\/12\/2020_06_09_22_40_45_gz6U8xowVkXQMZU.jpg\" data-envira-gallery-id=\"1123\" data-envira-item-id=\"1180\" data-envira-caption=\"2020_06_09_22_40_45_gz6U8xowVkXQMZU\" alt=\"\" title=\"2020_06_09_22_40_45_gz6U8xowVkXQMZU\"  itemprop=\"thumbnailUrl\" data-envira-srcset=\"https:\/\/mlwq2qtlvxee.i.optimole.com\/w:auto\/h:auto\/q:mauto\/ig:avif\/https:\/\/iddef.eu\/wp-content\/uploads\/2024\/12\/2020_06_09_22_40_45_gz6U8xowVkXQMZU.jpg 400w,https:\/\/mlwq2qtlvxee.i.optimole.com\/w:auto\/h:auto\/q:mauto\/ig:avif\/https:\/\/iddef.eu\/wp-content\/uploads\/2024\/12\/2020_06_09_22_40_45_gz6U8xowVkXQMZU.jpg 2x\" data-envira-width=\"300\" data-envira-height=\"200\" srcset=\"data:image\/gif;base64,R0lGODlhAQABAIAAAP\/\/\/\/\/\/\/yH5BAEKAAEALAAAAAABAAEAAAICTAEAOw==\" data-safe-src=\"data:image\/gif;base64,R0lGODlhAQABAIAAAP\/\/\/\/\/\/\/yH5BAEKAAEALAAAAAABAAEAAAICTAEAOw==\" \/><\/a><\/div><\/div><div id=\"envira-gallery-item-1248\" class=\"envira-gallery-item enviratope-item envira-gallery-item-4 envira-lazy-load\" style=\"padding-left: 5px; padding-bottom: 10px; padding-right: 5px;\"  itemscope itemtype=\"https:\/\/schema.org\/ImageObject\"><div class=\"envira-gallery-item-inner\"><div class=\"envira-gallery-position-overlay  envira-gallery-top-left\"><\/div><div class=\"envira-gallery-position-overlay  envira-gallery-top-right\"><\/div><div class=\"envira-gallery-position-overlay  envira-gallery-bottom-left\"><\/div><div class=\"envira-gallery-position-overlay  envira-gallery-bottom-right\"><\/div><a href=\"https:\/\/mlwq2qtlvxee.i.optimole.com\/w:auto\/h:auto\/q:mauto\/ig:avif\/https:\/\/iddef.eu\/wp-content\/uploads\/2025\/01\/2021_03_02_15_24_12_9BpdBBSWmBMHwUg.jpg\" class=\"envira-gallery-1123 envira-gallery-link\" rel=\"enviragallery1123\" title=\"2021_03_02_15_24_12_9BpdBBSWmBMHwUg\" data-envira-caption=\"2021_03_02_15_24_12_9BpdBBSWmBMHwUg\" data-envira-retina=\"\" data-thumbnail=\"\"  itemprop=\"contentUrl\"><img data-opt-id=62151770  decoding=\"async\" id=\"envira-gallery-image-1248\" class=\"envira-gallery-image envira-gallery-image-4 envira-normal envira-lazy\" data-envira-index=\"4\" src=\"https:\/\/mlwq2qtlvxee.i.optimole.com\/w:1024\/h:768\/q:mauto\/ig:avif\/https:\/\/iddef.eu\/wp-content\/uploads\/2025\/01\/2021_03_02_15_24_12_9BpdBBSWmBMHwUg.jpg\" data-envira-src=\"https:\/\/mlwq2qtlvxee.i.optimole.com\/w:1024\/h:768\/q:mauto\/ig:avif\/https:\/\/iddef.eu\/wp-content\/uploads\/2025\/01\/2021_03_02_15_24_12_9BpdBBSWmBMHwUg.jpg\" data-envira-gallery-id=\"1123\" data-envira-item-id=\"1248\" data-envira-caption=\"2021_03_02_15_24_12_9BpdBBSWmBMHwUg\" alt=\"\" title=\"2021_03_02_15_24_12_9BpdBBSWmBMHwUg\"  itemprop=\"thumbnailUrl\" data-envira-srcset=\"https:\/\/mlwq2qtlvxee.i.optimole.com\/w:1024\/h:768\/q:mauto\/ig:avif\/https:\/\/iddef.eu\/wp-content\/uploads\/2025\/01\/2021_03_02_15_24_12_9BpdBBSWmBMHwUg.jpg 400w,https:\/\/mlwq2qtlvxee.i.optimole.com\/w:1024\/h:768\/q:mauto\/ig:avif\/https:\/\/iddef.eu\/wp-content\/uploads\/2025\/01\/2021_03_02_15_24_12_9BpdBBSWmBMHwUg.jpg 2x\" data-envira-width=\"300\" data-envira-height=\"225\" srcset=\"data:image\/gif;base64,R0lGODlhAQABAIAAAP\/\/\/\/\/\/\/yH5BAEKAAEALAAAAAABAAEAAAICTAEAOw==\" data-safe-src=\"data:image\/gif;base64,R0lGODlhAQABAIAAAP\/\/\/\/\/\/\/yH5BAEKAAEALAAAAAABAAEAAAICTAEAOw==\" \/><\/a><\/div><\/div><\/div><\/div><noscript><img data-opt-id=433588499  decoding=\"async\" src=\"https:\/\/mlwq2qtlvxee.i.optimole.com\/w:auto\/h:auto\/q:mauto\/ig:avif\/https:\/\/iddef.eu\/wp-content\/uploads\/2024\/12\/2020_06_09_22_44_23_o3EtV39MwSvEZgu.jpg\" alt=\"\" \/><img data-opt-id=262807501  decoding=\"async\" src=\"https:\/\/mlwq2qtlvxee.i.optimole.com\/w:auto\/h:auto\/q:mauto\/ig:avif\/https:\/\/iddef.eu\/wp-content\/uploads\/2024\/12\/2020_06_09_22_41_50_W83SuFFg85ki6sl.jpg\" alt=\"\" \/><img data-opt-id=1503235570  decoding=\"async\" src=\"https:\/\/mlwq2qtlvxee.i.optimole.com\/w:auto\/h:auto\/q:mauto\/ig:avif\/https:\/\/iddef.eu\/wp-content\/uploads\/2024\/12\/2020_06_09_22_40_45_gz6U8xowVkXQMZU.jpg\" alt=\"\" \/><img data-opt-id=1944076103  decoding=\"async\" src=\"https:\/\/mlwq2qtlvxee.i.optimole.com\/w:auto\/h:auto\/q:mauto\/ig:avif\/https:\/\/iddef.eu\/wp-content\/uploads\/2025\/01\/2021_03_02_15_24_12_9BpdBBSWmBMHwUg.jpg\" alt=\"\" \/><\/noscript><\/code><\/p>","protected":false},"excerpt":{"rendered":"<p>Jedes Jahr pflanzt Iddef \u00fcber 100 000 neue B\u00e4ume in Afrika. Wie aus kleinen Setzlingen eine gro\u00dfe Erfolgsgeschichte erwachsen kann, haben wir mit unserem Baumpflanzprojekt bewiesen. Unterst\u00fctzt von vielen Spendern k\u00f6nnen wir jedes Jahr \u00fcber 100.000 neue B\u00e4ume in Afrika pflanzen. Damit wird der Erosion des Bodens mit all seinen [&hellip;]<\/p>\n","protected":false},"author":2,"featured_media":0,"parent":0,"menu_order":0,"comment_status":"closed","ping_status":"closed","template":"","meta":{"footnotes":""},"class_list":["post-257","page","type-page","status-publish","hentry"],"_links":{"self":[{"href":"https:\/\/iddef.eu\/ja\/wp-json\/wp\/v2\/pages\/257","targetHints":{"allow":["GET"]}}],"collection":[{"href":"https:\/\/iddef.eu\/ja\/wp-json\/wp\/v2\/pages"}],"about":[{"href":"https:\/\/iddef.eu\/ja\/wp-json\/wp\/v2\/types\/page"}],"author":[{"embeddable":true,"href":"https:\/\/iddef.eu\/ja\/wp-json\/wp\/v2\/users\/2"}],"replies":[{"embeddable":true,"href":"https:\/\/iddef.eu\/ja\/wp-json\/wp\/v2\/comments?post=257"}],"version-history":[{"count":6,"href":"https:\/\/iddef.eu\/ja\/wp-json\/wp\/v2\/pages\/257\/revisions"}],"predecessor-version":[{"id":1457,"href":"https:\/\/iddef.eu\/ja\/wp-json\/wp\/v2\/pages\/257\/revisions\/1457"}],"wp:attachment":[{"href":"https:\/\/iddef.eu\/ja\/wp-json\/wp\/v2\/media?parent=257"}],"curies":[{"name":"wp","href":"https:\/\/api.w.org\/{rel}","templated":true}]}}