{"id":64,"date":"2024-08-29T15:31:24","date_gmt":"2024-08-29T12:31:24","guid":{"rendered":"https:\/\/iddef.eu\/?page_id=64"},"modified":"2025-01-16T09:57:59","modified_gmt":"2025-01-16T06:57:59","slug":"wasserbrunnen","status":"publish","type":"page","link":"https:\/\/iddef.eu\/it\/wasserbrunnen\/","title":{"rendered":"Fontana d'acqua"},"content":{"rendered":"<p>Ungef\u00e4hr 1 Milliarde Menschen auf der Welt, k\u00f6nnen kein sauberes Wasser trinken. Wasser aus schlammigen Pf\u00fctzen, das unter primitiven Bedingungen gereinigt wird, kostet jede Woche zweitausend Menschen das Leben, die meisten davon Kinder und Babys unter 5 Jahren. <\/p>\n\n\n\n<p>Als IDDEF setzen wir uns bei unseren Spendern und offenen Brunnen f\u00fcr die L\u00f6sung dieser Probleme ein.<\/p>\n\n\n\n<p>Sie k\u00f6nnen eine Brunnen ausw\u00e4hlen oder mit einen Anteil sich an der Brunnen-Fonds beteiligen. Mit der in den Brunnen-Fonds gesammelten Geldmenge werden in bed\u00fcrftigen Regionen oft manuell betriebene Wasserbrunnen errichtet oder die Reparatur der Brunnen finanziert.<br><\/p>\n\n\n\n<p>Wo werden die Brunnen gebohrt?<br><br>In Afrika und S\u00fcdasien bohren wir nach Wasser, die aus wirtschaftlichen Gr\u00fcnden selber nicht \u00f6ffnen k\u00f6nnen. Selbst in D\u00f6rfern in abgelegenen Winkeln des Landes k\u00f6nnen die Menschen nicht leisten einen einfachen Wasserbrunnen zu errichten. Durch pers\u00f6nliche Besuche unserer Teams vor Ort stellen wir sicher, dass die Wasserbrunnen \u00fcber einen langen Zeitraum in Betrieb bleiben. Bei M\u00e4ngeln erg\u00e4nzen wir diese, bei defekten Teilen reparieren wir diese oder ersetzen sie durch neue, damit das Wasser wieder flie\u00dfen kann.<\/p>\n\n\n\n<p>Bitte beim Bezahlm\u00f6glichkeiten die Brunnen-Nr. aus der ersten Spalte einf\u00fcgen<\/p>\n\n\n\n<p><code><div id=\"envira-gallery-wrap-1094\" class=\"envira-gallery-wrap envira-gallery-theme-base envira-lightbox-theme-base\" itemscope itemtype=\"https:\/\/schema.org\/ImageGallery\"><div data-row-height=\"150\" data-gallery-theme=\"normal\" id=\"envira-gallery-1094\" class=\"envira-gallery-public envira-gallery-justified-public envira-gallery-0-columns envira-clear enviratope envira-gallery-css-animations\" data-envira-columns=\"0\"><div id=\"envira-gallery-item-1363\" class=\"envira-gallery-item enviratope-item envira-gallery-item-1 envira-lazy-load\" style=\"padding-left: 5px; padding-bottom: 10px; padding-right: 5px;\"  itemscope itemtype=\"https:\/\/schema.org\/ImageObject\"><div class=\"envira-gallery-item-inner\"><div class=\"envira-gallery-position-overlay  envira-gallery-top-left\"><\/div><div class=\"envira-gallery-position-overlay  envira-gallery-top-right\"><\/div><div class=\"envira-gallery-position-overlay  envira-gallery-bottom-left\"><\/div><div class=\"envira-gallery-position-overlay  envira-gallery-bottom-right\"><\/div><a href=\"https:\/\/mlwq2qtlvxee.i.optimole.com\/w:auto\/h:auto\/q:mauto\/ig:avif\/https:\/\/iddef.eu\/wp-content\/uploads\/2024\/12\/0F1A8970-scaled.jpg\" class=\"envira-gallery-1094 envira-gallery-link\" rel=\"enviragallery1094\" title=\"0F1A8970\" data-envira-caption=\"0F1A8970\" data-envira-retina=\"\" data-thumbnail=\"\"  itemprop=\"contentUrl\"><img data-opt-id=1566134572  fetchpriority=\"high\" decoding=\"async\" id=\"envira-gallery-image-1363\" class=\"envira-gallery-image envira-gallery-image-1 envira-normal envira-lazy\" data-envira-index=\"1\" src=\"https:\/\/mlwq2qtlvxee.i.optimole.com\/w:683\/h:1024\/q:mauto\/ig:avif\/https:\/\/iddef.eu\/wp-content\/uploads\/2024\/12\/0F1A8970.jpg\" data-envira-src=\"https:\/\/mlwq2qtlvxee.i.optimole.com\/w:683\/h:1024\/q:mauto\/ig:avif\/https:\/\/iddef.eu\/wp-content\/uploads\/2024\/12\/0F1A8970.jpg\" data-envira-gallery-id=\"1094\" data-envira-item-id=\"1363\" data-envira-caption=\"0F1A8970\" alt=\"\" title=\"0F1A8970\"  itemprop=\"thumbnailUrl\" data-envira-srcset=\"https:\/\/mlwq2qtlvxee.i.optimole.com\/w:683\/h:1024\/q:mauto\/ig:avif\/https:\/\/iddef.eu\/wp-content\/uploads\/2024\/12\/0F1A8970.jpg 400w,https:\/\/mlwq2qtlvxee.i.optimole.com\/w:683\/h:1024\/q:mauto\/ig:avif\/https:\/\/iddef.eu\/wp-content\/uploads\/2024\/12\/0F1A8970.jpg 2x\" data-envira-width=\"200\" data-envira-height=\"300\" srcset=\"data:image\/gif;base64,R0lGODlhAQABAIAAAP\/\/\/\/\/\/\/yH5BAEKAAEALAAAAAABAAEAAAICTAEAOw==\" data-safe-src=\"data:image\/gif;base64,R0lGODlhAQABAIAAAP\/\/\/\/\/\/\/yH5BAEKAAEALAAAAAABAAEAAAICTAEAOw==\" \/><\/a><\/div><\/div><div id=\"envira-gallery-item-1364\" class=\"envira-gallery-item enviratope-item envira-gallery-item-2 envira-lazy-load\" style=\"padding-left: 5px; padding-bottom: 10px; padding-right: 5px;\"  itemscope itemtype=\"https:\/\/schema.org\/ImageObject\"><div class=\"envira-gallery-item-inner\"><div class=\"envira-gallery-position-overlay  envira-gallery-top-left\"><\/div><div class=\"envira-gallery-position-overlay  envira-gallery-top-right\"><\/div><div class=\"envira-gallery-position-overlay  envira-gallery-bottom-left\"><\/div><div class=\"envira-gallery-position-overlay  envira-gallery-bottom-right\"><\/div><a href=\"https:\/\/mlwq2qtlvxee.i.optimole.com\/w:auto\/h:auto\/q:mauto\/ig:avif\/https:\/\/iddef.eu\/wp-content\/uploads\/2024\/12\/IMG_3293-scaled.jpg\" class=\"envira-gallery-1094 envira-gallery-link\" rel=\"enviragallery1094\" title=\"IMG_3293\" data-envira-caption=\"IMG_3293\" data-envira-retina=\"\" data-thumbnail=\"\"  itemprop=\"contentUrl\"><img data-opt-id=1057775496  fetchpriority=\"high\" decoding=\"async\" id=\"envira-gallery-image-1364\" class=\"envira-gallery-image envira-gallery-image-2 envira-normal envira-lazy\" data-envira-index=\"2\" src=\"https:\/\/mlwq2qtlvxee.i.optimole.com\/w:768\/h:1024\/q:mauto\/ig:avif\/https:\/\/iddef.eu\/wp-content\/uploads\/2024\/12\/IMG_3293.jpg\" data-envira-src=\"https:\/\/mlwq2qtlvxee.i.optimole.com\/w:768\/h:1024\/q:mauto\/ig:avif\/https:\/\/iddef.eu\/wp-content\/uploads\/2024\/12\/IMG_3293.jpg\" data-envira-gallery-id=\"1094\" data-envira-item-id=\"1364\" data-envira-caption=\"IMG_3293\" alt=\"\" title=\"IMG_3293\"  itemprop=\"thumbnailUrl\" data-envira-srcset=\"https:\/\/mlwq2qtlvxee.i.optimole.com\/w:768\/h:1024\/q:mauto\/ig:avif\/https:\/\/iddef.eu\/wp-content\/uploads\/2024\/12\/IMG_3293.jpg 400w,https:\/\/mlwq2qtlvxee.i.optimole.com\/w:768\/h:1024\/q:mauto\/ig:avif\/https:\/\/iddef.eu\/wp-content\/uploads\/2024\/12\/IMG_3293.jpg 2x\" data-envira-width=\"225\" data-envira-height=\"300\" srcset=\"data:image\/gif;base64,R0lGODlhAQABAIAAAP\/\/\/\/\/\/\/yH5BAEKAAEALAAAAAABAAEAAAICTAEAOw==\" data-safe-src=\"data:image\/gif;base64,R0lGODlhAQABAIAAAP\/\/\/\/\/\/\/yH5BAEKAAEALAAAAAABAAEAAAICTAEAOw==\" \/><\/a><\/div><\/div><div id=\"envira-gallery-item-1365\" class=\"envira-gallery-item enviratope-item envira-gallery-item-3 envira-lazy-load\" style=\"padding-left: 5px; padding-bottom: 10px; padding-right: 5px;\"  itemscope itemtype=\"https:\/\/schema.org\/ImageObject\"><div class=\"envira-gallery-item-inner\"><div class=\"envira-gallery-position-overlay  envira-gallery-top-left\"><\/div><div class=\"envira-gallery-position-overlay  envira-gallery-top-right\"><\/div><div class=\"envira-gallery-position-overlay  envira-gallery-bottom-left\"><\/div><div class=\"envira-gallery-position-overlay  envira-gallery-bottom-right\"><\/div><a href=\"https:\/\/mlwq2qtlvxee.i.optimole.com\/w:auto\/h:auto\/q:mauto\/ig:avif\/https:\/\/iddef.eu\/wp-content\/uploads\/2024\/12\/IMG_3724-scaled.jpg\" class=\"envira-gallery-1094 envira-gallery-link\" rel=\"enviragallery1094\" title=\"IMG_3724\" data-envira-caption=\"IMG_3724\" data-envira-retina=\"\" data-thumbnail=\"\"  itemprop=\"contentUrl\"><img data-opt-id=252714641  decoding=\"async\" id=\"envira-gallery-image-1365\" class=\"envira-gallery-image envira-gallery-image-3 envira-normal envira-lazy\" data-envira-index=\"3\" src=\"https:\/\/mlwq2qtlvxee.i.optimole.com\/w:768\/h:1024\/q:mauto\/ig:avif\/https:\/\/iddef.eu\/wp-content\/uploads\/2024\/12\/IMG_3724.jpg\" data-envira-src=\"https:\/\/mlwq2qtlvxee.i.optimole.com\/w:768\/h:1024\/q:mauto\/ig:avif\/https:\/\/iddef.eu\/wp-content\/uploads\/2024\/12\/IMG_3724.jpg\" data-envira-gallery-id=\"1094\" data-envira-item-id=\"1365\" data-envira-caption=\"IMG_3724\" alt=\"\" title=\"IMG_3724\"  itemprop=\"thumbnailUrl\" data-envira-srcset=\"https:\/\/mlwq2qtlvxee.i.optimole.com\/w:768\/h:1024\/q:mauto\/ig:avif\/https:\/\/iddef.eu\/wp-content\/uploads\/2024\/12\/IMG_3724.jpg 400w,https:\/\/mlwq2qtlvxee.i.optimole.com\/w:768\/h:1024\/q:mauto\/ig:avif\/https:\/\/iddef.eu\/wp-content\/uploads\/2024\/12\/IMG_3724.jpg 2x\" data-envira-width=\"225\" data-envira-height=\"300\" srcset=\"data:image\/gif;base64,R0lGODlhAQABAIAAAP\/\/\/\/\/\/\/yH5BAEKAAEALAAAAAABAAEAAAICTAEAOw==\" data-safe-src=\"data:image\/gif;base64,R0lGODlhAQABAIAAAP\/\/\/\/\/\/\/yH5BAEKAAEALAAAAAABAAEAAAICTAEAOw==\" \/><\/a><\/div><\/div><div id=\"envira-gallery-item-1366\" class=\"envira-gallery-item enviratope-item envira-gallery-item-4 envira-lazy-load\" style=\"padding-left: 5px; padding-bottom: 10px; padding-right: 5px;\"  itemscope itemtype=\"https:\/\/schema.org\/ImageObject\"><div class=\"envira-gallery-item-inner\"><div class=\"envira-gallery-position-overlay  envira-gallery-top-left\"><\/div><div class=\"envira-gallery-position-overlay  envira-gallery-top-right\"><\/div><div class=\"envira-gallery-position-overlay  envira-gallery-bottom-left\"><\/div><div class=\"envira-gallery-position-overlay  envira-gallery-bottom-right\"><\/div><a href=\"https:\/\/mlwq2qtlvxee.i.optimole.com\/w:auto\/h:auto\/q:mauto\/ig:avif\/https:\/\/iddef.eu\/wp-content\/uploads\/2024\/12\/P1066765-scaled.jpg\" class=\"envira-gallery-1094 envira-gallery-link\" rel=\"enviragallery1094\" title=\"P1066765\" data-envira-caption=\"P1066765\" data-envira-retina=\"\" data-thumbnail=\"\"  itemprop=\"contentUrl\"><img data-opt-id=88893684  decoding=\"async\" id=\"envira-gallery-image-1366\" class=\"envira-gallery-image envira-gallery-image-4 envira-normal envira-lazy\" data-envira-index=\"4\" src=\"https:\/\/mlwq2qtlvxee.i.optimole.com\/w:683\/h:1024\/q:mauto\/ig:avif\/https:\/\/iddef.eu\/wp-content\/uploads\/2024\/12\/P1066765.jpg\" data-envira-src=\"https:\/\/mlwq2qtlvxee.i.optimole.com\/w:683\/h:1024\/q:mauto\/ig:avif\/https:\/\/iddef.eu\/wp-content\/uploads\/2024\/12\/P1066765.jpg\" data-envira-gallery-id=\"1094\" data-envira-item-id=\"1366\" data-envira-caption=\"P1066765\" alt=\"\" title=\"P1066765\"  itemprop=\"thumbnailUrl\" data-envira-srcset=\"https:\/\/mlwq2qtlvxee.i.optimole.com\/w:683\/h:1024\/q:mauto\/ig:avif\/https:\/\/iddef.eu\/wp-content\/uploads\/2024\/12\/P1066765.jpg 400w,https:\/\/mlwq2qtlvxee.i.optimole.com\/w:683\/h:1024\/q:mauto\/ig:avif\/https:\/\/iddef.eu\/wp-content\/uploads\/2024\/12\/P1066765.jpg 2x\" data-envira-width=\"200\" data-envira-height=\"300\" srcset=\"data:image\/gif;base64,R0lGODlhAQABAIAAAP\/\/\/\/\/\/\/yH5BAEKAAEALAAAAAABAAEAAAICTAEAOw==\" data-safe-src=\"data:image\/gif;base64,R0lGODlhAQABAIAAAP\/\/\/\/\/\/\/yH5BAEKAAEALAAAAAABAAEAAAICTAEAOw==\" \/><\/a><\/div><\/div><\/div><\/div><noscript><img data-opt-id=1976501488  decoding=\"async\" src=\"https:\/\/mlwq2qtlvxee.i.optimole.com\/w:auto\/h:auto\/q:mauto\/ig:avif\/https:\/\/iddef.eu\/wp-content\/uploads\/2024\/12\/0F1A8970-scaled.jpg\" alt=\"\" \/><img data-opt-id=1080121783  decoding=\"async\" src=\"https:\/\/mlwq2qtlvxee.i.optimole.com\/w:auto\/h:auto\/q:mauto\/ig:avif\/https:\/\/iddef.eu\/wp-content\/uploads\/2024\/12\/IMG_3293-scaled.jpg\" alt=\"\" \/><img data-opt-id=1620278882  decoding=\"async\" src=\"https:\/\/mlwq2qtlvxee.i.optimole.com\/w:auto\/h:auto\/q:mauto\/ig:avif\/https:\/\/iddef.eu\/wp-content\/uploads\/2024\/12\/IMG_3724-scaled.jpg\" alt=\"\" \/><img data-opt-id=732940380  decoding=\"async\" src=\"https:\/\/mlwq2qtlvxee.i.optimole.com\/w:auto\/h:auto\/q:mauto\/ig:avif\/https:\/\/iddef.eu\/wp-content\/uploads\/2024\/12\/P1066765-scaled.jpg\" alt=\"\" \/><\/noscript><\/code><\/p>\n\n\n\n<p><code><div id=\"envira-gallery-wrap-1403\" class=\"envira-gallery-wrap envira-gallery-theme-base envira-lightbox-theme-base\" itemscope itemtype=\"https:\/\/schema.org\/ImageGallery\"><div data-row-height=\"150\" data-gallery-theme=\"normal\" id=\"envira-gallery-1403\" class=\"envira-gallery-public envira-gallery-justified-public envira-gallery-0-columns envira-clear enviratope envira-gallery-css-animations\" data-envira-columns=\"0\"><div id=\"envira-gallery-item-1406\" class=\"envira-gallery-item enviratope-item envira-gallery-item-1 envira-lazy-load\" style=\"padding-left: 5px; padding-bottom: 10px; padding-right: 5px;\"  itemscope itemtype=\"https:\/\/schema.org\/ImageObject\"><div class=\"envira-gallery-item-inner\"><div class=\"envira-gallery-position-overlay  envira-gallery-top-left\"><\/div><div class=\"envira-gallery-position-overlay  envira-gallery-top-right\"><\/div><div class=\"envira-gallery-position-overlay  envira-gallery-bottom-left\"><\/div><div class=\"envira-gallery-position-overlay  envira-gallery-bottom-right\"><\/div><a href=\"https:\/\/mlwq2qtlvxee.i.optimole.com\/w:auto\/h:auto\/q:mauto\/ig:avif\/https:\/\/iddef.eu\/wp-content\/uploads\/2025\/01\/Su-Cesme1.jpg\" class=\"envira-gallery-1403 envira-gallery-link\" rel=\"enviragallery1403\" title=\"Su &Ccedil;e\u015fme1\" data-envira-caption=\"Su &Ccedil;e\u015fme1\" data-envira-retina=\"\" data-thumbnail=\"\"  itemprop=\"contentUrl\"><img data-opt-id=747470665  decoding=\"async\" id=\"envira-gallery-image-1406\" class=\"envira-gallery-image envira-gallery-image-1 envira-normal envira-lazy\" data-envira-index=\"1\" src=\"https:\/\/mlwq2qtlvxee.i.optimole.com\/w:auto\/h:auto\/q:mauto\/ig:avif\/https:\/\/iddef.eu\/wp-content\/uploads\/2025\/01\/Su-Cesme1.jpg\" data-envira-src=\"https:\/\/mlwq2qtlvxee.i.optimole.com\/w:auto\/h:auto\/q:mauto\/ig:avif\/https:\/\/iddef.eu\/wp-content\/uploads\/2025\/01\/Su-Cesme1.jpg\" data-envira-gallery-id=\"1403\" data-envira-item-id=\"1406\" data-envira-caption=\"Su &Ccedil;e\u015fme1\" alt=\"\" title=\"Su \u00c7e\u015fme1\"  itemprop=\"thumbnailUrl\" data-envira-srcset=\"https:\/\/mlwq2qtlvxee.i.optimole.com\/w:auto\/h:auto\/q:mauto\/ig:avif\/https:\/\/iddef.eu\/wp-content\/uploads\/2025\/01\/Su-Cesme1.jpg 400w,https:\/\/mlwq2qtlvxee.i.optimole.com\/w:auto\/h:auto\/q:mauto\/ig:avif\/https:\/\/iddef.eu\/wp-content\/uploads\/2025\/01\/Su-Cesme1.jpg 2x\" data-envira-width=\"290\" data-envira-height=\"300\" srcset=\"data:image\/gif;base64,R0lGODlhAQABAIAAAP\/\/\/\/\/\/\/yH5BAEKAAEALAAAAAABAAEAAAICTAEAOw==\" data-safe-src=\"data:image\/gif;base64,R0lGODlhAQABAIAAAP\/\/\/\/\/\/\/yH5BAEKAAEALAAAAAABAAEAAAICTAEAOw==\" \/><\/a><\/div><\/div><div id=\"envira-gallery-item-1405\" class=\"envira-gallery-item enviratope-item envira-gallery-item-2 envira-lazy-load\" style=\"padding-left: 5px; padding-bottom: 10px; padding-right: 5px;\"  itemscope itemtype=\"https:\/\/schema.org\/ImageObject\"><div class=\"envira-gallery-item-inner\"><div class=\"envira-gallery-position-overlay  envira-gallery-top-left\"><\/div><div class=\"envira-gallery-position-overlay  envira-gallery-top-right\"><\/div><div class=\"envira-gallery-position-overlay  envira-gallery-bottom-left\"><\/div><div class=\"envira-gallery-position-overlay  envira-gallery-bottom-right\"><\/div><a href=\"https:\/\/mlwq2qtlvxee.i.optimole.com\/w:auto\/h:auto\/q:mauto\/ig:avif\/https:\/\/iddef.eu\/wp-content\/uploads\/2025\/01\/Su-Cesme2.jpg\" class=\"envira-gallery-1403 envira-gallery-link\" rel=\"enviragallery1403\" title=\"Su &Ccedil;e\u015fme2\" data-envira-caption=\"Su &Ccedil;e\u015fme2\" data-envira-retina=\"\" data-thumbnail=\"\"  itemprop=\"contentUrl\"><img data-opt-id=1914634052  decoding=\"async\" id=\"envira-gallery-image-1405\" class=\"envira-gallery-image envira-gallery-image-2 envira-normal envira-lazy\" data-envira-index=\"2\" src=\"https:\/\/mlwq2qtlvxee.i.optimole.com\/w:auto\/h:auto\/q:mauto\/ig:avif\/https:\/\/iddef.eu\/wp-content\/uploads\/2025\/01\/Su-Cesme2.jpg\" data-envira-src=\"https:\/\/mlwq2qtlvxee.i.optimole.com\/w:auto\/h:auto\/q:mauto\/ig:avif\/https:\/\/iddef.eu\/wp-content\/uploads\/2025\/01\/Su-Cesme2.jpg\" data-envira-gallery-id=\"1403\" data-envira-item-id=\"1405\" data-envira-caption=\"Su &Ccedil;e\u015fme2\" alt=\"\" title=\"Su \u00c7e\u015fme2\"  itemprop=\"thumbnailUrl\" data-envira-srcset=\"https:\/\/mlwq2qtlvxee.i.optimole.com\/w:auto\/h:auto\/q:mauto\/ig:avif\/https:\/\/iddef.eu\/wp-content\/uploads\/2025\/01\/Su-Cesme2.jpg 400w,https:\/\/mlwq2qtlvxee.i.optimole.com\/w:auto\/h:auto\/q:mauto\/ig:avif\/https:\/\/iddef.eu\/wp-content\/uploads\/2025\/01\/Su-Cesme2.jpg 2x\" data-envira-width=\"291\" data-envira-height=\"300\" srcset=\"data:image\/gif;base64,R0lGODlhAQABAIAAAP\/\/\/\/\/\/\/yH5BAEKAAEALAAAAAABAAEAAAICTAEAOw==\" data-safe-src=\"data:image\/gif;base64,R0lGODlhAQABAIAAAP\/\/\/\/\/\/\/yH5BAEKAAEALAAAAAABAAEAAAICTAEAOw==\" \/><\/a><\/div><\/div><\/div><\/div><noscript><img data-opt-id=747470665  decoding=\"async\" src=\"https:\/\/mlwq2qtlvxee.i.optimole.com\/w:auto\/h:auto\/q:mauto\/ig:avif\/https:\/\/iddef.eu\/wp-content\/uploads\/2025\/01\/Su-Cesme1.jpg\" alt=\"\" \/><img data-opt-id=1914634052  decoding=\"async\" src=\"https:\/\/mlwq2qtlvxee.i.optimole.com\/w:auto\/h:auto\/q:mauto\/ig:avif\/https:\/\/iddef.eu\/wp-content\/uploads\/2025\/01\/Su-Cesme2.jpg\" alt=\"\" \/><\/noscript><\/code><\/p>\n\n\n\n<figure class=\"wp-block-table\"><table class=\"has-fixed-layout\"><tbody><tr><td class=\"has-text-align-center\" data-align=\"center\"><strong>Nr.<\/strong><\/td><td class=\"has-text-align-center\" data-align=\"center\"><strong>Preis<\/strong><\/td><td class=\"has-text-align-center\" data-align=\"center\"><strong>Land<\/strong><\/td><td class=\"has-text-align-center\" data-align=\"center\"><strong>Betriebsart<\/strong><\/td><td class=\"has-text-align-center\" data-align=\"center\"><strong>Bohrtiefe<\/strong><\/td><td class=\"has-text-align-center\" data-align=\"center\"><strong>Nutznieser (Menschen)<\/strong><\/td><\/tr><tr><td class=\"has-text-align-center\" data-align=\"center\">1<\/td><td class=\"has-text-align-center\" data-align=\"center\">20 EUR\/Anteil<\/td><td class=\"has-text-align-center\" data-align=\"center\">Brunnen-Fonds<\/td><td class=\"has-text-align-center\" data-align=\"center\"><\/td><td class=\"has-text-align-center\" data-align=\"center\"><\/td><td class=\"has-text-align-center\" data-align=\"center\"><\/td><\/tr><tr><td class=\"has-text-align-center\" data-align=\"center\">2<\/td><td class=\"has-text-align-center\" data-align=\"center\">900 EUR<\/td><td class=\"has-text-align-center\" data-align=\"center\">Bangladesch<\/td><td class=\"has-text-align-center\" data-align=\"center\">manuell <\/td><td class=\"has-text-align-center\" data-align=\"center\">50 m<\/td><td class=\"has-text-align-center\" data-align=\"center\">300-400 <\/td><\/tr><tr><td class=\"has-text-align-center\" data-align=\"center\">3<\/td><td class=\"has-text-align-center\" data-align=\"center\">42000EUR<\/td><td class=\"has-text-align-center\" data-align=\"center\">Ethopien<\/td><td class=\"has-text-align-center\" data-align=\"center\">elektrisch <\/td><td class=\"has-text-align-center\" data-align=\"center\">90 m<\/td><td class=\"has-text-align-center\" data-align=\"center\">500-700 <\/td><\/tr><tr><td class=\"has-text-align-center\" data-align=\"center\"><\/td><td class=\"has-text-align-center\" data-align=\"center\"><\/td><td class=\"has-text-align-center\" data-align=\"center\"><\/td><td class=\"has-text-align-center\" data-align=\"center\"><\/td><td class=\"has-text-align-center\" data-align=\"center\"><\/td><td class=\"has-text-align-center\" data-align=\"center\"><\/td><\/tr><tr><td class=\"has-text-align-center\" data-align=\"center\"><\/td><td class=\"has-text-align-center\" data-align=\"center\"><\/td><td class=\"has-text-align-center\" data-align=\"center\"><\/td><td class=\"has-text-align-center\" data-align=\"center\"><\/td><td class=\"has-text-align-center\" data-align=\"center\"><\/td><td class=\"has-text-align-center\" data-align=\"center\"><\/td><\/tr><tr><td class=\"has-text-align-center\" data-align=\"center\"><\/td><td class=\"has-text-align-center\" data-align=\"center\"><\/td><td class=\"has-text-align-center\" data-align=\"center\"><\/td><td class=\"has-text-align-center\" data-align=\"center\"><\/td><td class=\"has-text-align-center\" data-align=\"center\"><\/td><td class=\"has-text-align-center\" data-align=\"center\"><\/td><\/tr><tr><td class=\"has-text-align-center\" data-align=\"center\"><\/td><td class=\"has-text-align-center\" data-align=\"center\"><\/td><td class=\"has-text-align-center\" data-align=\"center\"><\/td><td class=\"has-text-align-center\" data-align=\"center\"><\/td><td class=\"has-text-align-center\" data-align=\"center\"><\/td><td class=\"has-text-align-center\" data-align=\"center\"><\/td><\/tr><tr><td class=\"has-text-align-center\" data-align=\"center\"><\/td><td class=\"has-text-align-center\" data-align=\"center\"><\/td><td class=\"has-text-align-center\" data-align=\"center\"><\/td><td class=\"has-text-align-center\" data-align=\"center\"><\/td><td class=\"has-text-align-center\" data-align=\"center\"><\/td><td class=\"has-text-align-center\" data-align=\"center\"><\/td><\/tr><tr><td class=\"has-text-align-center\" data-align=\"center\"><\/td><td class=\"has-text-align-center\" data-align=\"center\"><\/td><td class=\"has-text-align-center\" data-align=\"center\"><\/td><td class=\"has-text-align-center\" data-align=\"center\"><\/td><td class=\"has-text-align-center\" data-align=\"center\"><\/td><td class=\"has-text-align-center\" data-align=\"center\"><\/td><\/tr><tr><td class=\"has-text-align-center\" data-align=\"center\"><\/td><td class=\"has-text-align-center\" data-align=\"center\"><\/td><td class=\"has-text-align-center\" data-align=\"center\"><\/td><td class=\"has-text-align-center\" data-align=\"center\"><\/td><td class=\"has-text-align-center\" data-align=\"center\"><\/td><td class=\"has-text-align-center\" data-align=\"center\"><\/td><\/tr><tr><td class=\"has-text-align-center\" data-align=\"center\"><\/td><td class=\"has-text-align-center\" data-align=\"center\"><\/td><td class=\"has-text-align-center\" data-align=\"center\"><\/td><td class=\"has-text-align-center\" data-align=\"center\"><\/td><td class=\"has-text-align-center\" data-align=\"center\"><\/td><td class=\"has-text-align-center\" data-align=\"center\"><\/td><\/tr><tr><td class=\"has-text-align-center\" data-align=\"center\"><\/td><td class=\"has-text-align-center\" data-align=\"center\"><\/td><td class=\"has-text-align-center\" data-align=\"center\"><\/td><td class=\"has-text-align-center\" data-align=\"center\"><\/td><td class=\"has-text-align-center\" data-align=\"center\"><\/td><td class=\"has-text-align-center\" data-align=\"center\"><\/td><\/tr><tr><td class=\"has-text-align-center\" data-align=\"center\"><\/td><td class=\"has-text-align-center\" data-align=\"center\"><\/td><td class=\"has-text-align-center\" data-align=\"center\"><\/td><td class=\"has-text-align-center\" data-align=\"center\"><\/td><td class=\"has-text-align-center\" data-align=\"center\"><\/td><td class=\"has-text-align-center\" data-align=\"center\"><\/td><\/tr><tr><td class=\"has-text-align-center\" data-align=\"center\"><\/td><td class=\"has-text-align-center\" data-align=\"center\"><\/td><td class=\"has-text-align-center\" data-align=\"center\"><\/td><td class=\"has-text-align-center\" data-align=\"center\"><\/td><td class=\"has-text-align-center\" data-align=\"center\"><\/td><td class=\"has-text-align-center\" data-align=\"center\"><\/td><\/tr><tr><td class=\"has-text-align-center\" data-align=\"center\"><\/td><td class=\"has-text-align-center\" data-align=\"center\"><\/td><td class=\"has-text-align-center\" data-align=\"center\"><\/td><td class=\"has-text-align-center\" data-align=\"center\"><\/td><td class=\"has-text-align-center\" data-align=\"center\"><\/td><td class=\"has-text-align-center\" data-align=\"center\"><\/td><\/tr><tr><td class=\"has-text-align-center\" data-align=\"center\"><\/td><td class=\"has-text-align-center\" data-align=\"center\"><\/td><td class=\"has-text-align-center\" data-align=\"center\"><\/td><td class=\"has-text-align-center\" data-align=\"center\"><\/td><td class=\"has-text-align-center\" data-align=\"center\"><\/td><td class=\"has-text-align-center\" data-align=\"center\"><\/td><\/tr><tr><td class=\"has-text-align-center\" data-align=\"center\"><\/td><td class=\"has-text-align-center\" data-align=\"center\"><\/td><td class=\"has-text-align-center\" data-align=\"center\"><\/td><td class=\"has-text-align-center\" data-align=\"center\"><\/td><td class=\"has-text-align-center\" data-align=\"center\"><\/td><td class=\"has-text-align-center\" data-align=\"center\"><\/td><\/tr><tr><td class=\"has-text-align-center\" data-align=\"center\"><\/td><td class=\"has-text-align-center\" data-align=\"center\"><\/td><td class=\"has-text-align-center\" data-align=\"center\"><\/td><td class=\"has-text-align-center\" data-align=\"center\"><\/td><td class=\"has-text-align-center\" data-align=\"center\"><\/td><td class=\"has-text-align-center\" data-align=\"center\"><\/td><\/tr><tr><td class=\"has-text-align-center\" data-align=\"center\"><\/td><td class=\"has-text-align-center\" data-align=\"center\"><\/td><td class=\"has-text-align-center\" data-align=\"center\"><\/td><td class=\"has-text-align-center\" data-align=\"center\"><\/td><td class=\"has-text-align-center\" data-align=\"center\"><\/td><td class=\"has-text-align-center\" data-align=\"center\"><\/td><\/tr><tr><td class=\"has-text-align-center\" data-align=\"center\"><\/td><td class=\"has-text-align-center\" data-align=\"center\"><\/td><td class=\"has-text-align-center\" data-align=\"center\"><\/td><td class=\"has-text-align-center\" data-align=\"center\"><\/td><td class=\"has-text-align-center\" data-align=\"center\"><\/td><td class=\"has-text-align-center\" data-align=\"center\"><\/td><\/tr><\/tbody><\/table><\/figure>","protected":false},"excerpt":{"rendered":"<p>Ungef\u00e4hr 1 Milliarde Menschen auf der Welt, k\u00f6nnen kein sauberes Wasser trinken. Wasser aus schlammigen Pf\u00fctzen, das unter primitiven Bedingungen gereinigt wird, kostet jede Woche zweitausend Menschen das Leben, die meisten davon Kinder und Babys unter 5 Jahren. Als IDDEF setzen wir uns bei unseren Spendern und offenen Brunnen f\u00fcr [&hellip;]<\/p>\n","protected":false},"author":2,"featured_media":0,"parent":0,"menu_order":0,"comment_status":"closed","ping_status":"closed","template":"","meta":{"footnotes":""},"class_list":["post-64","page","type-page","status-publish","hentry"],"_links":{"self":[{"href":"https:\/\/iddef.eu\/it\/wp-json\/wp\/v2\/pages\/64","targetHints":{"allow":["GET"]}}],"collection":[{"href":"https:\/\/iddef.eu\/it\/wp-json\/wp\/v2\/pages"}],"about":[{"href":"https:\/\/iddef.eu\/it\/wp-json\/wp\/v2\/types\/page"}],"author":[{"embeddable":true,"href":"https:\/\/iddef.eu\/it\/wp-json\/wp\/v2\/users\/2"}],"replies":[{"embeddable":true,"href":"https:\/\/iddef.eu\/it\/wp-json\/wp\/v2\/comments?post=64"}],"version-history":[{"count":11,"href":"https:\/\/iddef.eu\/it\/wp-json\/wp\/v2\/pages\/64\/revisions"}],"predecessor-version":[{"id":1407,"href":"https:\/\/iddef.eu\/it\/wp-json\/wp\/v2\/pages\/64\/revisions\/1407"}],"wp:attachment":[{"href":"https:\/\/iddef.eu\/it\/wp-json\/wp\/v2\/media?parent=64"}],"curies":[{"name":"wp","href":"https:\/\/api.w.org\/{rel}","templated":true}]}}