{"id":291,"date":"2024-09-25T09:10:48","date_gmt":"2024-09-25T06:10:48","guid":{"rendered":"https:\/\/iddef.eu\/?page_id=291"},"modified":"2025-01-16T10:11:37","modified_gmt":"2025-01-16T07:11:37","slug":"akika-neugeborenen-opfer","status":"publish","type":"page","link":"https:\/\/iddef.eu\/fr\/akika-neugeborenen-opfer\/","title":{"rendered":"Victime n\u00e9onatale d'Akika"},"content":{"rendered":"<p>Akika d\u00e9signe en fait les premiers cheveux du nouveau-n\u00e9. Apr\u00e8s la naissance d'un enfant, il est de tradition islamique de sacrifier un animal en guise de remerciement \u00e0 Allah et de distribuer une partie de la viande aux personnes dans le besoin ou touch\u00e9es par la pauvret\u00e9. <\/p>\n\n\n\n<p>De plus, il est sunna, apr\u00e8s l'action du proph\u00e8te Mohammed (que la paix et les b\u00e9n\u00e9dictions d'Allah soient sur lui), de couper ses premiers cheveux le 7\u00e8me jour et de faire un don d'aqiqa. On calcule le poids des cheveux avec la valeur actuelle de l'or, exceptionnellement avec la valeur de l'argent. Ensuite, on donne la somme correspondante aux personnes dans le besoin.<\/p>\n\n\n\n<p><code><div id=\"envira-gallery-wrap-1082\" class=\"envira-gallery-wrap envira-gallery-theme-base envira-lightbox-theme-base\" itemscope itemtype=\"https:\/\/schema.org\/ImageGallery\"><div data-row-height=\"150\" data-gallery-theme=\"normal\" id=\"envira-gallery-1082\" class=\"envira-gallery-public envira-gallery-justified-public envira-gallery-0-columns envira-clear enviratope envira-gallery-css-animations\" data-envira-columns=\"0\"><div id=\"envira-gallery-item-1319\" class=\"envira-gallery-item enviratope-item envira-gallery-item-1 envira-lazy-load\" style=\"padding-left: 5px; padding-bottom: 10px; padding-right: 5px;\"  itemscope itemtype=\"https:\/\/schema.org\/ImageObject\"><div class=\"envira-gallery-item-inner\"><div class=\"envira-gallery-position-overlay  envira-gallery-top-left\"><\/div><div class=\"envira-gallery-position-overlay  envira-gallery-top-right\"><\/div><div class=\"envira-gallery-position-overlay  envira-gallery-bottom-left\"><\/div><div class=\"envira-gallery-position-overlay  envira-gallery-bottom-right\"><\/div><a href=\"https:\/\/mlwq2qtlvxee.i.optimole.com\/w:auto\/h:auto\/q:mauto\/ig:avif\/https:\/\/iddef.eu\/wp-content\/uploads\/2024\/12\/2021_04_18_14_28_06_Qv6blQw4qOM9LDs.jpg\" class=\"envira-gallery-1082 envira-gallery-link\" rel=\"enviragallery1082\" title=\"2021_04_18_14_28_06_Qv6blQw4qOM9LDs\" data-envira-caption=\"2021_04_18_14_28_06_Qv6blQw4qOM9LDs\" data-envira-retina=\"\" data-thumbnail=\"\"  itemprop=\"contentUrl\"><img data-opt-id=1304348483  fetchpriority=\"high\" decoding=\"async\" id=\"envira-gallery-image-1319\" class=\"envira-gallery-image envira-gallery-image-1 envira-normal envira-lazy\" data-envira-index=\"1\" src=\"https:\/\/mlwq2qtlvxee.i.optimole.com\/w:1024\/h:575\/q:mauto\/ig:avif\/https:\/\/iddef.eu\/wp-content\/uploads\/2024\/12\/2021_04_18_14_28_06_Qv6blQw4qOM9LDs.jpg\" data-envira-src=\"https:\/\/mlwq2qtlvxee.i.optimole.com\/w:1024\/h:575\/q:mauto\/ig:avif\/https:\/\/iddef.eu\/wp-content\/uploads\/2024\/12\/2021_04_18_14_28_06_Qv6blQw4qOM9LDs.jpg\" data-envira-gallery-id=\"1082\" data-envira-item-id=\"1319\" data-envira-caption=\"2021_04_18_14_28_06_Qv6blQw4qOM9LDs\" alt=\"\" title=\"2021_04_18_14_28_06_Qv6blQw4qOM9LDs\"  itemprop=\"thumbnailUrl\" data-envira-srcset=\"https:\/\/mlwq2qtlvxee.i.optimole.com\/w:1024\/h:575\/q:mauto\/ig:avif\/https:\/\/iddef.eu\/wp-content\/uploads\/2024\/12\/2021_04_18_14_28_06_Qv6blQw4qOM9LDs.jpg 400w,https:\/\/mlwq2qtlvxee.i.optimole.com\/w:1024\/h:575\/q:mauto\/ig:avif\/https:\/\/iddef.eu\/wp-content\/uploads\/2024\/12\/2021_04_18_14_28_06_Qv6blQw4qOM9LDs.jpg 2x\" data-envira-width=\"300\" data-envira-height=\"168\" srcset=\"data:image\/gif;base64,R0lGODlhAQABAIAAAP\/\/\/\/\/\/\/yH5BAEKAAEALAAAAAABAAEAAAICTAEAOw==\" data-safe-src=\"data:image\/gif;base64,R0lGODlhAQABAIAAAP\/\/\/\/\/\/\/yH5BAEKAAEALAAAAAABAAEAAAICTAEAOw==\" \/><\/a><\/div><\/div><div id=\"envira-gallery-item-1320\" class=\"envira-gallery-item enviratope-item envira-gallery-item-2 envira-lazy-load\" style=\"padding-left: 5px; padding-bottom: 10px; padding-right: 5px;\"  itemscope itemtype=\"https:\/\/schema.org\/ImageObject\"><div class=\"envira-gallery-item-inner\"><div class=\"envira-gallery-position-overlay  envira-gallery-top-left\"><\/div><div class=\"envira-gallery-position-overlay  envira-gallery-top-right\"><\/div><div class=\"envira-gallery-position-overlay  envira-gallery-bottom-left\"><\/div><div class=\"envira-gallery-position-overlay  envira-gallery-bottom-right\"><\/div><a href=\"https:\/\/mlwq2qtlvxee.i.optimole.com\/w:auto\/h:auto\/q:mauto\/ig:avif\/https:\/\/iddef.eu\/wp-content\/uploads\/2024\/12\/2023_07_13_14_21_40_N1H7SkfLSjZIeKF.jpg\" class=\"envira-gallery-1082 envira-gallery-link\" rel=\"enviragallery1082\" title=\"2023_07_13_14_21_40_N1H7SkfLSjZIeKF\" data-envira-caption=\"2023_07_13_14_21_40_N1H7SkfLSjZIeKF\" data-envira-retina=\"\" data-thumbnail=\"\"  itemprop=\"contentUrl\"><img data-opt-id=2010785803  fetchpriority=\"high\" decoding=\"async\" id=\"envira-gallery-image-1320\" class=\"envira-gallery-image envira-gallery-image-2 envira-normal envira-lazy\" data-envira-index=\"2\" src=\"https:\/\/mlwq2qtlvxee.i.optimole.com\/w:1024\/h:768\/q:mauto\/ig:avif\/https:\/\/iddef.eu\/wp-content\/uploads\/2024\/12\/2023_07_13_14_21_40_N1H7SkfLSjZIeKF.jpg\" data-envira-src=\"https:\/\/mlwq2qtlvxee.i.optimole.com\/w:1024\/h:768\/q:mauto\/ig:avif\/https:\/\/iddef.eu\/wp-content\/uploads\/2024\/12\/2023_07_13_14_21_40_N1H7SkfLSjZIeKF.jpg\" data-envira-gallery-id=\"1082\" data-envira-item-id=\"1320\" data-envira-caption=\"2023_07_13_14_21_40_N1H7SkfLSjZIeKF\" alt=\"\" title=\"2023_07_13_14_21_40_N1H7SkfLSjZIeKF\"  itemprop=\"thumbnailUrl\" data-envira-srcset=\"https:\/\/mlwq2qtlvxee.i.optimole.com\/w:1024\/h:768\/q:mauto\/ig:avif\/https:\/\/iddef.eu\/wp-content\/uploads\/2024\/12\/2023_07_13_14_21_40_N1H7SkfLSjZIeKF.jpg 400w,https:\/\/mlwq2qtlvxee.i.optimole.com\/w:1024\/h:768\/q:mauto\/ig:avif\/https:\/\/iddef.eu\/wp-content\/uploads\/2024\/12\/2023_07_13_14_21_40_N1H7SkfLSjZIeKF.jpg 2x\" data-envira-width=\"300\" data-envira-height=\"225\" srcset=\"data:image\/gif;base64,R0lGODlhAQABAIAAAP\/\/\/\/\/\/\/yH5BAEKAAEALAAAAAABAAEAAAICTAEAOw==\" data-safe-src=\"data:image\/gif;base64,R0lGODlhAQABAIAAAP\/\/\/\/\/\/\/yH5BAEKAAEALAAAAAABAAEAAAICTAEAOw==\" \/><\/a><\/div><\/div><div id=\"envira-gallery-item-1321\" class=\"envira-gallery-item enviratope-item envira-gallery-item-3 envira-lazy-load\" style=\"padding-left: 5px; padding-bottom: 10px; padding-right: 5px;\"  itemscope itemtype=\"https:\/\/schema.org\/ImageObject\"><div class=\"envira-gallery-item-inner\"><div class=\"envira-gallery-position-overlay  envira-gallery-top-left\"><\/div><div class=\"envira-gallery-position-overlay  envira-gallery-top-right\"><\/div><div class=\"envira-gallery-position-overlay  envira-gallery-bottom-left\"><\/div><div class=\"envira-gallery-position-overlay  envira-gallery-bottom-right\"><\/div><a href=\"https:\/\/mlwq2qtlvxee.i.optimole.com\/w:auto\/h:auto\/q:mauto\/ig:avif\/https:\/\/iddef.eu\/wp-content\/uploads\/2024\/12\/2023_07_13_14_21_25_oM9HoaqhlhJA9Nx.jpg\" class=\"envira-gallery-1082 envira-gallery-link\" rel=\"enviragallery1082\" title=\"2023_07_13_14_21_25_oM9HoaqhlhJA9Nx\" data-envira-caption=\"2023_07_13_14_21_25_oM9HoaqhlhJA9Nx\" data-envira-retina=\"\" data-thumbnail=\"\"  itemprop=\"contentUrl\"><img data-opt-id=344234918  decoding=\"async\" id=\"envira-gallery-image-1321\" class=\"envira-gallery-image envira-gallery-image-3 envira-normal envira-lazy\" data-envira-index=\"3\" src=\"https:\/\/mlwq2qtlvxee.i.optimole.com\/w:1024\/h:768\/q:mauto\/ig:avif\/https:\/\/iddef.eu\/wp-content\/uploads\/2024\/12\/2023_07_13_14_21_25_oM9HoaqhlhJA9Nx.jpg\" data-envira-src=\"https:\/\/mlwq2qtlvxee.i.optimole.com\/w:1024\/h:768\/q:mauto\/ig:avif\/https:\/\/iddef.eu\/wp-content\/uploads\/2024\/12\/2023_07_13_14_21_25_oM9HoaqhlhJA9Nx.jpg\" data-envira-gallery-id=\"1082\" data-envira-item-id=\"1321\" data-envira-caption=\"2023_07_13_14_21_25_oM9HoaqhlhJA9Nx\" alt=\"\" title=\"2023_07_13_14_21_25_oM9HoaqhlhJA9Nx\"  itemprop=\"thumbnailUrl\" data-envira-srcset=\"https:\/\/mlwq2qtlvxee.i.optimole.com\/w:1024\/h:768\/q:mauto\/ig:avif\/https:\/\/iddef.eu\/wp-content\/uploads\/2024\/12\/2023_07_13_14_21_25_oM9HoaqhlhJA9Nx.jpg 400w,https:\/\/mlwq2qtlvxee.i.optimole.com\/w:1024\/h:768\/q:mauto\/ig:avif\/https:\/\/iddef.eu\/wp-content\/uploads\/2024\/12\/2023_07_13_14_21_25_oM9HoaqhlhJA9Nx.jpg 2x\" data-envira-width=\"300\" data-envira-height=\"225\" srcset=\"data:image\/gif;base64,R0lGODlhAQABAIAAAP\/\/\/\/\/\/\/yH5BAEKAAEALAAAAAABAAEAAAICTAEAOw==\" data-safe-src=\"data:image\/gif;base64,R0lGODlhAQABAIAAAP\/\/\/\/\/\/\/yH5BAEKAAEALAAAAAABAAEAAAICTAEAOw==\" \/><\/a><\/div><\/div><div id=\"envira-gallery-item-1322\" class=\"envira-gallery-item enviratope-item envira-gallery-item-4 envira-lazy-load\" style=\"padding-left: 5px; padding-bottom: 10px; padding-right: 5px;\"  itemscope itemtype=\"https:\/\/schema.org\/ImageObject\"><div class=\"envira-gallery-item-inner\"><div class=\"envira-gallery-position-overlay  envira-gallery-top-left\"><\/div><div class=\"envira-gallery-position-overlay  envira-gallery-top-right\"><\/div><div class=\"envira-gallery-position-overlay  envira-gallery-bottom-left\"><\/div><div class=\"envira-gallery-position-overlay  envira-gallery-bottom-right\"><\/div><a href=\"https:\/\/mlwq2qtlvxee.i.optimole.com\/w:auto\/h:auto\/q:mauto\/ig:avif\/https:\/\/iddef.eu\/wp-content\/uploads\/2024\/12\/2021_04_18_14_24_10_EU80hLYPOyYlUha.jpg\" class=\"envira-gallery-1082 envira-gallery-link\" rel=\"enviragallery1082\" title=\"2021_04_18_14_24_10_EU80hLYPOyYlUha\" data-envira-caption=\"2021_04_18_14_24_10_EU80hLYPOyYlUha\" data-envira-retina=\"\" data-thumbnail=\"\"  itemprop=\"contentUrl\"><img data-opt-id=1762995160  decoding=\"async\" id=\"envira-gallery-image-1322\" class=\"envira-gallery-image envira-gallery-image-4 envira-normal envira-lazy\" data-envira-index=\"4\" src=\"https:\/\/mlwq2qtlvxee.i.optimole.com\/w:1024\/h:575\/q:mauto\/ig:avif\/https:\/\/iddef.eu\/wp-content\/uploads\/2024\/12\/2021_04_18_14_24_10_EU80hLYPOyYlUha.jpg\" data-envira-src=\"https:\/\/mlwq2qtlvxee.i.optimole.com\/w:1024\/h:575\/q:mauto\/ig:avif\/https:\/\/iddef.eu\/wp-content\/uploads\/2024\/12\/2021_04_18_14_24_10_EU80hLYPOyYlUha.jpg\" data-envira-gallery-id=\"1082\" data-envira-item-id=\"1322\" data-envira-caption=\"2021_04_18_14_24_10_EU80hLYPOyYlUha\" alt=\"\" title=\"2021_04_18_14_24_10_EU80hLYPOyYlUha\"  itemprop=\"thumbnailUrl\" data-envira-srcset=\"https:\/\/mlwq2qtlvxee.i.optimole.com\/w:1024\/h:575\/q:mauto\/ig:avif\/https:\/\/iddef.eu\/wp-content\/uploads\/2024\/12\/2021_04_18_14_24_10_EU80hLYPOyYlUha.jpg 400w,https:\/\/mlwq2qtlvxee.i.optimole.com\/w:1024\/h:575\/q:mauto\/ig:avif\/https:\/\/iddef.eu\/wp-content\/uploads\/2024\/12\/2021_04_18_14_24_10_EU80hLYPOyYlUha.jpg 2x\" data-envira-width=\"300\" data-envira-height=\"168\" srcset=\"data:image\/gif;base64,R0lGODlhAQABAIAAAP\/\/\/\/\/\/\/yH5BAEKAAEALAAAAAABAAEAAAICTAEAOw==\" data-safe-src=\"data:image\/gif;base64,R0lGODlhAQABAIAAAP\/\/\/\/\/\/\/yH5BAEKAAEALAAAAAABAAEAAAICTAEAOw==\" \/><\/a><\/div><\/div><\/div><\/div><noscript><img data-opt-id=1926091677  decoding=\"async\" src=\"https:\/\/mlwq2qtlvxee.i.optimole.com\/w:auto\/h:auto\/q:mauto\/ig:avif\/https:\/\/iddef.eu\/wp-content\/uploads\/2024\/12\/2021_04_18_14_28_06_Qv6blQw4qOM9LDs.jpg\" alt=\"\" \/><img data-opt-id=1413627352  decoding=\"async\" src=\"https:\/\/mlwq2qtlvxee.i.optimole.com\/w:auto\/h:auto\/q:mauto\/ig:avif\/https:\/\/iddef.eu\/wp-content\/uploads\/2024\/12\/2023_07_13_14_21_40_N1H7SkfLSjZIeKF.jpg\" alt=\"\" \/><img data-opt-id=163316062  decoding=\"async\" src=\"https:\/\/mlwq2qtlvxee.i.optimole.com\/w:auto\/h:auto\/q:mauto\/ig:avif\/https:\/\/iddef.eu\/wp-content\/uploads\/2024\/12\/2023_07_13_14_21_25_oM9HoaqhlhJA9Nx.jpg\" alt=\"\" \/><img data-opt-id=167161723  decoding=\"async\" src=\"https:\/\/mlwq2qtlvxee.i.optimole.com\/w:auto\/h:auto\/q:mauto\/ig:avif\/https:\/\/iddef.eu\/wp-content\/uploads\/2024\/12\/2021_04_18_14_24_10_EU80hLYPOyYlUha.jpg\" alt=\"\" \/><\/noscript><\/code><\/p>","protected":false},"excerpt":{"rendered":"<p>Akika bezeichnet im Grunde genommen die ersten Haare des Neugeborenen. Es ist ein islamische Tradition nach Geburt eines Kindes, als ein Dank gegen\u00fcber Allah, ein Tier zu opfern und einen Teil des Fleisches an Bed\u00fcrftige und von Armut betroffene Menschen zu verteilen. Des Weiteren ist es Sunna, nach dem Handeln [&hellip;]<\/p>\n","protected":false},"author":2,"featured_media":0,"parent":0,"menu_order":0,"comment_status":"closed","ping_status":"closed","template":"","meta":{"footnotes":""},"class_list":["post-291","page","type-page","status-publish","hentry"],"_links":{"self":[{"href":"https:\/\/iddef.eu\/fr\/wp-json\/wp\/v2\/pages\/291","targetHints":{"allow":["GET"]}}],"collection":[{"href":"https:\/\/iddef.eu\/fr\/wp-json\/wp\/v2\/pages"}],"about":[{"href":"https:\/\/iddef.eu\/fr\/wp-json\/wp\/v2\/types\/page"}],"author":[{"embeddable":true,"href":"https:\/\/iddef.eu\/fr\/wp-json\/wp\/v2\/users\/2"}],"replies":[{"embeddable":true,"href":"https:\/\/iddef.eu\/fr\/wp-json\/wp\/v2\/comments?post=291"}],"version-history":[{"count":4,"href":"https:\/\/iddef.eu\/fr\/wp-json\/wp\/v2\/pages\/291\/revisions"}],"predecessor-version":[{"id":1418,"href":"https:\/\/iddef.eu\/fr\/wp-json\/wp\/v2\/pages\/291\/revisions\/1418"}],"wp:attachment":[{"href":"https:\/\/iddef.eu\/fr\/wp-json\/wp\/v2\/media?parent=291"}],"curies":[{"name":"wp","href":"https:\/\/api.w.org\/{rel}","templated":true}]}}