{"id":716,"date":"2024-10-10T17:36:36","date_gmt":"2024-10-10T14:36:36","guid":{"rendered":"https:\/\/iddef.eu\/?page_id=716"},"modified":"2025-09-15T12:27:32","modified_gmt":"2025-09-15T09:27:32","slug":"dienste-fuer-hilfsorganisationen","status":"publish","type":"page","link":"https:\/\/iddef.eu\/bs\/dienste-fuer-hilfsorganisationen\/","title":{"rendered":"usluge za humanitarne organizacije"},"content":{"rendered":"<p><\/p>\n\n\n\n<p>Seit 2004 sind wir weltweit aktiv. Unsere Hilfsorganisational ist in der Lage professionell und effektiv die Projekte umzusetzen.<\/p>\n\n\n\n<p>Wir haben ein Netzwerk von Mitarbeitern und Partnerorganisationen in den meisten L\u00e4nder.<\/p>\n\n\n\n<p>Gerne k\u00f6nnen wir Ihrer Hilfsorganisation bei der Umsetzung Ihrer Vereinsziele helfen. Sei es Verwaltungst\u00e4tigkeit, Internetauftritt, Projektumsetzung, sowie Projektbetreuung.<\/p>\n\n\n\n<p>Wir helfen heute schon vielen Organisationen und Vereinen beheimatet in Europa und Asien bei der Opferdienst, Nothilfe, Wasserbrunnen und Bauprojekten. Ma\u00dfgeschneiderte L\u00f6sungen f\u00fcr herausfordernde Fragestellungen entwickeln, das bietet Iddef Europa gUG ihren Auftraggebern.<\/p>\n\n\n\n<p>Lassen Sie uns gemeinsam Ihre Vereinsziele f\u00fcr die Wohlfahrt von bed\u00fcrftigen Menschen umsetzen.<\/p>\n\n\n\n<div class=\"wp-block-buttons is-layout-flex wp-block-buttons-is-layout-flex\">\n<div class=\"wp-block-button\"><a class=\"wp-block-button__link wp-element-button\" href=\"https:\/\/iddef.eu\/tr\/kontaktmoeglichkeit\/\">kontakt<\/a><\/div>\n<\/div>\n\n\n\n<p><\/p>\n\n\n\n<p><\/p>","protected":false},"excerpt":{"rendered":"<p>Seit 2004 sind wir weltweit aktiv. Unsere Hilfsorganisational ist in der Lage professionell und effektiv die Projekte umzusetzen. Wir haben ein Netzwerk von Mitarbeitern und Partnerorganisationen in den meisten L\u00e4nder. Gerne k\u00f6nnen wir Ihrer Hilfsorganisation bei der Umsetzung Ihrer Vereinsziele helfen. Sei es Verwaltungst\u00e4tigkeit, Internetauftritt, Projektumsetzung, sowie Projektbetreuung. Wir helfen [&hellip;]<\/p>\n","protected":false},"author":2,"featured_media":0,"parent":0,"menu_order":0,"comment_status":"closed","ping_status":"closed","template":"","meta":{"footnotes":""},"class_list":["post-716","page","type-page","status-publish","hentry"],"_links":{"self":[{"href":"https:\/\/iddef.eu\/bs\/wp-json\/wp\/v2\/pages\/716","targetHints":{"allow":["GET"]}}],"collection":[{"href":"https:\/\/iddef.eu\/bs\/wp-json\/wp\/v2\/pages"}],"about":[{"href":"https:\/\/iddef.eu\/bs\/wp-json\/wp\/v2\/types\/page"}],"author":[{"embeddable":true,"href":"https:\/\/iddef.eu\/bs\/wp-json\/wp\/v2\/users\/2"}],"replies":[{"embeddable":true,"href":"https:\/\/iddef.eu\/bs\/wp-json\/wp\/v2\/comments?post=716"}],"version-history":[{"count":7,"href":"https:\/\/iddef.eu\/bs\/wp-json\/wp\/v2\/pages\/716\/revisions"}],"predecessor-version":[{"id":1016,"href":"https:\/\/iddef.eu\/bs\/wp-json\/wp\/v2\/pages\/716\/revisions\/1016"}],"wp:attachment":[{"href":"https:\/\/iddef.eu\/bs\/wp-json\/wp\/v2\/media?parent=716"}],"curies":[{"name":"wp","href":"https:\/\/api.w.org\/{rel}","templated":true}]}}