{"id":63,"date":"2024-08-29T15:31:24","date_gmt":"2024-08-29T12:31:24","guid":{"rendered":"https:\/\/iddef.eu\/?page_id=63"},"modified":"2025-01-16T10:07:02","modified_gmt":"2025-01-16T07:07:02","slug":"opfertiere-kurbanudhiya","status":"publish","type":"page","link":"https:\/\/iddef.eu\/bs\/opfertiere-kurbanudhiya\/","title":{"rendered":"\u017ertvene \u017eivotinje (Kurban, Udhiya)"},"content":{"rendered":"<div class=\"wp-block-columns is-layout-flex wp-container-core-columns-is-layout-9d6595d7 wp-block-columns-is-layout-flex\">\n<div class=\"wp-block-column is-layout-flow wp-block-column-is-layout-flow\">\n<p class=\"has-text-align-center\"><a class=\"btn btn-primary btn-block\" href=\"https:\/\/iddef.eu\/bs\/vacip-kuran-pflicht-opfer\/\" data-type=\"page\" data-id=\"340\">Vacip<br>obavezna \u017ertva<\/a><\/p>\n<\/div>\n\n\n\n<div class=\"wp-block-column is-layout-flow wp-block-column-is-layout-flow\">\n<p class=\"has-text-align-center\"><a href=\"https:\/\/iddef.eu\/bs\/adak-geloebnis-opfer\/\" data-type=\"page\" data-id=\"289\">Adak<br>Zavjetna \u017ertva<\/a><\/p>\n<\/div>\n\n\n\n<div class=\"wp-block-column is-layout-flow wp-block-column-is-layout-flow\">\n<p class=\"has-text-align-center\"><a href=\"https:\/\/iddef.eu\/bs\/sadaka-wohltaetigkeit-opfer\/\" data-type=\"page\" data-id=\"290\">Sadaka<br>Dobrotvorni prilog<\/a><\/p>\n<\/div>\n\n\n\n<div class=\"wp-block-column is-layout-flow wp-block-column-is-layout-flow\">\n<p class=\"has-text-align-center\"><a href=\"https:\/\/iddef.eu\/bs\/akika-neugeborenen-opfer\/\" data-type=\"page\" data-id=\"291\">Akika<br>Kurban zahvalnosti za novoredzenu djecu<\/a><\/p>\n<\/div>\n\n\n\n<div class=\"wp-block-column is-layout-flow wp-block-column-is-layout-flow\">\n<p class=\"has-text-align-center\"><a href=\"https:\/\/iddef.eu\/bs\/suekuer-dankesopfer\/\" data-type=\"page\" data-id=\"292\">\u015e\u00fck\u00fcr<br>Prilog za zahvalnost<\/a><\/p>\n<\/div>\n\n\n\n<div class=\"wp-block-column is-layout-flow wp-block-column-is-layout-flow\">\n<p class=\"has-text-align-center\"><a href=\"https:\/\/iddef.eu\/bs\/ruhuna-verstorbenenopfer\/\" data-type=\"page\" data-id=\"293\">Ruhuna<br>preminule \u017ertve<\/a><\/p>\n<\/div>\n<\/div>\n\n\n\n<p>Donatoru \u0161aljemo informativnu SMS poruku i video o darivanju Kurbana.<\/p>\n\n\n\n<p>Po \u017eelji, donator mo\u017ee preuzeti video na svoj pametni telefon ili ra\u010dunar pomo\u0107u dugmeta za preuzimanje<\/p>\n\n\n\n<p>U zavisnosti od izbora darovatelja, kolju se kurbani : ovca, koza ili krava, a u rijetkim slu\u010dajevima i deva.<\/p>\n\n\n\n<p>U slu\u010daju krave ili deve, donator dobija 1\/7 udjela, kako je odre\u0111eno islamskom jurisprudencijom.<\/p>\n\n\n\n<p>Kako se va\u0161e kurbani kolju ?<\/p>\n\n\n\n<p>Iddef je jedna od rijetkih humanitarnih organizacija koja pru\u017ea usluge, od kupovine do distribucije, putem vlastitog osoblja i volontera.<\/p>\n\n\n\n<p>Prvo, tim zaposlenika putuje mjesecima unaprijed u zemlje Afrike, Azije, Bliskog istoka ili Balkana gdje \u0107e se akcija kurbana odr\u017eati. U kontekstu organizacije kurbanskih obreda, va\u017eno je pa\u017eljivo odabrati  \u017eivotinje, koje moraju ispunjavati kriterije za kurbanski obred. Lokalno osoblje u doti\u010dnim zemljama poma\u017ee organizaciji \u017ertava; Ovo osoblje je obi\u010dno zaposleno u na\u0161im obrazovnim institucijama, uglavnom kao nastavnici (imam\/hod\u017ea\/hod\u017ea).<\/p>\n\n\n\n<p>Nekoliko dana prije Kurban-bajrama (Praznika \u017ertve), iskusno osoblje i volonteri putuju u zemlje te prate i vode proces \u017ertvovanja i pravedne raspodjele onima kojima je potrebna. Prilikom klanja \u017ertvenih \u017eivotinja, vodi se ra\u010duna o tome da se prije i tokom \u017ertvovanja po\u0161tuju islamske procedure i pravila te dobrobit \u017eivotinja.<\/p>\n\n\n\n<p>Kurbana, zaklano meso nakon pregleda veterinar pocinrj da se dijeli po potrebama, posebno u regijama gdje se nalaze Iddefove obrazovne institucije (medrese).<\/p>\n\n\n\n<p>Kako funkcioni\u0161e organizacija \u017ertava?<\/p>\n\n\n\n<p>Ritual Kurbana po\u010dinje desetog dana islamskog mjeseca zilhid\u017ee (zulhid\u017ea). Kurban kad darovatelja ispunjava se kupovinom kurbana \u017eivotinje, davanjem punomo\u0107i, klanjem \u017eivotinje, slanjem tekstualne poruke i dijeljenjem darova.<\/p>\n\n\n\n<p>Informacije o klanju kurbanskih \u017eivotinja saop\u0161tavaju se svim na\u0161im donatorima putem SMS-a.<\/p>\n\n\n\n<p>Iddef snima trenutke \u017ertvovanja na video kao dokaz i proslje\u0111uje ih svojim donatorima putem SMS linka. Svaki donator mo\u017ee sam odlu\u010diti da li \u017eeli da vidi ovaj trenutak. U 2024. godini, 99,9 posto zapisa je poslano na\u0161im donatorima.<\/p>\n\n\n\n<p>Zavr\u0161etkom kurbanske organizacije, mi ovu obavezu do\u017eivljavamo kako ljudsku obavezu mi udaljeni 1000 km dijelimo i radost, i entuzijazam i ushi\u0107enje s vama.\n\u017drtvena slu\u017eba i njeno zna\u010denje<\/p>\n\n\n\n<p>Zato se molite Allahu i zakoljite kurban (Al Kevser 108\/2)<\/p>\n\n\n\n<p>Prema Ai\u0161inoj (r.a.), Allahov Poslanik (s.a.v.s.) je rekao: \u201eNa Dan kurban, sin Ademov ne mo\u017ee u\u010diniti bolje djelo koje je Allahu dra\u017ee od prolijevanja krvi (\u017ertvene \u017eivotinje). Na Sudnji dan, ova \u017ertvena \u017eivotinja \u0107e do\u0107i sa svojim rogovima, dlakom i noktima (i tra\u017eiti oprost za grijehe darivatelja). Krv \u017ertvene \u017eivotinje odmah prihvata (registruje) Allah, \u010dak i prije nego \u0161to padne na zemlju. Stoga, zbog kurbana, neka vam srce bude ispunjeno sre\u0107om i ne gajite ogor\u010denost.\u201c (Ibn\u00a0Mace,\u00a0Edah\u00ed:\u00a03)<\/p>\n\n\n\n<p><code><div id=\"envira-gallery-wrap-1078\" class=\"envira-gallery-wrap envira-gallery-theme-base envira-lightbox-theme-base\" itemscope itemtype=\"https:\/\/schema.org\/ImageGallery\"><div data-row-height=\"150\" data-gallery-theme=\"normal\" id=\"envira-gallery-1078\" class=\"envira-gallery-public envira-gallery-justified-public envira-gallery-0-columns envira-clear enviratope envira-gallery-css-animations\" data-envira-columns=\"0\"><div id=\"envira-gallery-item-1339\" class=\"envira-gallery-item enviratope-item envira-gallery-item-1 envira-lazy-load\" style=\"padding-left: 5px; padding-bottom: 10px; padding-right: 5px;\"  itemscope itemtype=\"https:\/\/schema.org\/ImageObject\"><div class=\"envira-gallery-item-inner\"><div class=\"envira-gallery-position-overlay  envira-gallery-top-left\"><\/div><div class=\"envira-gallery-position-overlay  envira-gallery-top-right\"><\/div><div class=\"envira-gallery-position-overlay  envira-gallery-bottom-left\"><\/div><div class=\"envira-gallery-position-overlay  envira-gallery-bottom-right\"><\/div><a href=\"https:\/\/mlwq2qtlvxee.i.optimole.com\/w:auto\/h:auto\/q:mauto\/ig:avif\/https:\/\/iddef.eu\/wp-content\/uploads\/2024\/12\/P1000428-scaled.jpg\" class=\"envira-gallery-1078 envira-gallery-link\" rel=\"enviragallery1078\" title=\"P1000428\" data-envira-caption=\"P1000428\" data-envira-retina=\"\" data-thumbnail=\"\"  itemprop=\"contentUrl\"><img data-opt-id=1580427157  fetchpriority=\"high\" decoding=\"async\" id=\"envira-gallery-image-1339\" class=\"envira-gallery-image envira-gallery-image-1 envira-normal envira-lazy\" data-envira-index=\"1\" src=\"https:\/\/mlwq2qtlvxee.i.optimole.com\/w:1024\/h:683\/q:mauto\/ig:avif\/https:\/\/iddef.eu\/wp-content\/uploads\/2024\/12\/P1000428.jpg\" data-envira-src=\"https:\/\/mlwq2qtlvxee.i.optimole.com\/w:1024\/h:683\/q:mauto\/ig:avif\/https:\/\/iddef.eu\/wp-content\/uploads\/2024\/12\/P1000428.jpg\" data-envira-gallery-id=\"1078\" data-envira-item-id=\"1339\" data-envira-caption=\"P1000428\" alt=\"\" title=\"P1000428\"  itemprop=\"thumbnailUrl\" data-envira-srcset=\"https:\/\/mlwq2qtlvxee.i.optimole.com\/w:1024\/h:683\/q:mauto\/ig:avif\/https:\/\/iddef.eu\/wp-content\/uploads\/2024\/12\/P1000428.jpg 400w,https:\/\/mlwq2qtlvxee.i.optimole.com\/w:1024\/h:683\/q:mauto\/ig:avif\/https:\/\/iddef.eu\/wp-content\/uploads\/2024\/12\/P1000428.jpg 2x\" data-envira-width=\"300\" data-envira-height=\"200\" srcset=\"data:image\/gif;base64,R0lGODlhAQABAIAAAP\/\/\/\/\/\/\/yH5BAEKAAEALAAAAAABAAEAAAICTAEAOw==\" data-safe-src=\"data:image\/gif;base64,R0lGODlhAQABAIAAAP\/\/\/\/\/\/\/yH5BAEKAAEALAAAAAABAAEAAAICTAEAOw==\" \/><\/a><\/div><\/div><div id=\"envira-gallery-item-1341\" class=\"envira-gallery-item enviratope-item envira-gallery-item-2 envira-lazy-load\" style=\"padding-left: 5px; padding-bottom: 10px; padding-right: 5px;\"  itemscope itemtype=\"https:\/\/schema.org\/ImageObject\"><div class=\"envira-gallery-item-inner\"><div class=\"envira-gallery-position-overlay  envira-gallery-top-left\"><\/div><div class=\"envira-gallery-position-overlay  envira-gallery-top-right\"><\/div><div class=\"envira-gallery-position-overlay  envira-gallery-bottom-left\"><\/div><div class=\"envira-gallery-position-overlay  envira-gallery-bottom-right\"><\/div><a href=\"https:\/\/mlwq2qtlvxee.i.optimole.com\/w:auto\/h:auto\/q:mauto\/ig:avif\/https:\/\/iddef.eu\/wp-content\/uploads\/2024\/12\/0F1A5548-scaled.jpg\" class=\"envira-gallery-1078 envira-gallery-link\" rel=\"enviragallery1078\" title=\"0F1A5548\" data-envira-caption=\"0F1A5548\" data-envira-retina=\"\" data-thumbnail=\"\"  itemprop=\"contentUrl\"><img data-opt-id=711680252  fetchpriority=\"high\" decoding=\"async\" id=\"envira-gallery-image-1341\" class=\"envira-gallery-image envira-gallery-image-2 envira-normal envira-lazy\" data-envira-index=\"2\" src=\"https:\/\/mlwq2qtlvxee.i.optimole.com\/w:1024\/h:683\/q:mauto\/ig:avif\/https:\/\/iddef.eu\/wp-content\/uploads\/2024\/12\/0F1A5548.jpg\" data-envira-src=\"https:\/\/mlwq2qtlvxee.i.optimole.com\/w:1024\/h:683\/q:mauto\/ig:avif\/https:\/\/iddef.eu\/wp-content\/uploads\/2024\/12\/0F1A5548.jpg\" data-envira-gallery-id=\"1078\" data-envira-item-id=\"1341\" data-envira-caption=\"0F1A5548\" alt=\"\" title=\"0F1A5548\"  itemprop=\"thumbnailUrl\" data-envira-srcset=\"https:\/\/mlwq2qtlvxee.i.optimole.com\/w:1024\/h:683\/q:mauto\/ig:avif\/https:\/\/iddef.eu\/wp-content\/uploads\/2024\/12\/0F1A5548.jpg 400w,https:\/\/mlwq2qtlvxee.i.optimole.com\/w:1024\/h:683\/q:mauto\/ig:avif\/https:\/\/iddef.eu\/wp-content\/uploads\/2024\/12\/0F1A5548.jpg 2x\" data-envira-width=\"300\" data-envira-height=\"200\" srcset=\"data:image\/gif;base64,R0lGODlhAQABAIAAAP\/\/\/\/\/\/\/yH5BAEKAAEALAAAAAABAAEAAAICTAEAOw==\" data-safe-src=\"data:image\/gif;base64,R0lGODlhAQABAIAAAP\/\/\/\/\/\/\/yH5BAEKAAEALAAAAAABAAEAAAICTAEAOw==\" \/><\/a><\/div><\/div><div id=\"envira-gallery-item-1385\" class=\"envira-gallery-item enviratope-item envira-gallery-item-3 envira-lazy-load\" style=\"padding-left: 5px; padding-bottom: 10px; padding-right: 5px;\"  itemscope itemtype=\"https:\/\/schema.org\/ImageObject\"><div class=\"envira-gallery-item-inner\"><div class=\"envira-gallery-position-overlay  envira-gallery-top-left\"><\/div><div class=\"envira-gallery-position-overlay  envira-gallery-top-right\"><\/div><div class=\"envira-gallery-position-overlay  envira-gallery-bottom-left\"><\/div><div class=\"envira-gallery-position-overlay  envira-gallery-bottom-right\"><\/div><a href=\"https:\/\/mlwq2qtlvxee.i.optimole.com\/w:auto\/h:auto\/q:mauto\/ig:avif\/https:\/\/iddef.eu\/wp-content\/uploads\/2025\/01\/DSC00050-scaled.jpg\" class=\"envira-gallery-1078 envira-gallery-link\" rel=\"enviragallery1078\" title=\"DSC00050\" data-envira-caption=\"DSC00050\" data-envira-retina=\"\" data-thumbnail=\"\"  itemprop=\"contentUrl\"><img data-opt-id=351822547  decoding=\"async\" id=\"envira-gallery-image-1385\" class=\"envira-gallery-image envira-gallery-image-3 envira-normal envira-lazy\" data-envira-index=\"3\" src=\"https:\/\/mlwq2qtlvxee.i.optimole.com\/w:1024\/h:576\/q:mauto\/ig:avif\/https:\/\/iddef.eu\/wp-content\/uploads\/2025\/01\/DSC00050.jpg\" data-envira-src=\"https:\/\/mlwq2qtlvxee.i.optimole.com\/w:1024\/h:576\/q:mauto\/ig:avif\/https:\/\/iddef.eu\/wp-content\/uploads\/2025\/01\/DSC00050.jpg\" data-envira-gallery-id=\"1078\" data-envira-item-id=\"1385\" data-envira-caption=\"DSC00050\" alt=\"\" title=\"DSC00050\"  itemprop=\"thumbnailUrl\" data-envira-srcset=\"https:\/\/mlwq2qtlvxee.i.optimole.com\/w:1024\/h:576\/q:mauto\/ig:avif\/https:\/\/iddef.eu\/wp-content\/uploads\/2025\/01\/DSC00050.jpg 400w,https:\/\/mlwq2qtlvxee.i.optimole.com\/w:1024\/h:576\/q:mauto\/ig:avif\/https:\/\/iddef.eu\/wp-content\/uploads\/2025\/01\/DSC00050.jpg 2x\" data-envira-width=\"300\" data-envira-height=\"169\" srcset=\"data:image\/gif;base64,R0lGODlhAQABAIAAAP\/\/\/\/\/\/\/yH5BAEKAAEALAAAAAABAAEAAAICTAEAOw==\" data-safe-src=\"data:image\/gif;base64,R0lGODlhAQABAIAAAP\/\/\/\/\/\/\/yH5BAEKAAEALAAAAAABAAEAAAICTAEAOw==\" \/><\/a><\/div><\/div><div id=\"envira-gallery-item-1386\" class=\"envira-gallery-item enviratope-item envira-gallery-item-4 envira-lazy-load\" style=\"padding-left: 5px; padding-bottom: 10px; padding-right: 5px;\"  itemscope itemtype=\"https:\/\/schema.org\/ImageObject\"><div class=\"envira-gallery-item-inner\"><div class=\"envira-gallery-position-overlay  envira-gallery-top-left\"><\/div><div class=\"envira-gallery-position-overlay  envira-gallery-top-right\"><\/div><div class=\"envira-gallery-position-overlay  envira-gallery-bottom-left\"><\/div><div class=\"envira-gallery-position-overlay  envira-gallery-bottom-right\"><\/div><a href=\"https:\/\/mlwq2qtlvxee.i.optimole.com\/w:auto\/h:auto\/q:mauto\/ig:avif\/https:\/\/iddef.eu\/wp-content\/uploads\/2025\/01\/WhatsApp-Image-2023-05-23-at-13.33.32.jpeg\" class=\"envira-gallery-1078 envira-gallery-link\" rel=\"enviragallery1078\" title=\"WhatsApp slika 23.05.2023. u 13:33:32\" data-envira-caption=\"WhatsApp Image 2023-05-23 at 13.33.32\" data-envira-retina=\"\" data-thumbnail=\"\"  itemprop=\"contentUrl\"><img data-opt-id=862514676  decoding=\"async\" id=\"envira-gallery-image-1386\" class=\"envira-gallery-image envira-gallery-image-4 envira-normal envira-lazy\" data-envira-index=\"4\" src=\"https:\/\/mlwq2qtlvxee.i.optimole.com\/w:1024\/h:461\/q:mauto\/ig:avif\/https:\/\/iddef.eu\/wp-content\/uploads\/2025\/01\/WhatsApp-Image-2023-05-23-at-13.33.32.jpeg\" data-envira-src=\"https:\/\/mlwq2qtlvxee.i.optimole.com\/w:1024\/h:461\/q:mauto\/ig:avif\/https:\/\/iddef.eu\/wp-content\/uploads\/2025\/01\/WhatsApp-Image-2023-05-23-at-13.33.32.jpeg\" data-envira-gallery-id=\"1078\" data-envira-item-id=\"1386\" data-envira-caption=\"WhatsApp Image 2023-05-23 at 13.33.32\" alt=\"\" title=\"WhatsApp slika 23.05.2023. u 13:33:32\"  itemprop=\"thumbnailUrl\" data-envira-srcset=\"https:\/\/mlwq2qtlvxee.i.optimole.com\/w:1024\/h:461\/q:mauto\/ig:avif\/https:\/\/iddef.eu\/wp-content\/uploads\/2025\/01\/WhatsApp-Image-2023-05-23-at-13.33.32.jpeg 400w,https:\/\/mlwq2qtlvxee.i.optimole.com\/w:1024\/h:461\/q:mauto\/ig:avif\/https:\/\/iddef.eu\/wp-content\/uploads\/2025\/01\/WhatsApp-Image-2023-05-23-at-13.33.32.jpeg 2x\" data-envira-width=\"300\" data-envira-height=\"135\" srcset=\"data:image\/gif;base64,R0lGODlhAQABAIAAAP\/\/\/\/\/\/\/yH5BAEKAAEALAAAAAABAAEAAAICTAEAOw==\" data-safe-src=\"data:image\/gif;base64,R0lGODlhAQABAIAAAP\/\/\/\/\/\/\/yH5BAEKAAEALAAAAAABAAEAAAICTAEAOw==\" \/><\/a><\/div><\/div><\/div><\/div><noscript><img data-opt-id=2145844572  decoding=\"async\" src=\"https:\/\/mlwq2qtlvxee.i.optimole.com\/w:auto\/h:auto\/q:mauto\/ig:avif\/https:\/\/iddef.eu\/wp-content\/uploads\/2024\/12\/P1000428-scaled.jpg\" alt=\"\" \/><img data-opt-id=2102361609  decoding=\"async\" src=\"https:\/\/mlwq2qtlvxee.i.optimole.com\/w:auto\/h:auto\/q:mauto\/ig:avif\/https:\/\/iddef.eu\/wp-content\/uploads\/2024\/12\/0F1A5548-scaled.jpg\" alt=\"\" \/><img data-opt-id=170358859  decoding=\"async\" src=\"https:\/\/mlwq2qtlvxee.i.optimole.com\/w:auto\/h:auto\/q:mauto\/ig:avif\/https:\/\/iddef.eu\/wp-content\/uploads\/2025\/01\/DSC00050-scaled.jpg\" alt=\"\" \/><img data-opt-id=1831969614  decoding=\"async\" src=\"https:\/\/mlwq2qtlvxee.i.optimole.com\/w:auto\/h:auto\/q:mauto\/ig:avif\/https:\/\/iddef.eu\/wp-content\/uploads\/2025\/01\/WhatsApp-Image-2023-05-23-at-13.33.32.jpeg\" alt=\"\" \/><\/noscript><\/code><\/p>\n\n\n\n<p><\/p>","protected":false},"excerpt":{"rendered":"<p>VacipPflichtopfer AdakGel\u00f6bnisopfer SadakaWohlt\u00e4tigkeitopfer AkikaNeugeborenenopfer \u015e\u00fck\u00fcrDankesopfer RuhunaVerstorbenenopfer Wir senden dem Spender eine Informationsnachricht per SMS und ein Video \u00fcber die Opferung. Der Spender kann das Video auf Wunsch \u00fcber den Download-Button auf sein Smartphone oder seinen Computer herunterladen. Es werden je nach Auswahl durch den Spender entweder ein Schaf, Ziege oder [&hellip;]<\/p>\n","protected":false},"author":2,"featured_media":0,"parent":0,"menu_order":0,"comment_status":"closed","ping_status":"closed","template":"page-templates\/template-fullwidth.php","meta":{"footnotes":""},"class_list":["post-63","page","type-page","status-publish","hentry"],"_links":{"self":[{"href":"https:\/\/iddef.eu\/bs\/wp-json\/wp\/v2\/pages\/63","targetHints":{"allow":["GET"]}}],"collection":[{"href":"https:\/\/iddef.eu\/bs\/wp-json\/wp\/v2\/pages"}],"about":[{"href":"https:\/\/iddef.eu\/bs\/wp-json\/wp\/v2\/types\/page"}],"author":[{"embeddable":true,"href":"https:\/\/iddef.eu\/bs\/wp-json\/wp\/v2\/users\/2"}],"replies":[{"embeddable":true,"href":"https:\/\/iddef.eu\/bs\/wp-json\/wp\/v2\/comments?post=63"}],"version-history":[{"count":16,"href":"https:\/\/iddef.eu\/bs\/wp-json\/wp\/v2\/pages\/63\/revisions"}],"predecessor-version":[{"id":1412,"href":"https:\/\/iddef.eu\/bs\/wp-json\/wp\/v2\/pages\/63\/revisions\/1412"}],"wp:attachment":[{"href":"https:\/\/iddef.eu\/bs\/wp-json\/wp\/v2\/media?parent=63"}],"curies":[{"name":"wp","href":"https:\/\/api.w.org\/{rel}","templated":true}]}}