{"id":624,"date":"2024-10-08T15:34:14","date_gmt":"2024-10-08T12:34:14","guid":{"rendered":"https:\/\/iddef.eu\/?page_id=624"},"modified":"2025-01-16T10:27:06","modified_gmt":"2025-01-16T07:27:06","slug":"lehrer-patenschaft","status":"publish","type":"page","link":"https:\/\/iddef.eu\/bs\/lehrer-patenschaft\/","title":{"rendered":"sponzorstvo nastavnika"},"content":{"rendered":"<p>Lehrer sind vielmehr als nur Lehrer<\/p>\n\n\n\n<p>Gerade Kinder in Entwicklungsl\u00e4ndern oder in Katastrophen-, Kriegs- oder Krisengebieten haben oft keine Chance eine Schule oder Medrese zu besuchen. Die Medrese gibt den Kindern vor allem auch Normalit\u00e4t und Struktur um ihren t\u00e4glichen Alltag wieder zu bew\u00e4ltigen.<\/p>\n\n\n\n<p>Lehrerpatenschaft finanzieren die L\u00f6hne von Lehrern und Gelehrten. Mit Ihrer Unterst\u00fctzung wird der Betriebsunterhalt von Schulen sichergestellt. Sie bilden ein wichtiges Fundament f\u00fcr die Zukunft von den Sch\u00fclern.<\/p>\n\n\n\n<p>Anstatt ein Hafiz oder Imam-Sch\u00fcler zu f\u00f6rdern, helfen Sie zahlreiche Hafiz oder Imam (Gelehrte) auszubilden.<\/p>\n\n\n\n<p><code><div id=\"envira-gallery-wrap-1102\" class=\"envira-gallery-wrap envira-gallery-theme-base envira-lightbox-theme-base\" itemscope itemtype=\"https:\/\/schema.org\/ImageGallery\"><div data-row-height=\"150\" data-gallery-theme=\"normal\" id=\"envira-gallery-1102\" class=\"envira-gallery-public envira-gallery-justified-public envira-gallery-0-columns envira-clear enviratope envira-gallery-css-animations\" data-envira-columns=\"0\"><div id=\"envira-gallery-item-1266\" class=\"envira-gallery-item enviratope-item envira-gallery-item-1 envira-lazy-load\" style=\"padding-left: 5px; padding-bottom: 10px; padding-right: 5px;\"  itemscope itemtype=\"https:\/\/schema.org\/ImageObject\"><div class=\"envira-gallery-item-inner\"><div class=\"envira-gallery-position-overlay  envira-gallery-top-left\"><\/div><div class=\"envira-gallery-position-overlay  envira-gallery-top-right\"><\/div><div class=\"envira-gallery-position-overlay  envira-gallery-bottom-left\"><\/div><div class=\"envira-gallery-position-overlay  envira-gallery-bottom-right\"><\/div><a href=\"https:\/\/mlwq2qtlvxee.i.optimole.com\/w:auto\/h:auto\/q:mauto\/ig:avif\/https:\/\/iddef.eu\/wp-content\/uploads\/2024\/12\/2020_12_23_00_02_04_WssyDeNbeQGfFRs.jpg\" class=\"envira-gallery-1102 envira-gallery-link\" rel=\"enviragallery1102\" title=\"2020_12_23_00_02_04_WssyDeNbeQGfFRs\" data-envira-caption=\"2020_12_23_00_02_04_WssyDeNbeQGfFRs\" data-envira-retina=\"\" data-thumbnail=\"\"  itemprop=\"contentUrl\"><img data-opt-id=1785884516  fetchpriority=\"high\" decoding=\"async\" id=\"envira-gallery-image-1266\" class=\"envira-gallery-image envira-gallery-image-1 envira-normal envira-lazy\" data-envira-index=\"1\" src=\"https:\/\/mlwq2qtlvxee.i.optimole.com\/w:1024\/h:767\/q:mauto\/ig:avif\/https:\/\/iddef.eu\/wp-content\/uploads\/2024\/12\/2020_12_23_00_02_04_WssyDeNbeQGfFRs.jpg\" data-envira-src=\"https:\/\/mlwq2qtlvxee.i.optimole.com\/w:1024\/h:767\/q:mauto\/ig:avif\/https:\/\/iddef.eu\/wp-content\/uploads\/2024\/12\/2020_12_23_00_02_04_WssyDeNbeQGfFRs.jpg\" data-envira-gallery-id=\"1102\" data-envira-item-id=\"1266\" data-envira-caption=\"2020_12_23_00_02_04_WssyDeNbeQGfFRs\" alt=\"\" title=\"2020_12_23_00_02_04_WssyDeNbeQGfFRs\"  itemprop=\"thumbnailUrl\" data-envira-srcset=\"https:\/\/mlwq2qtlvxee.i.optimole.com\/w:1024\/h:767\/q:mauto\/ig:avif\/https:\/\/iddef.eu\/wp-content\/uploads\/2024\/12\/2020_12_23_00_02_04_WssyDeNbeQGfFRs.jpg 400w,https:\/\/mlwq2qtlvxee.i.optimole.com\/w:1024\/h:767\/q:mauto\/ig:avif\/https:\/\/iddef.eu\/wp-content\/uploads\/2024\/12\/2020_12_23_00_02_04_WssyDeNbeQGfFRs.jpg 2x\" data-envira-width=\"300\" data-envira-height=\"225\" srcset=\"data:image\/gif;base64,R0lGODlhAQABAIAAAP\/\/\/\/\/\/\/yH5BAEKAAEALAAAAAABAAEAAAICTAEAOw==\" data-safe-src=\"data:image\/gif;base64,R0lGODlhAQABAIAAAP\/\/\/\/\/\/\/yH5BAEKAAEALAAAAAABAAEAAAICTAEAOw==\" \/><\/a><\/div><\/div><div id=\"envira-gallery-item-1267\" class=\"envira-gallery-item enviratope-item envira-gallery-item-2 envira-lazy-load\" style=\"padding-left: 5px; padding-bottom: 10px; padding-right: 5px;\"  itemscope itemtype=\"https:\/\/schema.org\/ImageObject\"><div class=\"envira-gallery-item-inner\"><div class=\"envira-gallery-position-overlay  envira-gallery-top-left\"><\/div><div class=\"envira-gallery-position-overlay  envira-gallery-top-right\"><\/div><div class=\"envira-gallery-position-overlay  envira-gallery-bottom-left\"><\/div><div class=\"envira-gallery-position-overlay  envira-gallery-bottom-right\"><\/div><a href=\"https:\/\/mlwq2qtlvxee.i.optimole.com\/w:auto\/h:auto\/q:mauto\/ig:avif\/https:\/\/iddef.eu\/wp-content\/uploads\/2024\/12\/2023_01_27_22_53_12_TBJZ2R6XP4yySMv.png\" class=\"envira-gallery-1102 envira-gallery-link\" rel=\"enviragallery1102\" title=\"2023_01_27_22_53_12_TBJZ2R6XP4yySMv\" data-envira-caption=\"2023_01_27_22_53_12_TBJZ2R6XP4yySMv\" data-envira-retina=\"\" data-thumbnail=\"\"  itemprop=\"contentUrl\"><img data-opt-id=1313655218  fetchpriority=\"high\" decoding=\"async\" id=\"envira-gallery-image-1267\" class=\"envira-gallery-image envira-gallery-image-2 envira-normal envira-lazy\" data-envira-index=\"2\" src=\"https:\/\/mlwq2qtlvxee.i.optimole.com\/w:auto\/h:auto\/q:mauto\/ig:avif\/https:\/\/iddef.eu\/wp-content\/uploads\/2024\/12\/2023_01_27_22_53_12_TBJZ2R6XP4yySMv.png\" data-envira-src=\"https:\/\/mlwq2qtlvxee.i.optimole.com\/w:auto\/h:auto\/q:mauto\/ig:avif\/https:\/\/iddef.eu\/wp-content\/uploads\/2024\/12\/2023_01_27_22_53_12_TBJZ2R6XP4yySMv.png\" data-envira-gallery-id=\"1102\" data-envira-item-id=\"1267\" data-envira-caption=\"2023_01_27_22_53_12_TBJZ2R6XP4yySMv\" alt=\"\" title=\"2023_01_27_22_53_12_TBJZ2R6XP4yySMv\"  itemprop=\"thumbnailUrl\" data-envira-srcset=\"https:\/\/mlwq2qtlvxee.i.optimole.com\/w:auto\/h:auto\/q:mauto\/ig:avif\/https:\/\/iddef.eu\/wp-content\/uploads\/2024\/12\/2023_01_27_22_53_12_TBJZ2R6XP4yySMv.png 400w,https:\/\/mlwq2qtlvxee.i.optimole.com\/w:auto\/h:auto\/q:mauto\/ig:avif\/https:\/\/iddef.eu\/wp-content\/uploads\/2024\/12\/2023_01_27_22_53_12_TBJZ2R6XP4yySMv.png 2x\" data-envira-width=\"300\" data-envira-height=\"169\" srcset=\"data:image\/gif;base64,R0lGODlhAQABAIAAAP\/\/\/\/\/\/\/yH5BAEKAAEALAAAAAABAAEAAAICTAEAOw==\" data-safe-src=\"data:image\/gif;base64,R0lGODlhAQABAIAAAP\/\/\/\/\/\/\/yH5BAEKAAEALAAAAAABAAEAAAICTAEAOw==\" \/><\/a><\/div><\/div><div id=\"envira-gallery-item-1268\" class=\"envira-gallery-item enviratope-item envira-gallery-item-3 envira-lazy-load\" style=\"padding-left: 5px; padding-bottom: 10px; padding-right: 5px;\"  itemscope itemtype=\"https:\/\/schema.org\/ImageObject\"><div class=\"envira-gallery-item-inner\"><div class=\"envira-gallery-position-overlay  envira-gallery-top-left\"><\/div><div class=\"envira-gallery-position-overlay  envira-gallery-top-right\"><\/div><div class=\"envira-gallery-position-overlay  envira-gallery-bottom-left\"><\/div><div class=\"envira-gallery-position-overlay  envira-gallery-bottom-right\"><\/div><a href=\"https:\/\/mlwq2qtlvxee.i.optimole.com\/w:auto\/h:auto\/q:mauto\/ig:avif\/https:\/\/iddef.eu\/wp-content\/uploads\/2024\/12\/2023_03_20_12_10_26_pDIZNZaUv0Cl2Of.png\" class=\"envira-gallery-1102 envira-gallery-link\" rel=\"enviragallery1102\" title=\"2023_03_20_12_10_26_pDIZNZaUv0Cl2Of\" data-envira-caption=\"2023_03_20_12_10_26_pDIZNZaUv0Cl2Of\" data-envira-retina=\"\" data-thumbnail=\"\"  itemprop=\"contentUrl\"><img data-opt-id=1162625139  decoding=\"async\" id=\"envira-gallery-image-1268\" class=\"envira-gallery-image envira-gallery-image-3 envira-normal envira-lazy\" data-envira-index=\"3\" src=\"https:\/\/mlwq2qtlvxee.i.optimole.com\/w:auto\/h:auto\/q:mauto\/ig:avif\/https:\/\/iddef.eu\/wp-content\/uploads\/2024\/12\/2023_03_20_12_10_26_pDIZNZaUv0Cl2Of.png\" data-envira-src=\"https:\/\/mlwq2qtlvxee.i.optimole.com\/w:auto\/h:auto\/q:mauto\/ig:avif\/https:\/\/iddef.eu\/wp-content\/uploads\/2024\/12\/2023_03_20_12_10_26_pDIZNZaUv0Cl2Of.png\" data-envira-gallery-id=\"1102\" data-envira-item-id=\"1268\" data-envira-caption=\"2023_03_20_12_10_26_pDIZNZaUv0Cl2Of\" alt=\"\" title=\"2023_03_20_12_10_26_pDIZNZaUv0Cl2Of\"  itemprop=\"thumbnailUrl\" data-envira-srcset=\"https:\/\/mlwq2qtlvxee.i.optimole.com\/w:auto\/h:auto\/q:mauto\/ig:avif\/https:\/\/iddef.eu\/wp-content\/uploads\/2024\/12\/2023_03_20_12_10_26_pDIZNZaUv0Cl2Of.png 400w,https:\/\/mlwq2qtlvxee.i.optimole.com\/w:auto\/h:auto\/q:mauto\/ig:avif\/https:\/\/iddef.eu\/wp-content\/uploads\/2024\/12\/2023_03_20_12_10_26_pDIZNZaUv0Cl2Of.png 2x\" data-envira-width=\"300\" data-envira-height=\"225\" srcset=\"data:image\/gif;base64,R0lGODlhAQABAIAAAP\/\/\/\/\/\/\/yH5BAEKAAEALAAAAAABAAEAAAICTAEAOw==\" data-safe-src=\"data:image\/gif;base64,R0lGODlhAQABAIAAAP\/\/\/\/\/\/\/yH5BAEKAAEALAAAAAABAAEAAAICTAEAOw==\" \/><\/a><\/div><\/div><div id=\"envira-gallery-item-1269\" class=\"envira-gallery-item enviratope-item envira-gallery-item-4 envira-lazy-load\" style=\"padding-left: 5px; padding-bottom: 10px; padding-right: 5px;\"  itemscope itemtype=\"https:\/\/schema.org\/ImageObject\"><div class=\"envira-gallery-item-inner\"><div class=\"envira-gallery-position-overlay  envira-gallery-top-left\"><\/div><div class=\"envira-gallery-position-overlay  envira-gallery-top-right\"><\/div><div class=\"envira-gallery-position-overlay  envira-gallery-bottom-left\"><\/div><div class=\"envira-gallery-position-overlay  envira-gallery-bottom-right\"><\/div><a href=\"https:\/\/mlwq2qtlvxee.i.optimole.com\/w:auto\/h:auto\/q:mauto\/ig:avif\/https:\/\/iddef.eu\/wp-content\/uploads\/2024\/12\/2023_12_26_16_54_22_2s7ngrdcH456aO9.jpg\" class=\"envira-gallery-1102 envira-gallery-link\" rel=\"enviragallery1102\" title=\"2023_12_26_16_54_22_2s7ngrdcH456aO9\" data-envira-caption=\"2023_12_26_16_54_22_2s7ngrdcH456aO9\" data-envira-retina=\"\" data-thumbnail=\"\"  itemprop=\"contentUrl\"><img data-opt-id=927577201  decoding=\"async\" id=\"envira-gallery-image-1269\" class=\"envira-gallery-image envira-gallery-image-4 envira-normal envira-lazy\" data-envira-index=\"4\" src=\"https:\/\/mlwq2qtlvxee.i.optimole.com\/w:auto\/h:auto\/q:mauto\/ig:avif\/https:\/\/iddef.eu\/wp-content\/uploads\/2024\/12\/2023_12_26_16_54_22_2s7ngrdcH456aO9.jpg\" data-envira-src=\"https:\/\/mlwq2qtlvxee.i.optimole.com\/w:auto\/h:auto\/q:mauto\/ig:avif\/https:\/\/iddef.eu\/wp-content\/uploads\/2024\/12\/2023_12_26_16_54_22_2s7ngrdcH456aO9.jpg\" data-envira-gallery-id=\"1102\" data-envira-item-id=\"1269\" data-envira-caption=\"2023_12_26_16_54_22_2s7ngrdcH456aO9\" alt=\"\" title=\"2023_12_26_16_54_22_2s7ngrdcH456aO9\"  itemprop=\"thumbnailUrl\" data-envira-srcset=\"https:\/\/mlwq2qtlvxee.i.optimole.com\/w:auto\/h:auto\/q:mauto\/ig:avif\/https:\/\/iddef.eu\/wp-content\/uploads\/2024\/12\/2023_12_26_16_54_22_2s7ngrdcH456aO9.jpg 400w,https:\/\/mlwq2qtlvxee.i.optimole.com\/w:auto\/h:auto\/q:mauto\/ig:avif\/https:\/\/iddef.eu\/wp-content\/uploads\/2024\/12\/2023_12_26_16_54_22_2s7ngrdcH456aO9.jpg 2x\" data-envira-width=\"300\" data-envira-height=\"200\" srcset=\"data:image\/gif;base64,R0lGODlhAQABAIAAAP\/\/\/\/\/\/\/yH5BAEKAAEALAAAAAABAAEAAAICTAEAOw==\" data-safe-src=\"data:image\/gif;base64,R0lGODlhAQABAIAAAP\/\/\/\/\/\/\/yH5BAEKAAEALAAAAAABAAEAAAICTAEAOw==\" \/><\/a><\/div><\/div><\/div><\/div><noscript><img data-opt-id=667248938  decoding=\"async\" src=\"https:\/\/mlwq2qtlvxee.i.optimole.com\/w:auto\/h:auto\/q:mauto\/ig:avif\/https:\/\/iddef.eu\/wp-content\/uploads\/2024\/12\/2020_12_23_00_02_04_WssyDeNbeQGfFRs.jpg\" alt=\"\" \/><img data-opt-id=1313655218  decoding=\"async\" src=\"https:\/\/mlwq2qtlvxee.i.optimole.com\/w:auto\/h:auto\/q:mauto\/ig:avif\/https:\/\/iddef.eu\/wp-content\/uploads\/2024\/12\/2023_01_27_22_53_12_TBJZ2R6XP4yySMv.png\" alt=\"\" \/><img data-opt-id=1162625139  decoding=\"async\" src=\"https:\/\/mlwq2qtlvxee.i.optimole.com\/w:auto\/h:auto\/q:mauto\/ig:avif\/https:\/\/iddef.eu\/wp-content\/uploads\/2024\/12\/2023_03_20_12_10_26_pDIZNZaUv0Cl2Of.png\" alt=\"\" \/><img data-opt-id=927577201  decoding=\"async\" src=\"https:\/\/mlwq2qtlvxee.i.optimole.com\/w:auto\/h:auto\/q:mauto\/ig:avif\/https:\/\/iddef.eu\/wp-content\/uploads\/2024\/12\/2023_12_26_16_54_22_2s7ngrdcH456aO9.jpg\" alt=\"\" \/><\/noscript><\/code><\/p>","protected":false},"excerpt":{"rendered":"<p>Lehrer sind vielmehr als nur Lehrer Gerade Kinder in Entwicklungsl\u00e4ndern oder in Katastrophen-, Kriegs- oder Krisengebieten haben oft keine Chance eine Schule oder Medrese zu besuchen. Die Medrese gibt den Kindern vor allem auch Normalit\u00e4t und Struktur um ihren t\u00e4glichen Alltag wieder zu bew\u00e4ltigen. Lehrerpatenschaft finanzieren die L\u00f6hne von Lehrern [&hellip;]<\/p>\n","protected":false},"author":2,"featured_media":0,"parent":0,"menu_order":0,"comment_status":"closed","ping_status":"closed","template":"","meta":{"footnotes":""},"class_list":["post-624","page","type-page","status-publish","hentry"],"_links":{"self":[{"href":"https:\/\/iddef.eu\/bs\/wp-json\/wp\/v2\/pages\/624","targetHints":{"allow":["GET"]}}],"collection":[{"href":"https:\/\/iddef.eu\/bs\/wp-json\/wp\/v2\/pages"}],"about":[{"href":"https:\/\/iddef.eu\/bs\/wp-json\/wp\/v2\/types\/page"}],"author":[{"embeddable":true,"href":"https:\/\/iddef.eu\/bs\/wp-json\/wp\/v2\/users\/2"}],"replies":[{"embeddable":true,"href":"https:\/\/iddef.eu\/bs\/wp-json\/wp\/v2\/comments?post=624"}],"version-history":[{"count":6,"href":"https:\/\/iddef.eu\/bs\/wp-json\/wp\/v2\/pages\/624\/revisions"}],"predecessor-version":[{"id":1432,"href":"https:\/\/iddef.eu\/bs\/wp-json\/wp\/v2\/pages\/624\/revisions\/1432"}],"wp:attachment":[{"href":"https:\/\/iddef.eu\/bs\/wp-json\/wp\/v2\/media?parent=624"}],"curies":[{"name":"wp","href":"https:\/\/api.w.org\/{rel}","templated":true}]}}