{"id":340,"date":"2024-09-26T11:48:31","date_gmt":"2024-09-26T08:48:31","guid":{"rendered":"https:\/\/iddef.eu\/?page_id=340"},"modified":"2025-01-16T10:09:58","modified_gmt":"2025-01-16T07:09:58","slug":"vacip-kuran-pflicht-opfer","status":"publish","type":"page","link":"https:\/\/iddef.eu\/bs\/vacip-kuran-pflicht-opfer\/","title":{"rendered":"Vacip obavezna \u017ertva"},"content":{"rendered":"<div class=\"wp-block-columns is-layout-flex wp-container-core-columns-is-layout-9d6595d7 wp-block-columns-is-layout-flex\">\n<div class=\"wp-block-column is-layout-flow wp-block-column-is-layout-flow\" style=\"flex-basis:33.33%\">\n<div class=\"wp-block-buttons is-layout-flex wp-container-core-buttons-is-layout-a74382ec wp-block-buttons-is-layout-flex\" style=\"margin-bottom: 10px;\">\n\n<div style=\"display: block !important; width: 100%;\" class=\"wp-block-button is-style-fill\"><a style=\"display: block; border-radius: 8px; padding: 10px\" class=\"wp-block-button__link has-text-align-center wp-element-button\" href=\"\/bs\/opfertiere-kurbanudhiya\/\">\u017ertvene \u017eivotinje<\/a><\/div>\n\n<\/div>\n\n\n\n<div class=\"wp-block-columns is-layout-flex wp-container-core-columns-is-layout-9d6595d7 wp-block-columns-is-layout-flex\">\n<div class=\"wp-block-column is-layout-flow wp-block-column-is-layout-flow\" style=\"line-height: 52px; text-align: center\">\n\n<div style=\"display: block; border-radius: 8px; padding: 0; background-color: #303b61; font-weight: bold; cursor: auto;\" class=\"wp-block-button__link has-text-align-center wp-element-button\">100\u20ac<\/div>\n\n<\/div>\n\n\n\n<div class=\"wp-block-column is-layout-flow wp-block-column-is-layout-flow\">\n<div class=\"wp-block-buttons is-layout-flex wp-container-core-buttons-is-layout-a74382ec wp-block-buttons-is-layout-flex\">\n<div style=\"display: block !important; width: 100%;\" class=\"wp-block-button is-style-fill\"><a style=\"display: block; border-radius: 8px; padding: 10px\" class=\"wp-block-button__link has-text-align-center wp-element-button\" href=\"\/bs\/spendemoeglichkeit\/\">Donirajte sada<\/a><\/div>\n<\/div>\n<\/div>\n<\/div>\n\n\n\n<p><code><div id=\"envira-gallery-wrap-1079\" class=\"envira-gallery-wrap envira-gallery-theme-base envira-lightbox-theme-base\" itemscope itemtype=\"https:\/\/schema.org\/ImageGallery\"><div data-row-height=\"150\" data-gallery-theme=\"normal\" id=\"envira-gallery-1079\" class=\"envira-gallery-public envira-gallery-justified-public envira-gallery-0-columns envira-clear enviratope envira-gallery-css-animations\" data-envira-columns=\"0\"><div id=\"envira-gallery-item-1331\" class=\"envira-gallery-item enviratope-item envira-gallery-item-1 envira-lazy-load\" style=\"padding-left: 5px; padding-bottom: 10px; padding-right: 5px;\"  itemscope itemtype=\"https:\/\/schema.org\/ImageObject\"><div class=\"envira-gallery-item-inner\"><div class=\"envira-gallery-position-overlay  envira-gallery-top-left\"><\/div><div class=\"envira-gallery-position-overlay  envira-gallery-top-right\"><\/div><div class=\"envira-gallery-position-overlay  envira-gallery-bottom-left\"><\/div><div class=\"envira-gallery-position-overlay  envira-gallery-bottom-right\"><\/div><a href=\"https:\/\/mlwq2qtlvxee.i.optimole.com\/w:auto\/h:auto\/q:mauto\/ig:avif\/https:\/\/iddef.eu\/wp-content\/uploads\/2024\/12\/2018_09_13_12_04_48_hI5dCaitNz44BHt.jpg\" class=\"envira-gallery-1079 envira-gallery-link\" rel=\"enviragallery1079\" title=\"2018_09_13_12_04_48_hI5dCaitNz44BHt\" data-envira-caption=\"2018_09_13_12_04_48_hI5dCaitNz44BHt\" data-envira-retina=\"\" data-thumbnail=\"\"  itemprop=\"contentUrl\"><img data-opt-id=1090162632  fetchpriority=\"high\" decoding=\"async\" id=\"envira-gallery-image-1331\" class=\"envira-gallery-image envira-gallery-image-1 envira-normal envira-lazy\" data-envira-index=\"1\" src=\"https:\/\/mlwq2qtlvxee.i.optimole.com\/w:auto\/h:auto\/q:mauto\/ig:avif\/https:\/\/iddef.eu\/wp-content\/uploads\/2024\/12\/2018_09_13_12_04_48_hI5dCaitNz44BHt.jpg\" data-envira-src=\"https:\/\/mlwq2qtlvxee.i.optimole.com\/w:auto\/h:auto\/q:mauto\/ig:avif\/https:\/\/iddef.eu\/wp-content\/uploads\/2024\/12\/2018_09_13_12_04_48_hI5dCaitNz44BHt.jpg\" data-envira-gallery-id=\"1079\" data-envira-item-id=\"1331\" data-envira-caption=\"2018_09_13_12_04_48_hI5dCaitNz44BHt\" alt=\"\" title=\"2018_09_13_12_04_48_hI5dCaitNz44BHt\"  itemprop=\"thumbnailUrl\" data-envira-srcset=\"https:\/\/mlwq2qtlvxee.i.optimole.com\/w:auto\/h:auto\/q:mauto\/ig:avif\/https:\/\/iddef.eu\/wp-content\/uploads\/2024\/12\/2018_09_13_12_04_48_hI5dCaitNz44BHt.jpg 400w,https:\/\/mlwq2qtlvxee.i.optimole.com\/w:auto\/h:auto\/q:mauto\/ig:avif\/https:\/\/iddef.eu\/wp-content\/uploads\/2024\/12\/2018_09_13_12_04_48_hI5dCaitNz44BHt.jpg 2x\" data-envira-width=\"300\" data-envira-height=\"150\" srcset=\"data:image\/gif;base64,R0lGODlhAQABAIAAAP\/\/\/\/\/\/\/yH5BAEKAAEALAAAAAABAAEAAAICTAEAOw==\" data-safe-src=\"data:image\/gif;base64,R0lGODlhAQABAIAAAP\/\/\/\/\/\/\/yH5BAEKAAEALAAAAAABAAEAAAICTAEAOw==\" \/><\/a><\/div><\/div><div id=\"envira-gallery-item-1332\" class=\"envira-gallery-item enviratope-item envira-gallery-item-2 envira-lazy-load\" style=\"padding-left: 5px; padding-bottom: 10px; padding-right: 5px;\"  itemscope itemtype=\"https:\/\/schema.org\/ImageObject\"><div class=\"envira-gallery-item-inner\"><div class=\"envira-gallery-position-overlay  envira-gallery-top-left\"><\/div><div class=\"envira-gallery-position-overlay  envira-gallery-top-right\"><\/div><div class=\"envira-gallery-position-overlay  envira-gallery-bottom-left\"><\/div><div class=\"envira-gallery-position-overlay  envira-gallery-bottom-right\"><\/div><a href=\"https:\/\/mlwq2qtlvxee.i.optimole.com\/w:auto\/h:auto\/q:mauto\/ig:avif\/https:\/\/iddef.eu\/wp-content\/uploads\/2024\/12\/2018_09_13_12_12_47_b6etjhPIzslNlnN.jpg\" class=\"envira-gallery-1079 envira-gallery-link\" rel=\"enviragallery1079\" title=\"2018_09_13_12_12_47_b6etjhPIzslNlnN\" data-envira-caption=\"2018_09_13_12_12_47_b6etjhPIzslNlnN\" data-envira-retina=\"\" data-thumbnail=\"\"  itemprop=\"contentUrl\"><img data-opt-id=1026861658  fetchpriority=\"high\" decoding=\"async\" id=\"envira-gallery-image-1332\" class=\"envira-gallery-image envira-gallery-image-2 envira-normal envira-lazy\" data-envira-index=\"2\" src=\"https:\/\/mlwq2qtlvxee.i.optimole.com\/w:auto\/h:auto\/q:mauto\/ig:avif\/https:\/\/iddef.eu\/wp-content\/uploads\/2024\/12\/2018_09_13_12_12_47_b6etjhPIzslNlnN.jpg\" data-envira-src=\"https:\/\/mlwq2qtlvxee.i.optimole.com\/w:auto\/h:auto\/q:mauto\/ig:avif\/https:\/\/iddef.eu\/wp-content\/uploads\/2024\/12\/2018_09_13_12_12_47_b6etjhPIzslNlnN.jpg\" data-envira-gallery-id=\"1079\" data-envira-item-id=\"1332\" data-envira-caption=\"2018_09_13_12_12_47_b6etjhPIzslNlnN\" alt=\"\" title=\"2018_09_13_12_12_47_b6etjhPIzslNlnN\"  itemprop=\"thumbnailUrl\" data-envira-srcset=\"https:\/\/mlwq2qtlvxee.i.optimole.com\/w:auto\/h:auto\/q:mauto\/ig:avif\/https:\/\/iddef.eu\/wp-content\/uploads\/2024\/12\/2018_09_13_12_12_47_b6etjhPIzslNlnN.jpg 400w,https:\/\/mlwq2qtlvxee.i.optimole.com\/w:auto\/h:auto\/q:mauto\/ig:avif\/https:\/\/iddef.eu\/wp-content\/uploads\/2024\/12\/2018_09_13_12_12_47_b6etjhPIzslNlnN.jpg 2x\" data-envira-width=\"300\" data-envira-height=\"165\" srcset=\"data:image\/gif;base64,R0lGODlhAQABAIAAAP\/\/\/\/\/\/\/yH5BAEKAAEALAAAAAABAAEAAAICTAEAOw==\" data-safe-src=\"data:image\/gif;base64,R0lGODlhAQABAIAAAP\/\/\/\/\/\/\/yH5BAEKAAEALAAAAAABAAEAAAICTAEAOw==\" \/><\/a><\/div><\/div><div id=\"envira-gallery-item-1333\" class=\"envira-gallery-item enviratope-item envira-gallery-item-3 envira-lazy-load\" style=\"padding-left: 5px; padding-bottom: 10px; padding-right: 5px;\"  itemscope itemtype=\"https:\/\/schema.org\/ImageObject\"><div class=\"envira-gallery-item-inner\"><div class=\"envira-gallery-position-overlay  envira-gallery-top-left\"><\/div><div class=\"envira-gallery-position-overlay  envira-gallery-top-right\"><\/div><div class=\"envira-gallery-position-overlay  envira-gallery-bottom-left\"><\/div><div class=\"envira-gallery-position-overlay  envira-gallery-bottom-right\"><\/div><a href=\"https:\/\/mlwq2qtlvxee.i.optimole.com\/w:auto\/h:auto\/q:mauto\/ig:avif\/https:\/\/iddef.eu\/wp-content\/uploads\/2024\/12\/2018_09_13_11_58_22_bQMCeXj6vFqKXXj.jpg\" class=\"envira-gallery-1079 envira-gallery-link\" rel=\"enviragallery1079\" title=\"2018_09_13_11_58_22_bQMCeXj6vFqKXXj\" data-envira-caption=\"2018_09_13_11_58_22_bQMCeXj6vFqKXXj\" data-envira-retina=\"\" data-thumbnail=\"\"  itemprop=\"contentUrl\"><img data-opt-id=581047412  decoding=\"async\" id=\"envira-gallery-image-1333\" class=\"envira-gallery-image envira-gallery-image-3 envira-normal envira-lazy\" data-envira-index=\"3\" src=\"https:\/\/mlwq2qtlvxee.i.optimole.com\/w:auto\/h:auto\/q:mauto\/ig:avif\/https:\/\/iddef.eu\/wp-content\/uploads\/2024\/12\/2018_09_13_11_58_22_bQMCeXj6vFqKXXj.jpg\" data-envira-src=\"https:\/\/mlwq2qtlvxee.i.optimole.com\/w:auto\/h:auto\/q:mauto\/ig:avif\/https:\/\/iddef.eu\/wp-content\/uploads\/2024\/12\/2018_09_13_11_58_22_bQMCeXj6vFqKXXj.jpg\" data-envira-gallery-id=\"1079\" data-envira-item-id=\"1333\" data-envira-caption=\"2018_09_13_11_58_22_bQMCeXj6vFqKXXj\" alt=\"\" title=\"2018_09_13_11_58_22_bQMCeXj6vFqKXXj\"  itemprop=\"thumbnailUrl\" data-envira-srcset=\"https:\/\/mlwq2qtlvxee.i.optimole.com\/w:auto\/h:auto\/q:mauto\/ig:avif\/https:\/\/iddef.eu\/wp-content\/uploads\/2024\/12\/2018_09_13_11_58_22_bQMCeXj6vFqKXXj.jpg 400w,https:\/\/mlwq2qtlvxee.i.optimole.com\/w:auto\/h:auto\/q:mauto\/ig:avif\/https:\/\/iddef.eu\/wp-content\/uploads\/2024\/12\/2018_09_13_11_58_22_bQMCeXj6vFqKXXj.jpg 2x\" data-envira-width=\"300\" data-envira-height=\"150\" srcset=\"data:image\/gif;base64,R0lGODlhAQABAIAAAP\/\/\/\/\/\/\/yH5BAEKAAEALAAAAAABAAEAAAICTAEAOw==\" data-safe-src=\"data:image\/gif;base64,R0lGODlhAQABAIAAAP\/\/\/\/\/\/\/yH5BAEKAAEALAAAAAABAAEAAAICTAEAOw==\" \/><\/a><\/div><\/div><div id=\"envira-gallery-item-1334\" class=\"envira-gallery-item enviratope-item envira-gallery-item-4 envira-lazy-load\" style=\"padding-left: 5px; padding-bottom: 10px; padding-right: 5px;\"  itemscope itemtype=\"https:\/\/schema.org\/ImageObject\"><div class=\"envira-gallery-item-inner\"><div class=\"envira-gallery-position-overlay  envira-gallery-top-left\"><\/div><div class=\"envira-gallery-position-overlay  envira-gallery-top-right\"><\/div><div class=\"envira-gallery-position-overlay  envira-gallery-bottom-left\"><\/div><div class=\"envira-gallery-position-overlay  envira-gallery-bottom-right\"><\/div><a href=\"https:\/\/mlwq2qtlvxee.i.optimole.com\/w:auto\/h:auto\/q:mauto\/ig:avif\/https:\/\/iddef.eu\/wp-content\/uploads\/2024\/12\/2018_09_13_12_07_37_3cLKlshvkGeiLtz.jpg\" class=\"envira-gallery-1079 envira-gallery-link\" rel=\"enviragallery1079\" title=\"2018_09_13_12_07_37_3cLKlshvkGeiLtz\" data-envira-caption=\"2018_09_13_12_07_37_3cLKlshvkGeiLtz\" data-envira-retina=\"\" data-thumbnail=\"\"  itemprop=\"contentUrl\"><img data-opt-id=250719507  decoding=\"async\" id=\"envira-gallery-image-1334\" class=\"envira-gallery-image envira-gallery-image-4 envira-normal envira-lazy\" data-envira-index=\"4\" src=\"https:\/\/mlwq2qtlvxee.i.optimole.com\/w:auto\/h:auto\/q:mauto\/ig:avif\/https:\/\/iddef.eu\/wp-content\/uploads\/2024\/12\/2018_09_13_12_07_37_3cLKlshvkGeiLtz.jpg\" data-envira-src=\"https:\/\/mlwq2qtlvxee.i.optimole.com\/w:auto\/h:auto\/q:mauto\/ig:avif\/https:\/\/iddef.eu\/wp-content\/uploads\/2024\/12\/2018_09_13_12_07_37_3cLKlshvkGeiLtz.jpg\" data-envira-gallery-id=\"1079\" data-envira-item-id=\"1334\" data-envira-caption=\"2018_09_13_12_07_37_3cLKlshvkGeiLtz\" alt=\"\" title=\"2018_09_13_12_07_37_3cLKlshvkGeiLtz\"  itemprop=\"thumbnailUrl\" data-envira-srcset=\"https:\/\/mlwq2qtlvxee.i.optimole.com\/w:auto\/h:auto\/q:mauto\/ig:avif\/https:\/\/iddef.eu\/wp-content\/uploads\/2024\/12\/2018_09_13_12_07_37_3cLKlshvkGeiLtz.jpg 400w,https:\/\/mlwq2qtlvxee.i.optimole.com\/w:auto\/h:auto\/q:mauto\/ig:avif\/https:\/\/iddef.eu\/wp-content\/uploads\/2024\/12\/2018_09_13_12_07_37_3cLKlshvkGeiLtz.jpg 2x\" data-envira-width=\"300\" data-envira-height=\"232\" srcset=\"data:image\/gif;base64,R0lGODlhAQABAIAAAP\/\/\/\/\/\/\/yH5BAEKAAEALAAAAAABAAEAAAICTAEAOw==\" data-safe-src=\"data:image\/gif;base64,R0lGODlhAQABAIAAAP\/\/\/\/\/\/\/yH5BAEKAAEALAAAAAABAAEAAAICTAEAOw==\" \/><\/a><\/div><\/div><\/div><\/div><noscript><img data-opt-id=1090162632  decoding=\"async\" src=\"https:\/\/mlwq2qtlvxee.i.optimole.com\/w:auto\/h:auto\/q:mauto\/ig:avif\/https:\/\/iddef.eu\/wp-content\/uploads\/2024\/12\/2018_09_13_12_04_48_hI5dCaitNz44BHt.jpg\" alt=\"\" \/><img data-opt-id=1026861658  decoding=\"async\" src=\"https:\/\/mlwq2qtlvxee.i.optimole.com\/w:auto\/h:auto\/q:mauto\/ig:avif\/https:\/\/iddef.eu\/wp-content\/uploads\/2024\/12\/2018_09_13_12_12_47_b6etjhPIzslNlnN.jpg\" alt=\"\" \/><img data-opt-id=581047412  decoding=\"async\" src=\"https:\/\/mlwq2qtlvxee.i.optimole.com\/w:auto\/h:auto\/q:mauto\/ig:avif\/https:\/\/iddef.eu\/wp-content\/uploads\/2024\/12\/2018_09_13_11_58_22_bQMCeXj6vFqKXXj.jpg\" alt=\"\" \/><img data-opt-id=250719507  decoding=\"async\" src=\"https:\/\/mlwq2qtlvxee.i.optimole.com\/w:auto\/h:auto\/q:mauto\/ig:avif\/https:\/\/iddef.eu\/wp-content\/uploads\/2024\/12\/2018_09_13_12_07_37_3cLKlshvkGeiLtz.jpg\" alt=\"\" \/><\/noscript><\/code><\/p>\n<\/div>\n\n\n\n<div class=\"wp-block-column is-layout-flow wp-block-column-is-layout-flow\" style=\"flex-basis:66.66%\">\n<p>Svaki musliman, mu\u0161karac, \u017eena i dijete islamske odrasle dobi, koji je slobodan, nastanjen i bogat, obavezan je (vad\u017eib alejh) \u017ertvovati \u017eivotinju na Blagdan \u017ertve. Osoba se smatra bogatom ako je njena imovina dostigla limit za sakupljanje (nis\u0101b) od 80 grama zlata. Pored gotovine i plemenitih metala, svi materijalni objekti poput ku\u0107e, automobila, zemlji\u0161ta i odobrenih kredita smatraju se imovinom, umanjeno za iznos potreban za \u017eivotne tro\u0161kove (ku\u0107a ili automobil).<\/p>\n\n\n\n<p>\u017drtva je materijalni Ibada (obo\u017eavanje) i spominje se u suri El-Had\u017e, 22:36-37 na sljede\u0107i na\u010din: <em>&quot;I Mi smo vam \u017ertvene deve u\u010dinili Allahovim simbolima. U njima ima dobra za vas. Zato spomenite Allahovo ime nad njima kada se poredaju. A kada padnu na bok, jedite od njih i nahranite sitne i siromahe. Tako smo ih vama u\u010dinili pokornima, da biste bili zahvalni.&quot;<\/em><\/p>\n\n\n\n<p>U jednoj od Poslanikovih izjava stoji: \u201eKo god si to mo\u017ee priu\u0161titi, a ne prinosi \u017ertvu, neka se ne pribli\u017eava na\u0161em bogomolji!\u201c (Ahmad b. Hanbal, 8273; Ibn Mace, Adahi, 2 (3123)<\/p>\n\n\n\n<p><em>Ni njihovo meso ni njihova krv ne dopiru do Allaha, ali do Njega dopire va\u0161a pobo\u017enost (takva). Tako ih je On u\u010dinio pokornima tebi, da bi slavio Allaha zbog onoga u \u010demu te je uputio. I donesi dobru vijest onima koji \u010dine dobro.\u201d<\/em><\/p>\n\n\n\n<p>Dok se ve\u0107ina \u017eivotinja kolje u komercijalne i li\u010dne svrhe, Kurban se kolje i u svrhu bogoslu\u017eenja i u dobrotvorne svrhe.<\/p>\n\n\n\n<p>Vrijednost ovog rituala se vi\u0161estruko pove\u0107ava kada se \u017ertveno meso donira siroma\u0161nima, siro\u010dadi i potrebitim u\u010denicima islamskih u\u010denja, \u010dime se doprinosi op\u0107em dobru.<\/p>\n<\/div>\n<\/div>\n\n\n\n<p><\/p>","protected":false},"excerpt":{"rendered":"<p>100\u20ac Jeder Muslim, Mann, Frau und islamisch vollj\u00e4hriges Kind, der\/die frei, sesshaft und wohlhabend ist, ist verpflichtet (w\u0101dschib alayh), am Opferfest ein Tier zu opfern. Als wohlhabend gilt, wenn das Verm\u00f6gen der Person die Erhebungsgrenze (nis\u0101b) 80g als Goldwert erreicht hat. Als Verm\u00f6gen gelten neben Bargeld und Edelmetalle auch alle [&hellip;]<\/p>\n","protected":false},"author":2,"featured_media":0,"parent":0,"menu_order":0,"comment_status":"closed","ping_status":"closed","template":"page-templates\/template-fullwidth.php","meta":{"footnotes":""},"class_list":["post-340","page","type-page","status-publish","hentry"],"_links":{"self":[{"href":"https:\/\/iddef.eu\/bs\/wp-json\/wp\/v2\/pages\/340","targetHints":{"allow":["GET"]}}],"collection":[{"href":"https:\/\/iddef.eu\/bs\/wp-json\/wp\/v2\/pages"}],"about":[{"href":"https:\/\/iddef.eu\/bs\/wp-json\/wp\/v2\/types\/page"}],"author":[{"embeddable":true,"href":"https:\/\/iddef.eu\/bs\/wp-json\/wp\/v2\/users\/2"}],"replies":[{"embeddable":true,"href":"https:\/\/iddef.eu\/bs\/wp-json\/wp\/v2\/comments?post=340"}],"version-history":[{"count":22,"href":"https:\/\/iddef.eu\/bs\/wp-json\/wp\/v2\/pages\/340\/revisions"}],"predecessor-version":[{"id":1415,"href":"https:\/\/iddef.eu\/bs\/wp-json\/wp\/v2\/pages\/340\/revisions\/1415"}],"wp:attachment":[{"href":"https:\/\/iddef.eu\/bs\/wp-json\/wp\/v2\/media?parent=340"}],"curies":[{"name":"wp","href":"https:\/\/api.w.org\/{rel}","templated":true}]}}