{"id":263,"date":"2024-09-24T15:15:18","date_gmt":"2024-09-24T12:15:18","guid":{"rendered":"https:\/\/iddef.eu\/?page_id=263"},"modified":"2025-01-16T10:30:05","modified_gmt":"2025-01-16T07:30:05","slug":"keffara-reueabgabe","status":"publish","type":"page","link":"https:\/\/iddef.eu\/bs\/keffara-reueabgabe\/","title":{"rendered":"Keffara porez na pokajanje"},"content":{"rendered":"<p>Im Fiqh (islamische Jurisprudenz) ist die Keffara (Reueabgabe) die allgemeine Bezeichnung f\u00fcr finanzielle oder physische Gottesdienste wie die Befreiung von Sklaven, die Reue-Fasten, die Speisung und Kleidung der Armen, wobei die Person, die gegen bestimmte Religionsverbote verst\u00f6\u00dft, sowohl f\u00fcr die Bestrafung als auch f\u00fcr die Bitte um Vergebung Allahs verantwortlich gemacht wird. Also vesteht man unter Keffara die gottesdienstliche Handlungen, die im Falle eines Versto\u00dfes gegen bestimmte religi\u00f6se Gebote vollbracht werden muss.<\/p>\n\n\n\n<p>Eine der Wichtigsten Keffara ist das Brechen des Fastens vor der D\u00e4mmerung ohne eine erlaubten Grund (u.a. lebensbedrohliche Krankheit). Als Keffara muss man 61 Tage ununterbrochen, bei Frauen ausser Menstruation, nachfassten, eine Umwandlung in Geldstrafe ist nicht m\u00f6glich.<\/p>\n\n\n\n<p>Wenn in Namen von Allah ein Schwur, bzw. ein Versprechen nicht eingehalten werden kann, bei dieser S\u00fcnde muss als Reue 10 bed\u00fcrftige Menschen f\u00fcr einen Tag oder einen Bed\u00fcrftigen f\u00fcr 10 Tage ern\u00e4hrt werden.<\/p>\n\n\n\n<p><code><div id=\"envira-gallery-wrap-1117\" class=\"envira-gallery-wrap envira-gallery-theme-base envira-lightbox-theme-base\" itemscope itemtype=\"https:\/\/schema.org\/ImageGallery\"><div data-row-height=\"150\" data-gallery-theme=\"normal\" id=\"envira-gallery-1117\" class=\"envira-gallery-public envira-gallery-justified-public envira-gallery-0-columns envira-clear enviratope envira-gallery-css-animations\" data-envira-columns=\"0\"><div id=\"envira-gallery-item-1211\" class=\"envira-gallery-item enviratope-item envira-gallery-item-1 envira-lazy-load\" style=\"padding-left: 5px; padding-bottom: 10px; padding-right: 5px;\"  itemscope itemtype=\"https:\/\/schema.org\/ImageObject\"><div class=\"envira-gallery-item-inner\"><div class=\"envira-gallery-position-overlay  envira-gallery-top-left\"><\/div><div class=\"envira-gallery-position-overlay  envira-gallery-top-right\"><\/div><div class=\"envira-gallery-position-overlay  envira-gallery-bottom-left\"><\/div><div class=\"envira-gallery-position-overlay  envira-gallery-bottom-right\"><\/div><a href=\"https:\/\/mlwq2qtlvxee.i.optimole.com\/w:auto\/h:auto\/q:mauto\/ig:avif\/https:\/\/iddef.eu\/wp-content\/uploads\/2024\/12\/2024_02_26_10_15_17_1eMAXXHy9R0j3Yw.jpg\" class=\"envira-gallery-1117 envira-gallery-link\" rel=\"enviragallery1117\" title=\"2024_02_26_10_15_17_1eMAXXHy9R0j3Yw\" data-envira-caption=\"2024_02_26_10_15_17_1eMAXXHy9R0j3Yw\" data-envira-retina=\"\" data-thumbnail=\"\"  itemprop=\"contentUrl\"><img data-opt-id=1406360900  fetchpriority=\"high\" decoding=\"async\" id=\"envira-gallery-image-1211\" class=\"envira-gallery-image envira-gallery-image-1 envira-normal envira-lazy\" data-envira-index=\"1\" src=\"https:\/\/mlwq2qtlvxee.i.optimole.com\/w:1024\/h:569\/q:mauto\/ig:avif\/https:\/\/iddef.eu\/wp-content\/uploads\/2024\/12\/2024_02_26_10_15_17_1eMAXXHy9R0j3Yw.jpg\" data-envira-src=\"https:\/\/mlwq2qtlvxee.i.optimole.com\/w:1024\/h:569\/q:mauto\/ig:avif\/https:\/\/iddef.eu\/wp-content\/uploads\/2024\/12\/2024_02_26_10_15_17_1eMAXXHy9R0j3Yw.jpg\" data-envira-gallery-id=\"1117\" data-envira-item-id=\"1211\" data-envira-caption=\"2024_02_26_10_15_17_1eMAXXHy9R0j3Yw\" alt=\"\" title=\"2024_02_26_10_15_17_1eMAXXHy9R0j3Yw\"  itemprop=\"thumbnailUrl\" data-envira-srcset=\"https:\/\/mlwq2qtlvxee.i.optimole.com\/w:1024\/h:569\/q:mauto\/ig:avif\/https:\/\/iddef.eu\/wp-content\/uploads\/2024\/12\/2024_02_26_10_15_17_1eMAXXHy9R0j3Yw.jpg 400w,https:\/\/mlwq2qtlvxee.i.optimole.com\/w:1024\/h:569\/q:mauto\/ig:avif\/https:\/\/iddef.eu\/wp-content\/uploads\/2024\/12\/2024_02_26_10_15_17_1eMAXXHy9R0j3Yw.jpg 2x\" data-envira-width=\"300\" data-envira-height=\"167\" srcset=\"data:image\/gif;base64,R0lGODlhAQABAIAAAP\/\/\/\/\/\/\/yH5BAEKAAEALAAAAAABAAEAAAICTAEAOw==\" data-safe-src=\"data:image\/gif;base64,R0lGODlhAQABAIAAAP\/\/\/\/\/\/\/yH5BAEKAAEALAAAAAABAAEAAAICTAEAOw==\" \/><\/a><\/div><\/div><div id=\"envira-gallery-item-1260\" class=\"envira-gallery-item enviratope-item envira-gallery-item-2 envira-lazy-load\" style=\"padding-left: 5px; padding-bottom: 10px; padding-right: 5px;\"  itemscope itemtype=\"https:\/\/schema.org\/ImageObject\"><div class=\"envira-gallery-item-inner\"><div class=\"envira-gallery-position-overlay  envira-gallery-top-left\"><\/div><div class=\"envira-gallery-position-overlay  envira-gallery-top-right\"><\/div><div class=\"envira-gallery-position-overlay  envira-gallery-bottom-left\"><\/div><div class=\"envira-gallery-position-overlay  envira-gallery-bottom-right\"><\/div><a href=\"https:\/\/mlwq2qtlvxee.i.optimole.com\/w:auto\/h:auto\/q:mauto\/ig:avif\/https:\/\/iddef.eu\/wp-content\/uploads\/2025\/01\/0F1A9813-scaled.jpg\" class=\"envira-gallery-1117 envira-gallery-link\" rel=\"enviragallery1117\" title=\"0F1A9813\" data-envira-caption=\"0F1A9813\" data-envira-retina=\"\" data-thumbnail=\"\"  itemprop=\"contentUrl\"><img data-opt-id=1296657514  fetchpriority=\"high\" decoding=\"async\" id=\"envira-gallery-image-1260\" class=\"envira-gallery-image envira-gallery-image-2 envira-normal envira-lazy\" data-envira-index=\"2\" src=\"https:\/\/mlwq2qtlvxee.i.optimole.com\/w:1024\/h:683\/q:mauto\/ig:avif\/https:\/\/iddef.eu\/wp-content\/uploads\/2025\/01\/0F1A9813.jpg\" data-envira-src=\"https:\/\/mlwq2qtlvxee.i.optimole.com\/w:1024\/h:683\/q:mauto\/ig:avif\/https:\/\/iddef.eu\/wp-content\/uploads\/2025\/01\/0F1A9813.jpg\" data-envira-gallery-id=\"1117\" data-envira-item-id=\"1260\" data-envira-caption=\"0F1A9813\" alt=\"\" title=\"0F1A9813\"  itemprop=\"thumbnailUrl\" data-envira-srcset=\"https:\/\/mlwq2qtlvxee.i.optimole.com\/w:1024\/h:683\/q:mauto\/ig:avif\/https:\/\/iddef.eu\/wp-content\/uploads\/2025\/01\/0F1A9813.jpg 400w,https:\/\/mlwq2qtlvxee.i.optimole.com\/w:1024\/h:683\/q:mauto\/ig:avif\/https:\/\/iddef.eu\/wp-content\/uploads\/2025\/01\/0F1A9813.jpg 2x\" data-envira-width=\"300\" data-envira-height=\"200\" srcset=\"data:image\/gif;base64,R0lGODlhAQABAIAAAP\/\/\/\/\/\/\/yH5BAEKAAEALAAAAAABAAEAAAICTAEAOw==\" data-safe-src=\"data:image\/gif;base64,R0lGODlhAQABAIAAAP\/\/\/\/\/\/\/yH5BAEKAAEALAAAAAABAAEAAAICTAEAOw==\" \/><\/a><\/div><\/div><div id=\"envira-gallery-item-1261\" class=\"envira-gallery-item enviratope-item envira-gallery-item-3 envira-lazy-load\" style=\"padding-left: 5px; padding-bottom: 10px; padding-right: 5px;\"  itemscope itemtype=\"https:\/\/schema.org\/ImageObject\"><div class=\"envira-gallery-item-inner\"><div class=\"envira-gallery-position-overlay  envira-gallery-top-left\"><\/div><div class=\"envira-gallery-position-overlay  envira-gallery-top-right\"><\/div><div class=\"envira-gallery-position-overlay  envira-gallery-bottom-left\"><\/div><div class=\"envira-gallery-position-overlay  envira-gallery-bottom-right\"><\/div><a href=\"https:\/\/mlwq2qtlvxee.i.optimole.com\/w:auto\/h:auto\/q:mauto\/ig:avif\/https:\/\/iddef.eu\/wp-content\/uploads\/2025\/01\/IMG_3966-scaled.jpg\" class=\"envira-gallery-1117 envira-gallery-link\" rel=\"enviragallery1117\" title=\"IMG_3966\" data-envira-caption=\"IMG_3966\" data-envira-retina=\"\" data-thumbnail=\"\"  itemprop=\"contentUrl\"><img data-opt-id=1810994730  decoding=\"async\" id=\"envira-gallery-image-1261\" class=\"envira-gallery-image envira-gallery-image-3 envira-normal envira-lazy\" data-envira-index=\"3\" src=\"https:\/\/mlwq2qtlvxee.i.optimole.com\/w:768\/h:1024\/q:mauto\/ig:avif\/https:\/\/iddef.eu\/wp-content\/uploads\/2025\/01\/IMG_3966.jpg\" data-envira-src=\"https:\/\/mlwq2qtlvxee.i.optimole.com\/w:768\/h:1024\/q:mauto\/ig:avif\/https:\/\/iddef.eu\/wp-content\/uploads\/2025\/01\/IMG_3966.jpg\" data-envira-gallery-id=\"1117\" data-envira-item-id=\"1261\" data-envira-caption=\"IMG_3966\" alt=\"\" title=\"IMG_3966\"  itemprop=\"thumbnailUrl\" data-envira-srcset=\"https:\/\/mlwq2qtlvxee.i.optimole.com\/w:768\/h:1024\/q:mauto\/ig:avif\/https:\/\/iddef.eu\/wp-content\/uploads\/2025\/01\/IMG_3966.jpg 400w,https:\/\/mlwq2qtlvxee.i.optimole.com\/w:768\/h:1024\/q:mauto\/ig:avif\/https:\/\/iddef.eu\/wp-content\/uploads\/2025\/01\/IMG_3966.jpg 2x\" data-envira-width=\"225\" data-envira-height=\"300\" srcset=\"data:image\/gif;base64,R0lGODlhAQABAIAAAP\/\/\/\/\/\/\/yH5BAEKAAEALAAAAAABAAEAAAICTAEAOw==\" data-safe-src=\"data:image\/gif;base64,R0lGODlhAQABAIAAAP\/\/\/\/\/\/\/yH5BAEKAAEALAAAAAABAAEAAAICTAEAOw==\" \/><\/a><\/div><\/div><div id=\"envira-gallery-item-1262\" class=\"envira-gallery-item enviratope-item envira-gallery-item-4 envira-lazy-load\" style=\"padding-left: 5px; padding-bottom: 10px; padding-right: 5px;\"  itemscope itemtype=\"https:\/\/schema.org\/ImageObject\"><div class=\"envira-gallery-item-inner\"><div class=\"envira-gallery-position-overlay  envira-gallery-top-left\"><\/div><div class=\"envira-gallery-position-overlay  envira-gallery-top-right\"><\/div><div class=\"envira-gallery-position-overlay  envira-gallery-bottom-left\"><\/div><div class=\"envira-gallery-position-overlay  envira-gallery-bottom-right\"><\/div><a href=\"https:\/\/mlwq2qtlvxee.i.optimole.com\/w:auto\/h:auto\/q:mauto\/ig:avif\/https:\/\/iddef.eu\/wp-content\/uploads\/2025\/01\/MSAA7906-scaled.jpg\" class=\"envira-gallery-1117 envira-gallery-link\" rel=\"enviragallery1117\" title=\"MSAA7906\" data-envira-caption=\"MSAA7906\" data-envira-retina=\"\" data-thumbnail=\"\"  itemprop=\"contentUrl\"><img data-opt-id=1749152475  decoding=\"async\" id=\"envira-gallery-image-1262\" class=\"envira-gallery-image envira-gallery-image-4 envira-normal envira-lazy\" data-envira-index=\"4\" src=\"https:\/\/mlwq2qtlvxee.i.optimole.com\/w:1024\/h:683\/q:mauto\/ig:avif\/https:\/\/iddef.eu\/wp-content\/uploads\/2025\/01\/MSAA7906.jpg\" data-envira-src=\"https:\/\/mlwq2qtlvxee.i.optimole.com\/w:1024\/h:683\/q:mauto\/ig:avif\/https:\/\/iddef.eu\/wp-content\/uploads\/2025\/01\/MSAA7906.jpg\" data-envira-gallery-id=\"1117\" data-envira-item-id=\"1262\" data-envira-caption=\"MSAA7906\" alt=\"\" title=\"MSAA7906\"  itemprop=\"thumbnailUrl\" data-envira-srcset=\"https:\/\/mlwq2qtlvxee.i.optimole.com\/w:1024\/h:683\/q:mauto\/ig:avif\/https:\/\/iddef.eu\/wp-content\/uploads\/2025\/01\/MSAA7906.jpg 400w,https:\/\/mlwq2qtlvxee.i.optimole.com\/w:1024\/h:683\/q:mauto\/ig:avif\/https:\/\/iddef.eu\/wp-content\/uploads\/2025\/01\/MSAA7906.jpg 2x\" data-envira-width=\"300\" data-envira-height=\"200\" srcset=\"data:image\/gif;base64,R0lGODlhAQABAIAAAP\/\/\/\/\/\/\/yH5BAEKAAEALAAAAAABAAEAAAICTAEAOw==\" data-safe-src=\"data:image\/gif;base64,R0lGODlhAQABAIAAAP\/\/\/\/\/\/\/yH5BAEKAAEALAAAAAABAAEAAAICTAEAOw==\" \/><\/a><\/div><\/div><\/div><\/div><noscript><img data-opt-id=163842339  decoding=\"async\" src=\"https:\/\/mlwq2qtlvxee.i.optimole.com\/w:auto\/h:auto\/q:mauto\/ig:avif\/https:\/\/iddef.eu\/wp-content\/uploads\/2024\/12\/2024_02_26_10_15_17_1eMAXXHy9R0j3Yw.jpg\" alt=\"\" \/><img data-opt-id=2087227510  decoding=\"async\" src=\"https:\/\/mlwq2qtlvxee.i.optimole.com\/w:auto\/h:auto\/q:mauto\/ig:avif\/https:\/\/iddef.eu\/wp-content\/uploads\/2025\/01\/0F1A9813-scaled.jpg\" alt=\"\" \/><img data-opt-id=1925801757  decoding=\"async\" src=\"https:\/\/mlwq2qtlvxee.i.optimole.com\/w:auto\/h:auto\/q:mauto\/ig:avif\/https:\/\/iddef.eu\/wp-content\/uploads\/2025\/01\/IMG_3966-scaled.jpg\" alt=\"\" \/><img data-opt-id=1861825023  decoding=\"async\" src=\"https:\/\/mlwq2qtlvxee.i.optimole.com\/w:auto\/h:auto\/q:mauto\/ig:avif\/https:\/\/iddef.eu\/wp-content\/uploads\/2025\/01\/MSAA7906-scaled.jpg\" alt=\"\" \/><\/noscript><\/code><\/p>\n\n\n\n<p><\/p>","protected":false},"excerpt":{"rendered":"<p>Im Fiqh (islamische Jurisprudenz) ist die Keffara (Reueabgabe) die allgemeine Bezeichnung f\u00fcr finanzielle oder physische Gottesdienste wie die Befreiung von Sklaven, die Reue-Fasten, die Speisung und Kleidung der Armen, wobei die Person, die gegen bestimmte Religionsverbote verst\u00f6\u00dft, sowohl f\u00fcr die Bestrafung als auch f\u00fcr die Bitte um Vergebung Allahs verantwortlich [&hellip;]<\/p>\n","protected":false},"author":2,"featured_media":0,"parent":0,"menu_order":0,"comment_status":"closed","ping_status":"closed","template":"","meta":{"footnotes":""},"class_list":["post-263","page","type-page","status-publish","hentry"],"_links":{"self":[{"href":"https:\/\/iddef.eu\/bs\/wp-json\/wp\/v2\/pages\/263","targetHints":{"allow":["GET"]}}],"collection":[{"href":"https:\/\/iddef.eu\/bs\/wp-json\/wp\/v2\/pages"}],"about":[{"href":"https:\/\/iddef.eu\/bs\/wp-json\/wp\/v2\/types\/page"}],"author":[{"embeddable":true,"href":"https:\/\/iddef.eu\/bs\/wp-json\/wp\/v2\/users\/2"}],"replies":[{"embeddable":true,"href":"https:\/\/iddef.eu\/bs\/wp-json\/wp\/v2\/comments?post=263"}],"version-history":[{"count":7,"href":"https:\/\/iddef.eu\/bs\/wp-json\/wp\/v2\/pages\/263\/revisions"}],"predecessor-version":[{"id":1438,"href":"https:\/\/iddef.eu\/bs\/wp-json\/wp\/v2\/pages\/263\/revisions\/1438"}],"wp:attachment":[{"href":"https:\/\/iddef.eu\/bs\/wp-json\/wp\/v2\/media?parent=263"}],"curies":[{"name":"wp","href":"https:\/\/api.w.org\/{rel}","templated":true}]}}