{"id":260,"date":"2024-09-24T15:15:18","date_gmt":"2024-09-24T12:15:18","guid":{"rendered":"https:\/\/iddef.eu\/?page_id=260"},"modified":"2025-01-16T10:13:45","modified_gmt":"2025-01-16T07:13:45","slug":"zekat-almosenabgabe","status":"publish","type":"page","link":"https:\/\/iddef.eu\/bs\/zekat-almosenabgabe\/","title":{"rendered":"Zekat porez na milostinju"},"content":{"rendered":"<p>Die Zakat, bzw Almosensteuer ist die dritte S\u00e4ule des Islam und bildet somit die Grundlage des Glaubens. Daher ist es ein obligatorisch (verpflichtend) f\u00fcr jeden Muslim, der mehr als ein bestimmtes Verm\u00f6gen (Nisab Betrag) verf\u00fcgt, <\/p>\n\n\n\n<p>Jeder Muslim, der seit mindestens einem islamischen Jahr \u00fcber ein Verm\u00f6gen verf\u00fcgt, welches \u00fcber dem Nisab liegt, muss den Zakat berechnen und bezahlen.&nbsp;Ihr Zakat-Jahr beginnt an dem Datum, an dem Ihr Verm\u00f6gen zum ersten Mal den Nisab Wert erreichte oder \u00fcberstieg. Die meisten Muslimen nehmen den Fastenmonat Ramadan als den Stichtag, bzw. -monat an. <\/p>\n\n\n\n<p>Der Nisab ist das Mindestverm\u00f6gen, das Sie besitzen m\u00fcssen, um Zakat zu zahlen. <\/p>\n\n\n\n<p>Der Nisab wurde, bei den Osmanen, mit 96 Gramm Gold gleichgesetzt. <br>Es existiert auch andere Gewichtsangaben, die wir nicht leugnen k\u00f6nnen, diese unterschiede kommen daher, dass der Propheten Muhammed (Allahs Segen und Frieden \u00fcber Ihn) den Nisab mit 20 Miskal (Gerstenkorn) definiert hat und die Gr\u00f6\u00dfe und Gewicht eines Gerstenkorns variieren kann. <\/p>\n\n\n\n<p>Unser Zakat-Rechner ber\u00fccksichtigt automatisch die aktuellsten Tageskurse.<\/p>\n\n\n\n<p><code><div id=\"envira-gallery-wrap-1088\" class=\"envira-gallery-wrap envira-gallery-theme-base envira-lightbox-theme-base\" itemscope itemtype=\"https:\/\/schema.org\/ImageGallery\"><div data-row-height=\"150\" data-gallery-theme=\"normal\" id=\"envira-gallery-1088\" class=\"envira-gallery-public envira-gallery-justified-public envira-gallery-0-columns envira-clear enviratope envira-gallery-css-animations\" data-envira-columns=\"0\"><div id=\"envira-gallery-item-1303\" class=\"envira-gallery-item enviratope-item envira-gallery-item-1 envira-lazy-load\" style=\"padding-left: 5px; padding-bottom: 10px; padding-right: 5px;\"  itemscope itemtype=\"https:\/\/schema.org\/ImageObject\"><div class=\"envira-gallery-item-inner\"><div class=\"envira-gallery-position-overlay  envira-gallery-top-left\"><\/div><div class=\"envira-gallery-position-overlay  envira-gallery-top-right\"><\/div><div class=\"envira-gallery-position-overlay  envira-gallery-bottom-left\"><\/div><div class=\"envira-gallery-position-overlay  envira-gallery-bottom-right\"><\/div><a href=\"https:\/\/mlwq2qtlvxee.i.optimole.com\/w:auto\/h:auto\/q:mauto\/ig:avif\/https:\/\/iddef.eu\/wp-content\/uploads\/2024\/12\/2021_03_11_21_53_42_DPw1oirvgD7yxh5-1.jpg\" class=\"envira-gallery-1088 envira-gallery-link\" rel=\"enviragallery1088\" title=\"2021_03_11_21_53_42_DPw1oirvgD7yxh5\" data-envira-caption=\"2021_03_11_21_53_42_DPw1oirvgD7yxh5\" data-envira-retina=\"\" data-thumbnail=\"\"  itemprop=\"contentUrl\"><img data-opt-id=1652079947  fetchpriority=\"high\" decoding=\"async\" id=\"envira-gallery-image-1303\" class=\"envira-gallery-image envira-gallery-image-1 envira-normal envira-lazy\" data-envira-index=\"1\" src=\"https:\/\/mlwq2qtlvxee.i.optimole.com\/w:auto\/h:auto\/q:mauto\/ig:avif\/https:\/\/iddef.eu\/wp-content\/uploads\/2024\/12\/2021_03_11_21_53_42_DPw1oirvgD7yxh5-1.jpg\" data-envira-src=\"https:\/\/mlwq2qtlvxee.i.optimole.com\/w:auto\/h:auto\/q:mauto\/ig:avif\/https:\/\/iddef.eu\/wp-content\/uploads\/2024\/12\/2021_03_11_21_53_42_DPw1oirvgD7yxh5-1.jpg\" data-envira-gallery-id=\"1088\" data-envira-item-id=\"1303\" data-envira-caption=\"2021_03_11_21_53_42_DPw1oirvgD7yxh5\" alt=\"\" title=\"2021_03_11_21_53_42_DPw1oirvgD7yxh5\"  itemprop=\"thumbnailUrl\" data-envira-srcset=\"https:\/\/mlwq2qtlvxee.i.optimole.com\/w:auto\/h:auto\/q:mauto\/ig:avif\/https:\/\/iddef.eu\/wp-content\/uploads\/2024\/12\/2021_03_11_21_53_42_DPw1oirvgD7yxh5-1.jpg 400w,https:\/\/mlwq2qtlvxee.i.optimole.com\/w:auto\/h:auto\/q:mauto\/ig:avif\/https:\/\/iddef.eu\/wp-content\/uploads\/2024\/12\/2021_03_11_21_53_42_DPw1oirvgD7yxh5-1.jpg 2x\" data-envira-width=\"300\" data-envira-height=\"200\" srcset=\"data:image\/gif;base64,R0lGODlhAQABAIAAAP\/\/\/\/\/\/\/yH5BAEKAAEALAAAAAABAAEAAAICTAEAOw==\" data-safe-src=\"data:image\/gif;base64,R0lGODlhAQABAIAAAP\/\/\/\/\/\/\/yH5BAEKAAEALAAAAAABAAEAAAICTAEAOw==\" \/><\/a><\/div><\/div><div id=\"envira-gallery-item-1304\" class=\"envira-gallery-item enviratope-item envira-gallery-item-2 envira-lazy-load\" style=\"padding-left: 5px; padding-bottom: 10px; padding-right: 5px;\"  itemscope itemtype=\"https:\/\/schema.org\/ImageObject\"><div class=\"envira-gallery-item-inner\"><div class=\"envira-gallery-position-overlay  envira-gallery-top-left\"><\/div><div class=\"envira-gallery-position-overlay  envira-gallery-top-right\"><\/div><div class=\"envira-gallery-position-overlay  envira-gallery-bottom-left\"><\/div><div class=\"envira-gallery-position-overlay  envira-gallery-bottom-right\"><\/div><a href=\"https:\/\/mlwq2qtlvxee.i.optimole.com\/w:auto\/h:auto\/q:mauto\/ig:avif\/https:\/\/iddef.eu\/wp-content\/uploads\/2024\/12\/Etiyopya-2019-1-scaled.jpg\" class=\"envira-gallery-1088 envira-gallery-link\" rel=\"enviragallery1088\" title=\"Etiyopya 2019-1\" data-envira-caption=\"Etiyopya 2019-1\" data-envira-retina=\"\" data-thumbnail=\"\"  itemprop=\"contentUrl\"><img data-opt-id=412412285  fetchpriority=\"high\" decoding=\"async\" id=\"envira-gallery-image-1304\" class=\"envira-gallery-image envira-gallery-image-2 envira-normal envira-lazy\" data-envira-index=\"2\" src=\"https:\/\/mlwq2qtlvxee.i.optimole.com\/w:1024\/h:683\/q:mauto\/ig:avif\/https:\/\/iddef.eu\/wp-content\/uploads\/2024\/12\/Etiyopya-2019-1.jpg\" data-envira-src=\"https:\/\/mlwq2qtlvxee.i.optimole.com\/w:1024\/h:683\/q:mauto\/ig:avif\/https:\/\/iddef.eu\/wp-content\/uploads\/2024\/12\/Etiyopya-2019-1.jpg\" data-envira-gallery-id=\"1088\" data-envira-item-id=\"1304\" data-envira-caption=\"Etiyopya 2019-1\" alt=\"\" title=\"Etiyopya 2019-1\"  itemprop=\"thumbnailUrl\" data-envira-srcset=\"https:\/\/mlwq2qtlvxee.i.optimole.com\/w:1024\/h:683\/q:mauto\/ig:avif\/https:\/\/iddef.eu\/wp-content\/uploads\/2024\/12\/Etiyopya-2019-1.jpg 400w,https:\/\/mlwq2qtlvxee.i.optimole.com\/w:1024\/h:683\/q:mauto\/ig:avif\/https:\/\/iddef.eu\/wp-content\/uploads\/2024\/12\/Etiyopya-2019-1.jpg 2x\" data-envira-width=\"300\" data-envira-height=\"200\" srcset=\"data:image\/gif;base64,R0lGODlhAQABAIAAAP\/\/\/\/\/\/\/yH5BAEKAAEALAAAAAABAAEAAAICTAEAOw==\" data-safe-src=\"data:image\/gif;base64,R0lGODlhAQABAIAAAP\/\/\/\/\/\/\/yH5BAEKAAEALAAAAAABAAEAAAICTAEAOw==\" \/><\/a><\/div><\/div><div id=\"envira-gallery-item-1305\" class=\"envira-gallery-item enviratope-item envira-gallery-item-3 envira-lazy-load\" style=\"padding-left: 5px; padding-bottom: 10px; padding-right: 5px;\"  itemscope itemtype=\"https:\/\/schema.org\/ImageObject\"><div class=\"envira-gallery-item-inner\"><div class=\"envira-gallery-position-overlay  envira-gallery-top-left\"><\/div><div class=\"envira-gallery-position-overlay  envira-gallery-top-right\"><\/div><div class=\"envira-gallery-position-overlay  envira-gallery-bottom-left\"><\/div><div class=\"envira-gallery-position-overlay  envira-gallery-bottom-right\"><\/div><a href=\"https:\/\/mlwq2qtlvxee.i.optimole.com\/w:auto\/h:auto\/q:mauto\/ig:avif\/https:\/\/iddef.eu\/wp-content\/uploads\/2024\/12\/Etiyopya-2019-4-scaled.jpg\" class=\"envira-gallery-1088 envira-gallery-link\" rel=\"enviragallery1088\" title=\"Etiyopya 2019-4\" data-envira-caption=\"Etiyopya 2019-4\" data-envira-retina=\"\" data-thumbnail=\"\"  itemprop=\"contentUrl\"><img data-opt-id=784073469  decoding=\"async\" id=\"envira-gallery-image-1305\" class=\"envira-gallery-image envira-gallery-image-3 envira-normal envira-lazy\" data-envira-index=\"3\" src=\"https:\/\/mlwq2qtlvxee.i.optimole.com\/w:1024\/h:683\/q:mauto\/ig:avif\/https:\/\/iddef.eu\/wp-content\/uploads\/2024\/12\/Etiyopya-2019-4.jpg\" data-envira-src=\"https:\/\/mlwq2qtlvxee.i.optimole.com\/w:1024\/h:683\/q:mauto\/ig:avif\/https:\/\/iddef.eu\/wp-content\/uploads\/2024\/12\/Etiyopya-2019-4.jpg\" data-envira-gallery-id=\"1088\" data-envira-item-id=\"1305\" data-envira-caption=\"Etiyopya 2019-4\" alt=\"\" title=\"Etiyopya 2019-4\"  itemprop=\"thumbnailUrl\" data-envira-srcset=\"https:\/\/mlwq2qtlvxee.i.optimole.com\/w:1024\/h:683\/q:mauto\/ig:avif\/https:\/\/iddef.eu\/wp-content\/uploads\/2024\/12\/Etiyopya-2019-4.jpg 400w,https:\/\/mlwq2qtlvxee.i.optimole.com\/w:1024\/h:683\/q:mauto\/ig:avif\/https:\/\/iddef.eu\/wp-content\/uploads\/2024\/12\/Etiyopya-2019-4.jpg 2x\" data-envira-width=\"300\" data-envira-height=\"200\" srcset=\"data:image\/gif;base64,R0lGODlhAQABAIAAAP\/\/\/\/\/\/\/yH5BAEKAAEALAAAAAABAAEAAAICTAEAOw==\" data-safe-src=\"data:image\/gif;base64,R0lGODlhAQABAIAAAP\/\/\/\/\/\/\/yH5BAEKAAEALAAAAAABAAEAAAICTAEAOw==\" \/><\/a><\/div><\/div><div id=\"envira-gallery-item-1306\" class=\"envira-gallery-item enviratope-item envira-gallery-item-4 envira-lazy-load\" style=\"padding-left: 5px; padding-bottom: 10px; padding-right: 5px;\"  itemscope itemtype=\"https:\/\/schema.org\/ImageObject\"><div class=\"envira-gallery-item-inner\"><div class=\"envira-gallery-position-overlay  envira-gallery-top-left\"><\/div><div class=\"envira-gallery-position-overlay  envira-gallery-top-right\"><\/div><div class=\"envira-gallery-position-overlay  envira-gallery-bottom-left\"><\/div><div class=\"envira-gallery-position-overlay  envira-gallery-bottom-right\"><\/div><a href=\"https:\/\/mlwq2qtlvxee.i.optimole.com\/w:auto\/h:auto\/q:mauto\/ig:avif\/https:\/\/iddef.eu\/wp-content\/uploads\/2024\/12\/2022_04_17_18_40_41_YK6NTK9rhfrjTwN-scaled.jpg\" class=\"envira-gallery-1088 envira-gallery-link\" rel=\"enviragallery1088\" title=\"2022_04_17_18_40_41_YK6NTK9rhfrjTwN\" data-envira-caption=\"2022_04_17_18_40_41_YK6NTK9rhfrjTwN\" data-envira-retina=\"\" data-thumbnail=\"\"  itemprop=\"contentUrl\"><img data-opt-id=662301004  decoding=\"async\" id=\"envira-gallery-image-1306\" class=\"envira-gallery-image envira-gallery-image-4 envira-normal envira-lazy\" data-envira-index=\"4\" src=\"https:\/\/mlwq2qtlvxee.i.optimole.com\/w:1024\/h:683\/q:mauto\/ig:avif\/https:\/\/iddef.eu\/wp-content\/uploads\/2024\/12\/2022_04_17_18_40_41_YK6NTK9rhfrjTwN.jpg\" data-envira-src=\"https:\/\/mlwq2qtlvxee.i.optimole.com\/w:1024\/h:683\/q:mauto\/ig:avif\/https:\/\/iddef.eu\/wp-content\/uploads\/2024\/12\/2022_04_17_18_40_41_YK6NTK9rhfrjTwN.jpg\" data-envira-gallery-id=\"1088\" data-envira-item-id=\"1306\" data-envira-caption=\"2022_04_17_18_40_41_YK6NTK9rhfrjTwN\" alt=\"\" title=\"2022_04_17_18_40_41_YK6NTK9rhfrjTwN\"  itemprop=\"thumbnailUrl\" data-envira-srcset=\"https:\/\/mlwq2qtlvxee.i.optimole.com\/w:1024\/h:683\/q:mauto\/ig:avif\/https:\/\/iddef.eu\/wp-content\/uploads\/2024\/12\/2022_04_17_18_40_41_YK6NTK9rhfrjTwN.jpg 400w,https:\/\/mlwq2qtlvxee.i.optimole.com\/w:1024\/h:683\/q:mauto\/ig:avif\/https:\/\/iddef.eu\/wp-content\/uploads\/2024\/12\/2022_04_17_18_40_41_YK6NTK9rhfrjTwN.jpg 2x\" data-envira-width=\"300\" data-envira-height=\"200\" srcset=\"data:image\/gif;base64,R0lGODlhAQABAIAAAP\/\/\/\/\/\/\/yH5BAEKAAEALAAAAAABAAEAAAICTAEAOw==\" data-safe-src=\"data:image\/gif;base64,R0lGODlhAQABAIAAAP\/\/\/\/\/\/\/yH5BAEKAAEALAAAAAABAAEAAAICTAEAOw==\" \/><\/a><\/div><\/div><\/div><\/div><noscript><img data-opt-id=1652079947  decoding=\"async\" src=\"https:\/\/mlwq2qtlvxee.i.optimole.com\/w:auto\/h:auto\/q:mauto\/ig:avif\/https:\/\/iddef.eu\/wp-content\/uploads\/2024\/12\/2021_03_11_21_53_42_DPw1oirvgD7yxh5-1.jpg\" alt=\"\" \/><img data-opt-id=1097182650  decoding=\"async\" src=\"https:\/\/mlwq2qtlvxee.i.optimole.com\/w:auto\/h:auto\/q:mauto\/ig:avif\/https:\/\/iddef.eu\/wp-content\/uploads\/2024\/12\/Etiyopya-2019-1-scaled.jpg\" alt=\"\" \/><img data-opt-id=1968135379  decoding=\"async\" src=\"https:\/\/mlwq2qtlvxee.i.optimole.com\/w:auto\/h:auto\/q:mauto\/ig:avif\/https:\/\/iddef.eu\/wp-content\/uploads\/2024\/12\/Etiyopya-2019-4-scaled.jpg\" alt=\"\" \/><img data-opt-id=1333766024  decoding=\"async\" src=\"https:\/\/mlwq2qtlvxee.i.optimole.com\/w:auto\/h:auto\/q:mauto\/ig:avif\/https:\/\/iddef.eu\/wp-content\/uploads\/2024\/12\/2022_04_17_18_40_41_YK6NTK9rhfrjTwN-scaled.jpg\" alt=\"\" \/><\/noscript><\/code><\/p>","protected":false},"excerpt":{"rendered":"<p>Die Zakat, bzw Almosensteuer ist die dritte S\u00e4ule des Islam und bildet somit die Grundlage des Glaubens. Daher ist es ein obligatorisch (verpflichtend) f\u00fcr jeden Muslim, der mehr als ein bestimmtes Verm\u00f6gen (Nisab Betrag) verf\u00fcgt, Jeder Muslim, der seit mindestens einem islamischen Jahr \u00fcber ein Verm\u00f6gen verf\u00fcgt, welches \u00fcber dem [&hellip;]<\/p>\n","protected":false},"author":2,"featured_media":0,"parent":0,"menu_order":0,"comment_status":"closed","ping_status":"closed","template":"","meta":{"footnotes":""},"class_list":["post-260","page","type-page","status-publish","hentry"],"_links":{"self":[{"href":"https:\/\/iddef.eu\/bs\/wp-json\/wp\/v2\/pages\/260","targetHints":{"allow":["GET"]}}],"collection":[{"href":"https:\/\/iddef.eu\/bs\/wp-json\/wp\/v2\/pages"}],"about":[{"href":"https:\/\/iddef.eu\/bs\/wp-json\/wp\/v2\/types\/page"}],"author":[{"embeddable":true,"href":"https:\/\/iddef.eu\/bs\/wp-json\/wp\/v2\/users\/2"}],"replies":[{"embeddable":true,"href":"https:\/\/iddef.eu\/bs\/wp-json\/wp\/v2\/comments?post=260"}],"version-history":[{"count":6,"href":"https:\/\/iddef.eu\/bs\/wp-json\/wp\/v2\/pages\/260\/revisions"}],"predecessor-version":[{"id":1422,"href":"https:\/\/iddef.eu\/bs\/wp-json\/wp\/v2\/pages\/260\/revisions\/1422"}],"wp:attachment":[{"href":"https:\/\/iddef.eu\/bs\/wp-json\/wp\/v2\/media?parent=260"}],"curies":[{"name":"wp","href":"https:\/\/api.w.org\/{rel}","templated":true}]}}